{"id":813,"date":"2023-04-04T10:03:55","date_gmt":"2023-04-04T08:03:55","guid":{"rendered":"https:\/\/www.bordeaux-citytours.com\/?page_id=813"},"modified":"2023-04-07T15:19:08","modified_gmt":"2023-04-07T13:19:08","slug":"visiter-bordeaux-sous-la-pluie","status":"publish","type":"page","link":"https:\/\/www.bordeaux-citytours.com\/fr\/visiter-bordeaux\/visiter-bordeaux-sous-la-pluie\/","title":{"rendered":"Visiter Bordeaux sous la pluie"},"content":{"rendered":"<h1>Les raisons pour lesquelles vous devriez visiter Bordeaux sous la pluie<\/h1>\n<p><strong>Bordeaux, capitale de la r\u00e9gion du Sud-Ouest de la France<\/strong>, est l&rsquo;une des villes les plus charmantes et les plus romantiques du pays. Elle abrite \u00e9galement certains des meilleurs vins du monde et permet aux visiteurs de d\u00e9couvrir tout ce que Bordeaux \u00e0 offrir en termes d&rsquo;histoire et de culture moderne. Il y a tant de raisons pour lesquelles vous devriez visiter Bordeaux ! <strong>La pluie s&rsquo;invite lors de votre s\u00e9jour \u00e0 Bordeaux ?<\/strong> Ne vous inqui\u00e9tez pas, nous vous avons trouv\u00e9 de nombreuses activit\u00e9s \u00e0 faire lors des jours de pluie. Bien-s\u00fbr, n&rsquo;h\u00e9sitez pas \u00e0 faire un tour de Bordeaux, \u00e0 l&rsquo;abri dans nos bus Visiotour ! Vous y apprendrez toute l&rsquo;histoire de la ville tout en \u00e9tant au sec ! <a href=\"https:\/\/www.bordeaux-citytours.com\/fr\/les-city-tours\/bordeaux-visiotour\/\">D\u00e9couvrez nos offres d\u00e8s \u00e0 pr\u00e9sent<\/a> !<\/p>\n<h2>Vous pourrez d\u00e9guster les sp\u00e9cialit\u00e9s locales<\/h2>\n<p>L&rsquo;une des meilleures raisons de visiter Bordeaux sous la pluie est de pouvoir <strong>d\u00e9guster des sp\u00e9cialit\u00e9s locales<\/strong>. Contrairement \u00e0 de nombreux autres pays producteurs de vin, Bordeaux produit une vari\u00e9t\u00e9 d&rsquo;aliments autres que le vin. Les sp\u00e9cialit\u00e9s locales comprennent, le foie gras et divers fruits de mer, des fromages locaux et les confitures, entre autres. D\u00e9couvrez \u00e9galement, les diff\u00e9rentes halles dont dispose la ville. Des <strong>halles de Bacalan<\/strong> en passant par les <strong>halles de Talence<\/strong>, vous aurez le choix pour trouver un bistrot ou un comptoir afin de vous restaurer. Seul ou entre amis, vous y trouverez forc\u00e9ment votre bonheur\u00a0!<\/p>\n<h2>Vous verrez la ville sous son aspect le plus pittoresque<\/h2>\n<p><img loading=\"lazy\" decoding=\"async\" class=\"wp-image-832 alignright\" src=\"https:\/\/www.bordeaux-citytours.com\/wp-content\/uploads\/2023\/03\/my-project-11-1-300x200.png\" alt=\"vue de bordeaux de nuit \" width=\"500\" height=\"333\" srcset=\"https:\/\/www.bordeaux-citytours.com\/wp-content\/uploads\/2023\/03\/my-project-11-1-300x200.png 300w, https:\/\/www.bordeaux-citytours.com\/wp-content\/uploads\/2023\/03\/my-project-11-1-768x512.png 768w, https:\/\/www.bordeaux-citytours.com\/wp-content\/uploads\/2023\/03\/my-project-11-1.png 990w\" sizes=\"auto, (max-width: 500px) 100vw, 500px\" \/><\/p>\n<p>Vous avez pr\u00e9vu de vous rendre \u00e0 Bordeaux mais la m\u00e9t\u00e9o n\u2019est pas au rendez-vous ? D\u00e9couvrez la ville sous un autre \u0153il, avec Bordeaux City Tours et leur bus imp\u00e9rial ! Vous parcourez la ville en bus et vous d\u00e9couvrirez certains des sites les plus embl\u00e9matiques de la ville, comme le Grand Th\u00e9\u00e2tre, qui arbore la place de la Com\u00e9die, la c\u00e9l\u00e8bre Place de la Bourse ou encore la Basilique Saint-Michel. N\u2019h\u00e9sitez pas \u00e0 d\u00e9couvrir l\u2019offre Visiotour qui vous emm\u00e8nera dans <strong>les lieux incontournables de votre ville bordelaise<\/strong>\u00a0!<\/p>\n<h2>Vous serez expos\u00e9 \u00e0 la culture fran\u00e7aise<\/h2>\n<p><strong>La culture fran\u00e7aise est un attrait majeur de tout voyage \u00e0 Bordeaux<\/strong>. En effet vous d\u00e9couvrirez de nombreux mus\u00e9es \u00e0 visiter. Comme par exemple, le Mus\u00e9um de Bordeaux qui met en lumi\u00e8re l\u2019histoire naturelle, selon les continents et les animaux qui y r\u00e9sident. Si vous pr\u00e9f\u00e9rez les \u0153uvres d\u2019arts, de type peinture, le Mus\u00e9e des Beaux-Arts est id\u00e9al.<\/p>\n<p>Pour des repr\u00e9sentations artistiques plus modernes, on vous propose de <strong>d\u00e9couvrir le Bassin des Lumi\u00e8res qui proj\u00e8te des expositions murales<\/strong>, sur diff\u00e9rents th\u00e8mes. Si vous venez en <a href=\"https:\/\/www.bordeaux-citytours.com\/visiter-bordeaux\/visiter-bordeaux-en-famille\/\">famille d\u00e9couvrir Bordeaux,<\/a> <a href=\"https:\/\/www.bordeaux-citytours.com\/patrimoine\/cap-sciences\/\">Cap-Sciences<\/a> vous propose des exp\u00e9riences, qui plairont aussi bien aux petits comme aux grands.<\/p>\n<h2>Les meilleurs vins sont produits sous la pluie<\/h2>\n<p>Si vous \u00eates un fin connaisseur en vin, c&rsquo;est le meilleur moment pour visiter Bordeaux. Lorsqu\u2019il pleut n\u2019h\u00e9sitez pas \u00e0 d\u00e9couvrir<strong> la Cit\u00e9 du Vin<\/strong>. Vous y apprendrez l\u2019histoire du vin, comment ce dernier a \u00e9t\u00e9 cr\u00e9\u00e9 et pour terminer votre visite en beaut\u00e9, vous pourez m\u00eame enfin d\u00e9guster et acheter les meilleurs vins du monde entier. <strong>Un choix exceptionnel de vins de monde de plus de 70 pays<\/strong> ! Vous y trouverez toute sorte de vin, \u00e0 des prix allant de 5 \u00e0 50 euros s\u00e9lectionn\u00e9s par un comit\u00e9 de d\u00e9gustation de professionnel. De quoi repartir, avec les valises remplies de bonnes choses \u00e0 d\u00e9guster chez vous.<\/p>\n<p>Bordeaux est une ville charmante qui offre aux visiteurs la possibilit\u00e9 de go\u00fbter aux sp\u00e9cialit\u00e9s locales et d&rsquo;\u00eatre plong\u00e9e \u00e0 travers la culture fran\u00e7aise. C&rsquo;est \u00e9galement la meilleure p\u00e9riode de l&rsquo;ann\u00e9e pour appr\u00e9cier l&rsquo;architecture et d\u00e9guster les meilleurs vins. Si vous souhaitez d\u00e9couvrir Bordeaux \u00e0 l\u2019abri de la pluie, n\u2019h\u00e9sitez pas \u00e0 <strong>d\u00e9couvrir l\u2019offre de Bordeaux City Tours et son Visiotour qui vous permettront de parcourir la ville en hauteur<\/strong> !<\/p>\n<p><a style=\"font-size: 16px;\" href=\"https:\/\/www.bordeaux-citytours.com\/fr\/contact\/\">Contactez Bordeaux City Tours<\/a><span style=\"font-size: 16px;\"> pour d\u00e9couvrir la ville sous toutes ses coutures !<\/span><\/p>\n<p>&nbsp;<\/p>\n","protected":false},"excerpt":{"rendered":"<p>Les raisons pour lesquelles vous devriez visiter Bordeaux sous la pluie Bordeaux, capitale de la r\u00e9gion du Sud-Ouest de la France, est l&rsquo;une des villes les plus charmantes et les plus romantiques du pays. Elle abrite \u00e9galement certains des meilleurs vins du monde et permet aux visiteurs de d\u00e9couvrir tout ce que Bordeaux \u00e0 offrir [&hellip;]<\/p>\n","protected":false},"author":2,"featured_media":826,"parent":581,"menu_order":0,"comment_status":"closed","ping_status":"closed","template":"","meta":{"_acf_changed":false,"footnotes":""},"class_list":["post-813","page","type-page","status-publish","has-post-thumbnail","hentry"],"acf":[],"yoast_head":"<!-- This site is optimized with the Yoast SEO plugin v26.6 - https:\/\/yoast.com\/wordpress\/plugins\/seo\/ -->\n<title>Visiter Bordeaux sous la pluie - Bordeaux City Tours<\/title>\n<meta name=\"description\" content=\"Visiter Bordeaux sous la pluie. Avec le visio tours, visitez la ville dans un bus imp\u00e9rial con\u00e7u pour le mauvais temps. R\u00e9servez en ligne.\" \/>\n<meta name=\"robots\" content=\"index, follow, max-snippet:-1, max-image-preview:large, max-video-preview:-1\" \/>\n<link rel=\"canonical\" href=\"https:\/\/www.bordeaux-citytours.com\/fr\/visiter-bordeaux\/visiter-bordeaux-sous-la-pluie\/\" \/>\n<meta property=\"og:locale\" content=\"fr_FR\" \/>\n<meta property=\"og:type\" content=\"article\" \/>\n<meta property=\"og:title\" content=\"Visiter Bordeaux sous la pluie - Bordeaux City Tours\" \/>\n<meta property=\"og:description\" content=\"Visiter Bordeaux sous la pluie. Avec le visio tours, visitez la ville dans un bus imp\u00e9rial con\u00e7u pour le mauvais temps. R\u00e9servez en ligne.\" \/>\n<meta property=\"og:url\" content=\"https:\/\/www.bordeaux-citytours.com\/fr\/visiter-bordeaux\/visiter-bordeaux-sous-la-pluie\/\" \/>\n<meta property=\"og:site_name\" content=\"Bordeaux City Tours\" \/>\n<meta property=\"article:modified_time\" content=\"2023-04-07T13:19:08+00:00\" \/>\n<meta property=\"og:image\" content=\"https:\/\/www.bordeaux-citytours.com\/wp-content\/uploads\/2023\/03\/visiter-bordeaux-avec-des-adolescents-1-4.png\" \/>\n\t<meta property=\"og:image:width\" content=\"2048\" \/>\n\t<meta property=\"og:image:height\" content=\"1024\" \/>\n\t<meta property=\"og:image:type\" content=\"image\/png\" \/>\n<meta name=\"twitter:card\" content=\"summary_large_image\" \/>\n<meta name=\"twitter:label1\" content=\"Dur\u00e9e de lecture estim\u00e9e\" \/>\n\t<meta name=\"twitter:data1\" content=\"4 minutes\" \/>\n<script type=\"application\/ld+json\" class=\"yoast-schema-graph\">{\"@context\":\"https:\/\/schema.org\",\"@graph\":[{\"@type\":\"WebPage\",\"@id\":\"https:\/\/www.bordeaux-citytours.com\/fr\/visiter-bordeaux\/visiter-bordeaux-sous-la-pluie\/\",\"url\":\"https:\/\/www.bordeaux-citytours.com\/fr\/visiter-bordeaux\/visiter-bordeaux-sous-la-pluie\/\",\"name\":\"Visiter Bordeaux sous la pluie - Bordeaux City Tours\",\"isPartOf\":{\"@id\":\"https:\/\/www.bordeaux-citytours.com\/fr\/#website\"},\"primaryImageOfPage\":{\"@id\":\"https:\/\/www.bordeaux-citytours.com\/fr\/visiter-bordeaux\/visiter-bordeaux-sous-la-pluie\/#primaryimage\"},\"image\":{\"@id\":\"https:\/\/www.bordeaux-citytours.com\/fr\/visiter-bordeaux\/visiter-bordeaux-sous-la-pluie\/#primaryimage\"},\"thumbnailUrl\":\"https:\/\/www.bordeaux-citytours.com\/wp-content\/uploads\/2023\/03\/visiter-bordeaux-avec-des-adolescents-1-4.png\",\"datePublished\":\"2023-04-04T08:03:55+00:00\",\"dateModified\":\"2023-04-07T13:19:08+00:00\",\"description\":\"Visiter Bordeaux sous la pluie. Avec le visio tours, visitez la ville dans un bus imp\u00e9rial con\u00e7u pour le mauvais temps. R\u00e9servez en ligne.\",\"breadcrumb\":{\"@id\":\"https:\/\/www.bordeaux-citytours.com\/fr\/visiter-bordeaux\/visiter-bordeaux-sous-la-pluie\/#breadcrumb\"},\"inLanguage\":\"fr-FR\",\"potentialAction\":[{\"@type\":\"ReadAction\",\"target\":[\"https:\/\/www.bordeaux-citytours.com\/fr\/visiter-bordeaux\/visiter-bordeaux-sous-la-pluie\/\"]}]},{\"@type\":\"ImageObject\",\"inLanguage\":\"fr-FR\",\"@id\":\"https:\/\/www.bordeaux-citytours.com\/fr\/visiter-bordeaux\/visiter-bordeaux-sous-la-pluie\/#primaryimage\",\"url\":\"https:\/\/www.bordeaux-citytours.com\/wp-content\/uploads\/2023\/03\/visiter-bordeaux-avec-des-adolescents-1-4.png\",\"contentUrl\":\"https:\/\/www.bordeaux-citytours.com\/wp-content\/uploads\/2023\/03\/visiter-bordeaux-avec-des-adolescents-1-4.png\",\"width\":2048,\"height\":1024,\"caption\":\"pont de pierre bordeaux\"},{\"@type\":\"BreadcrumbList\",\"@id\":\"https:\/\/www.bordeaux-citytours.com\/fr\/visiter-bordeaux\/visiter-bordeaux-sous-la-pluie\/#breadcrumb\",\"itemListElement\":[{\"@type\":\"ListItem\",\"position\":1,\"name\":\"Accueil\",\"item\":\"https:\/\/www.bordeaux-citytours.com\/fr\/\"},{\"@type\":\"ListItem\",\"position\":2,\"name\":\"Visiter Bordeaux\",\"item\":\"https:\/\/www.bordeaux-citytours.com\/fr\/visiter-bordeaux\/\"},{\"@type\":\"ListItem\",\"position\":3,\"name\":\"Visiter Bordeaux sous la pluie\"}]},{\"@type\":\"WebSite\",\"@id\":\"https:\/\/www.bordeaux-citytours.com\/fr\/#website\",\"url\":\"https:\/\/www.bordeaux-citytours.com\/fr\/\",\"name\":\"Bordeaux City Tours\",\"description\":\"\",\"publisher\":{\"@id\":\"https:\/\/www.bordeaux-citytours.com\/fr\/#organization\"},\"potentialAction\":[{\"@type\":\"SearchAction\",\"target\":{\"@type\":\"EntryPoint\",\"urlTemplate\":\"https:\/\/www.bordeaux-citytours.com\/fr\/?s={search_term_string}\"},\"query-input\":{\"@type\":\"PropertyValueSpecification\",\"valueRequired\":true,\"valueName\":\"search_term_string\"}}],\"inLanguage\":\"fr-FR\"},{\"@type\":\"Organization\",\"@id\":\"https:\/\/www.bordeaux-citytours.com\/fr\/#organization\",\"name\":\"Bordeaux City Tours\",\"url\":\"https:\/\/www.bordeaux-citytours.com\/fr\/\",\"logo\":{\"@type\":\"ImageObject\",\"inLanguage\":\"fr-FR\",\"@id\":\"https:\/\/www.bordeaux-citytours.com\/fr\/#\/schema\/logo\/image\/\",\"url\":\"https:\/\/www.bordeaux-citytours.com\/wp-content\/uploads\/2023\/04\/logo-bordeaux-city-tours-1.png\",\"contentUrl\":\"https:\/\/www.bordeaux-citytours.com\/wp-content\/uploads\/2023\/04\/logo-bordeaux-city-tours-1.png\",\"width\":430,\"height\":166,\"caption\":\"Bordeaux City Tours\"},\"image\":{\"@id\":\"https:\/\/www.bordeaux-citytours.com\/fr\/#\/schema\/logo\/image\/\"},\"sameAs\":[\"https:\/\/www.instagram.com\/bordeauxcitytours\",\"https:\/\/www.linkedin.com\/company\/bordeaux-city-tours\"]}]}<\/script>\n<!-- \/ Yoast SEO plugin. -->","yoast_head_json":{"title":"Visiter Bordeaux sous la pluie - Bordeaux City Tours","description":"Visiter Bordeaux sous la pluie. Avec le visio tours, visitez la ville dans un bus imp\u00e9rial con\u00e7u pour le mauvais temps. R\u00e9servez en ligne.","robots":{"index":"index","follow":"follow","max-snippet":"max-snippet:-1","max-image-preview":"max-image-preview:large","max-video-preview":"max-video-preview:-1"},"canonical":"https:\/\/www.bordeaux-citytours.com\/fr\/visiter-bordeaux\/visiter-bordeaux-sous-la-pluie\/","og_locale":"fr_FR","og_type":"article","og_title":"Visiter Bordeaux sous la pluie - Bordeaux City Tours","og_description":"Visiter Bordeaux sous la pluie. Avec le visio tours, visitez la ville dans un bus imp\u00e9rial con\u00e7u pour le mauvais temps. R\u00e9servez en ligne.","og_url":"https:\/\/www.bordeaux-citytours.com\/fr\/visiter-bordeaux\/visiter-bordeaux-sous-la-pluie\/","og_site_name":"Bordeaux City Tours","article_modified_time":"2023-04-07T13:19:08+00:00","og_image":[{"width":2048,"height":1024,"url":"https:\/\/www.bordeaux-citytours.com\/wp-content\/uploads\/2023\/03\/visiter-bordeaux-avec-des-adolescents-1-4.png","type":"image\/png"}],"twitter_card":"summary_large_image","twitter_misc":{"Dur\u00e9e de lecture estim\u00e9e":"4 minutes"},"schema":{"@context":"https:\/\/schema.org","@graph":[{"@type":"WebPage","@id":"https:\/\/www.bordeaux-citytours.com\/fr\/visiter-bordeaux\/visiter-bordeaux-sous-la-pluie\/","url":"https:\/\/www.bordeaux-citytours.com\/fr\/visiter-bordeaux\/visiter-bordeaux-sous-la-pluie\/","name":"Visiter Bordeaux sous la pluie - Bordeaux City Tours","isPartOf":{"@id":"https:\/\/www.bordeaux-citytours.com\/fr\/#website"},"primaryImageOfPage":{"@id":"https:\/\/www.bordeaux-citytours.com\/fr\/visiter-bordeaux\/visiter-bordeaux-sous-la-pluie\/#primaryimage"},"image":{"@id":"https:\/\/www.bordeaux-citytours.com\/fr\/visiter-bordeaux\/visiter-bordeaux-sous-la-pluie\/#primaryimage"},"thumbnailUrl":"https:\/\/www.bordeaux-citytours.com\/wp-content\/uploads\/2023\/03\/visiter-bordeaux-avec-des-adolescents-1-4.png","datePublished":"2023-04-04T08:03:55+00:00","dateModified":"2023-04-07T13:19:08+00:00","description":"Visiter Bordeaux sous la pluie. Avec le visio tours, visitez la ville dans un bus imp\u00e9rial con\u00e7u pour le mauvais temps. R\u00e9servez en ligne.","breadcrumb":{"@id":"https:\/\/www.bordeaux-citytours.com\/fr\/visiter-bordeaux\/visiter-bordeaux-sous-la-pluie\/#breadcrumb"},"inLanguage":"fr-FR","potentialAction":[{"@type":"ReadAction","target":["https:\/\/www.bordeaux-citytours.com\/fr\/visiter-bordeaux\/visiter-bordeaux-sous-la-pluie\/"]}]},{"@type":"ImageObject","inLanguage":"fr-FR","@id":"https:\/\/www.bordeaux-citytours.com\/fr\/visiter-bordeaux\/visiter-bordeaux-sous-la-pluie\/#primaryimage","url":"https:\/\/www.bordeaux-citytours.com\/wp-content\/uploads\/2023\/03\/visiter-bordeaux-avec-des-adolescents-1-4.png","contentUrl":"https:\/\/www.bordeaux-citytours.com\/wp-content\/uploads\/2023\/03\/visiter-bordeaux-avec-des-adolescents-1-4.png","width":2048,"height":1024,"caption":"pont de pierre bordeaux"},{"@type":"BreadcrumbList","@id":"https:\/\/www.bordeaux-citytours.com\/fr\/visiter-bordeaux\/visiter-bordeaux-sous-la-pluie\/#breadcrumb","itemListElement":[{"@type":"ListItem","position":1,"name":"Accueil","item":"https:\/\/www.bordeaux-citytours.com\/fr\/"},{"@type":"ListItem","position":2,"name":"Visiter Bordeaux","item":"https:\/\/www.bordeaux-citytours.com\/fr\/visiter-bordeaux\/"},{"@type":"ListItem","position":3,"name":"Visiter Bordeaux sous la pluie"}]},{"@type":"WebSite","@id":"https:\/\/www.bordeaux-citytours.com\/fr\/#website","url":"https:\/\/www.bordeaux-citytours.com\/fr\/","name":"Bordeaux City Tours","description":"","publisher":{"@id":"https:\/\/www.bordeaux-citytours.com\/fr\/#organization"},"potentialAction":[{"@type":"SearchAction","target":{"@type":"EntryPoint","urlTemplate":"https:\/\/www.bordeaux-citytours.com\/fr\/?s={search_term_string}"},"query-input":{"@type":"PropertyValueSpecification","valueRequired":true,"valueName":"search_term_string"}}],"inLanguage":"fr-FR"},{"@type":"Organization","@id":"https:\/\/www.bordeaux-citytours.com\/fr\/#organization","name":"Bordeaux City Tours","url":"https:\/\/www.bordeaux-citytours.com\/fr\/","logo":{"@type":"ImageObject","inLanguage":"fr-FR","@id":"https:\/\/www.bordeaux-citytours.com\/fr\/#\/schema\/logo\/image\/","url":"https:\/\/www.bordeaux-citytours.com\/wp-content\/uploads\/2023\/04\/logo-bordeaux-city-tours-1.png","contentUrl":"https:\/\/www.bordeaux-citytours.com\/wp-content\/uploads\/2023\/04\/logo-bordeaux-city-tours-1.png","width":430,"height":166,"caption":"Bordeaux City Tours"},"image":{"@id":"https:\/\/www.bordeaux-citytours.com\/fr\/#\/schema\/logo\/image\/"},"sameAs":["https:\/\/www.instagram.com\/bordeauxcitytours","https:\/\/www.linkedin.com\/company\/bordeaux-city-tours"]}]}},"_links":{"self":[{"href":"https:\/\/www.bordeaux-citytours.com\/fr\/wp-json\/wp\/v2\/pages\/813","targetHints":{"allow":["GET"]}}],"collection":[{"href":"https:\/\/www.bordeaux-citytours.com\/fr\/wp-json\/wp\/v2\/pages"}],"about":[{"href":"https:\/\/www.bordeaux-citytours.com\/fr\/wp-json\/wp\/v2\/types\/page"}],"author":[{"embeddable":true,"href":"https:\/\/www.bordeaux-citytours.com\/fr\/wp-json\/wp\/v2\/users\/2"}],"replies":[{"embeddable":true,"href":"https:\/\/www.bordeaux-citytours.com\/fr\/wp-json\/wp\/v2\/comments?post=813"}],"version-history":[{"count":0,"href":"https:\/\/www.bordeaux-citytours.com\/fr\/wp-json\/wp\/v2\/pages\/813\/revisions"}],"up":[{"embeddable":true,"href":"https:\/\/www.bordeaux-citytours.com\/fr\/wp-json\/wp\/v2\/pages\/581"}],"wp:featuredmedia":[{"embeddable":true,"href":"https:\/\/www.bordeaux-citytours.com\/fr\/wp-json\/wp\/v2\/media\/826"}],"wp:attachment":[{"href":"https:\/\/www.bordeaux-citytours.com\/fr\/wp-json\/wp\/v2\/media?parent=813"}],"curies":[{"name":"wp","href":"https:\/\/api.w.org\/{rel}","templated":true}]}}