{"id":751,"date":"2023-04-04T11:18:06","date_gmt":"2023-04-04T09:18:06","guid":{"rendered":"https:\/\/www.bordeaux-citytours.com\/?page_id=751"},"modified":"2023-05-04T16:54:35","modified_gmt":"2023-05-04T14:54:35","slug":"visiter-bordeaux-en-deux-jours","status":"publish","type":"page","link":"https:\/\/www.bordeaux-citytours.com\/fr\/visiter-bordeaux\/visiter-bordeaux-en-deux-jours\/","title":{"rendered":"Visiter Bordeaux en deux jours"},"content":{"rendered":"<h1>Visiter Bordeaux en deux jours<\/h1>\r\n<p>Si vous vous demandez comment <strong>visiter Bordeaux en deux jours<\/strong>, vous \u00eates au bon endroit. Voici quelques conseils pour vous permettre de voir le meilleur de la ville lors d&rsquo;un court s\u00e9jour !<\/p>\r\n<h2>parcourez la ville\u00a0 en bus<\/h2>\r\n<p>Un itin\u00e9raire de deux jours \u00e0 Bordeaux, en France, vous permettra de d\u00e9couvrir la <strong>r\u00e9gion v<\/strong><strong>iticole<\/strong>, les d\u00e9gustations de <strong>vins<\/strong>\u00a0<strong>blancs et rouges class\u00e9s grands crus<\/strong> dans un <strong>domaine ou Ch\u00e2teau viticole<\/strong> de la r\u00e9gion Nouvelle-Aquitaine. Vous souhaitez rester au centre-ville de Bordeaux ? Louez un v\u00e9lo et <strong>parcourez les quais de la Garonne \u00e0 v\u00e9lo \u00e0 votre rythme<\/strong> . Vous pourrez faire un p\u00e9riple entre le pont de pierre et le pont Chaban-Delmas, ce qui vous permettra de d\u00e9couvrir l&rsquo;\u00e9co-syst\u00e8me du Darwin et notamment le lion qui se situe sur la place Stalingrad.<img loading=\"lazy\" decoding=\"async\" class=\"alignright wp-image-186\" src=\"https:\/\/www.bordeaux-citytours.com\/wp-content\/uploads\/2023\/03\/my-project-1-12-300x200.png\" alt=\"Visiter Bordeaux en visiotour\" width=\"500\" height=\"333\" srcset=\"https:\/\/www.bordeaux-citytours.com\/wp-content\/uploads\/2023\/03\/my-project-1-12-300x200.png 300w, https:\/\/www.bordeaux-citytours.com\/wp-content\/uploads\/2023\/03\/my-project-1-12-768x512.png 768w, https:\/\/www.bordeaux-citytours.com\/wp-content\/uploads\/2023\/03\/my-project-1-12.png 990w\" sizes=\"auto, (max-width: 500px) 100vw, 500px\" \/><\/p>\r\n<p>Prenez le temps de visiter Bordeaux dans notre <a href=\"https:\/\/www.bordeaux-citytours.com\/fr\/les-city-tours\/bordeaux-visiotour\/\" target=\"_blank\" rel=\"noopener\">bus panoramique visiotour.\u00a0 <\/a>En couple ou en famille, visitez Bordeaux d&rsquo;hier \u00e0 aujourd&rsquo;hui en d\u00e9couvrant <strong>les grands monuments bordelais<\/strong> au travers d&rsquo;un parcours commenter en audio guide, par un guide touristique pendant toute la dur\u00e9e du circuit de 1h10.<\/p>\r\n<p><strong>La place des Quinconces<\/strong>, l&rsquo;une des plus grandes places d&rsquo;Europe, est l&rsquo;un des sites les plus populaires de Bordeaux. Elle abrite de nombreuses statues et une magnifique fontaine. Une autre place, la place de la Victoire, est remplie de caf\u00e9s, de restaurants et de bars. Elle abrite \u00e9galement une colonne de marbre du sculpteur tch\u00e8que Ivan Theimer.<\/p>\r\n<h2>Comment visiter Bordeaux \u00e0 pied ?<\/h2>\r\n<p>Si vous vous demandez comment visiter Bordeaux \u00e0 pied lors de votre week-end, nous saurons vous conseiller sur l<strong>es mus\u00e9es et les monuments incontournables de la r\u00e9gion<\/strong>. Cet itin\u00e9raire regorge de choses \u00e0 faire \u00e0 Bordeaux, des d\u00e9gustations dans les plus beaux restaurant bordelais, \u00e0 la vie nocturne bordelaise. Si vous voulez en voir encore plus, vous pouvez ajouter des jours suppl\u00e9mentaires \u00e0 votre itin\u00e9raire. Commencez par <strong>la Basilique St-Seurin<\/strong>, une \u00e9glise du 14\u00e8me si\u00e8cle construite dans le style gothique flamboyant. Elle a \u00e9t\u00e9 class\u00e9e au patrimoine mondial de l&rsquo;UNESCO en 1998, et ses vitraux cr\u00e9ent un magnifique jeu de couleurs. Visitez <strong>la Basilique St-Michel<\/strong>, un autre exemple du style gothique flamboyant, dont la construction a dur\u00e9 200 ans. Avant de commencer votre voyage \u00e0 Bordeaux, il est important de vous procurer un <strong>city pass<\/strong>.<\/p>\r\n<p>Ceux-ci peuvent \u00eatre achet\u00e9s \u00e0 l&rsquo;office du tourisme ou en ligne. Ces cartes d&rsquo;abonnement vous donnent un acc\u00e8s illimit\u00e9 aux transports publics et des r\u00e9ductions sur les restaurants, les d\u00e9gustations de vin et les croisi\u00e8res de midi et du soir.<\/p>\r\n<h2>Comment visiter Bordeaux ?<\/h2>\r\n<p>Si vous ne disposez que de deux jours pour visiter Bordeaux, vous pourrez facilement voir tous les points forts de la ville. Elle a une population importante et <strong>un bon nombre d&rsquo;endroits \u00e0 explorer<\/strong>. La ville regorge d&rsquo;histoire, d&rsquo;architecture inspiration haussmannienne, de culture et de lieux de restauration. Un week-end \u00e0 Bordeaux est amplement suffisant pour faire la plupart des choses, y compris la d\u00e9gustation de vin et les visites touristiques.<\/p>\r\n<h2>Quelles villes visiter autour de Bordeaux lors de votre escapade en Gironde ?<\/h2>\r\n<p>Si vous disposez d&rsquo;un week-end, il existe de <strong>nombreuses villes autour de Bordeaux que vous pouvez visiter en deux jours<\/strong>. Par le train ou en voiture, vous pouvez aller jusque sur le Bassin d&rsquo;Arcachon pour y passer une journ\u00e9e \u00e0 la plage. Vous pourrez r\u00e9server une chambre pr\u00e8s de la mer pour admirer le coucher du soleil. L&rsquo;une des meilleures choses \u00e0 faire \u00e0 Bordeaux est de visiter le <strong>Jardin public<\/strong> de la ville. C&rsquo;est une belle oasis dans la ville, situ\u00e9e \u00e0 environ 15 minutes de marche de la place de la Bourse. Les visiteurs appr\u00e9cieront de se promener dans le parc, o\u00f9 il y a une aire de jeux pour enfants et un spectacle de marionnettes Guignol Guerin. Une autre bonne chose \u00e0 faire \u00e0 Bordeaux est d&rsquo;aller voir ses march\u00e9s. <strong>Sur le march\u00e9 des Capucins<\/strong>, vous trouverez plus de 250 magasins diff\u00e9rents, dont des marques fran\u00e7aises et des marques de cr\u00e9ateurs. Vous y trouverez \u00e9galement une grande vari\u00e9t\u00e9 de restaurants et de caf\u00e9s. Si vous \u00eates d&rsquo;humeur \u00e0 faire du shopping, vous pouvez \u00e9galement <strong>visiter la Cit\u00e9 du Vin<\/strong>, l&rsquo;hommage de la ville au vin ou parcourir les boutiques de la c\u00e9l\u00e8bre <strong>rue Sainte Catherine<\/strong>, la plus grande rue commer\u00e7ante d&rsquo;Europe.<\/p>\r\n<h2>Nous vous proposons une id\u00e9e de programme pour vos deux jours \u00e0 Bordeaux.<\/h2>\r\n<h3>Pour le 1er jour de visite en centre ville :<\/h3>\r\n<h3><span id=\"Visiter_le_quartier_Saint_Pierre\" class=\"ez-toc-section\"><\/span>Visiter le quartier Saint Pierre<\/h3>\r\n<p><strong>Vous souhaitez visiter le vieux Bordeaux ?<\/strong> Nous vous recommandons de vous promener \u00a0dans le quartier Saint Pierre, au centre de la ville. Vous pourrez y admirer le <a href=\"https:\/\/www.bordeaux-citytours.com\/fr\/patrimoine\/la-place-de-la-bourse-et-le-miroir-deau\/\" target=\"_blank\" rel=\"noopener\">miroir d&rsquo;eau<\/a> , qui est le plus grand miroir d&rsquo;eau au monde. Il a \u00e9t\u00e9 cr\u00e9e par Jean Max Llorca Une fois que vous aurez admirez le miroir d&rsquo;eau, nous vous conseillons de vous diriger vers le pont de Pierre pour y d\u00e9couvrir\u00a0 <a href=\"https:\/\/www.bordeaux-citytours.com\/fr\/patrimoine\/la-porte-cailhau\/\"><strong>la porte Cailhau.<\/strong><\/a><\/p>\r\n<h3>La Place des Quinconces<img loading=\"lazy\" decoding=\"async\" class=\"wp-image-764 alignright\" src=\"https:\/\/www.bordeaux-citytours.com\/wp-content\/uploads\/2023\/03\/my-project-8-1-300x200.png\" alt=\"place des quinconces bordeaux \" width=\"500\" height=\"333\" srcset=\"https:\/\/www.bordeaux-citytours.com\/wp-content\/uploads\/2023\/03\/my-project-8-1-300x200.png 300w, https:\/\/www.bordeaux-citytours.com\/wp-content\/uploads\/2023\/03\/my-project-8-1-768x512.png 768w, https:\/\/www.bordeaux-citytours.com\/wp-content\/uploads\/2023\/03\/my-project-8-1.png 990w\" sizes=\"auto, (max-width: 500px) 100vw, 500px\" \/><\/h3>\r\n<p>Situ\u00e9e au centre ville de Bordeaux, elle abrite le Monument aux Girondins, qui est un monument \u00e0 l&rsquo;histoire portuaire de la ville. On y trouve une abondance de belles statues repr\u00e9sentant l&rsquo;histoire de la ville et un certain nombre d&rsquo;\u00e9v\u00e9nements diff\u00e9rents tout au long de l&rsquo;ann\u00e9e. Prenez le temps de les observer et de <strong>d\u00e9couvrir l&rsquo;ensemble de l&rsquo;architecture bordelaises et de ses environs.<\/strong><\/p>\r\n<h3><span id=\"Le_Triangle_dOr_et_le_jardin_public\" class=\"ez-toc-section\"><\/span>Le Triangle d\u2019Or et le jardin public<\/h3>\r\n<p>Le Triangle d\u2019Or est le quartier du centre ville de Bordeaux, o\u00f9 vous pourrez retrouver les boutiques de luxe mais \u00e9galement le <strong>Grand <\/strong><strong>Th\u00e9\u00e2tre<\/strong><a href=\"https:\/\/www.bordeaux-citytours.com\/fr\/que_faire_a_bordeaux\/grand-theatre\/\"><strong>. <\/strong><\/a>B\u00e2timent datant du 18\u00e8me si\u00e8cle que vous pouvez visiter accompagn\u00e9 d&rsquo;un guide. Si le temps le permet, nous vous conseillons de vous rendre au jardin public de Bordeaux, le <strong>Jardin Public.\u00a0<\/strong>Magnifique jardin cr\u00e9\u00e9 en 1746 par Ange Jacque Gabriel. C&rsquo;est un espace vert de 10,8 hectar au coeur de la ville de Bordeaux<\/p>\r\n<h3><span id=\"La_visite_des_quais\" class=\"ez-toc-section\"><\/span>La visite des quais<\/h3>\r\n<p>Les quais de Bordeaux ont \u00e9t\u00e9 r\u00e9nov\u00e9s et sont pratiques pour une\u00a0<a href=\"https:\/\/www.bordeaux-citytours.com\/fr\/cartes-cadeau-offrez-bordeaux-2\/cartes-cadeau-visites-insolites\/\"><strong>visite de Bordeaux insolite<\/strong><\/a>. Ils sont parfaits pour des promenades \u00e0 pied ou \u00e0 v\u00e9lo pour d\u00e9couvrir autrement Bordeaux.\u00a0 Vous y d\u00e9couvrirez <strong>la Place de la Bourse, le Parc des sports Saint Michel, le Pont de Pierre, la\u00a0<a href=\"https:\/\/www.bordeaux-citytours.com\/fr\/que_faire_a_bordeaux\/la-cite-du-vin\/\">Cit\u00e9 du Vin<\/a><\/strong>, etc. Compl\u00e8tement am\u00e9nag\u00e9s, les\u00a0<strong>quais de Bordeaux<\/strong> se visitent de jour comme de nuit, seul ou en famille.<\/p>\r\n<h3><span id=\"La_place_Pey_Berland\" class=\"ez-toc-section\"><\/span>La place Pey Berland<\/h3>\r\n<p>La place Pey Berland a \u00e9t\u00e9 enti\u00e8rement r\u00e9nov\u00e9e ces derni\u00e8res ann\u00e9es. C&rsquo;est un\u00a0lieu historique est en hommage \u00e0 l\u2019archev\u00eaque de Bordeaux du 15<sup>e<\/sup> si\u00e8cle, Pierre Berland. Vous pourrez visiter la cath\u00e9drale Saint-Andr\u00e9 <strong>class\u00e9e au patrimoine mondial de l\u2019UNESCO<\/strong>, la statue de Jacques Chaban Delmas, la Mairie de Bordeaux. En vous rendant au sommet de la tour Pey Berland, vous pourrez admirer la vue panoramique sur Bordeaux et ses environs.<\/p>\r\n<h3>Pour votre deuxi\u00e8me jour \u00e0 Bordeaux<\/h3>\r\n<p>Nous vous conseillons de visiter les alentours de Bordeaux. Vous pourrez prendre le train \u00e0 la gare Saint Jean,\u00a0 pour aller au nord de Bordeaux vers Saint Emilion, ou au sud de Bordeaux en allant visiter le Bassin d&rsquo;Arcachon.<\/p>\r\n<h3><span id=\"Visite_du_village_de_Saint-Emilion\" class=\"ez-toc-section\"><\/span>Visite de Saint-\u00c9milion, site historique et d\u00e9gustation de grands crus.<\/h3>\r\n<p>La renomm\u00e9e du village viticole de St-Emilion repose avant tout sur l\u2019excellent vin rouge produit par les vignerons locaux. Les vignobles environnants ont \u00e9t\u00e9 inscrits au patrimoine mondial de l\u2019UNESCO. Vous pourrez y <strong>d\u00e9guster des grands crus de vins rouges accompagn\u00e9s de cannel\u00e9s et de macarons<\/strong>. Si vous avez le temps, admirez le lev\u00e9 ou le coucher du soleil sur les vignes. Vous y d\u00e9couvrirez un paysage magnifique. N&rsquo;oubliez pas d&rsquo;\u00eatre bien chauss\u00e9 pour visiter la ville de Saint Emilion et de ses ruelles pav\u00e9es et escarp\u00e9es.<\/p>\r\n<h3><span id=\"Le_bassin_dArcachon_et_la_Dune_du_Pyla\" class=\"ez-toc-section\"><\/span>Le bassin d\u2019Arcachon et la Dune du Pyla<\/h3>\r\n<p><img loading=\"lazy\" decoding=\"async\" class=\"aligncenter wp-image-759\" src=\"https:\/\/www.bordeaux-citytours.com\/wp-content\/uploads\/2023\/03\/my-project-9-300x200.png\" alt=\"dune du pyla \" width=\"500\" height=\"333\" srcset=\"https:\/\/www.bordeaux-citytours.com\/wp-content\/uploads\/2023\/03\/my-project-9-300x200.png 300w, https:\/\/www.bordeaux-citytours.com\/wp-content\/uploads\/2023\/03\/my-project-9-768x512.png 768w, https:\/\/www.bordeaux-citytours.com\/wp-content\/uploads\/2023\/03\/my-project-9.png 990w\" sizes=\"auto, (max-width: 500px) 100vw, 500px\" \/><\/p>\r\n<p>Au d\u00e9part de la gare de Saint Jean direction Arcachon, vous pourrez visiter la ville touristique sur le Bassin d&rsquo;Arcachon. La ville est tr\u00e8s anim\u00e9e en p\u00e9riode estivale et plus calme une fois l&rsquo;hiver arriv\u00e9. Prenez le temps d&rsquo;aller jusqu&rsquo;\u00e0 la dune du Pyla qui vous fera d\u00e9couvrir une vue incroyable sur le Bassin d&rsquo;Arcachon.<\/p>\r\n<!-- \/wp:post-content -->\r\n\r\n<!-- wp:tadv\/classic-paragraph \/-->","protected":false},"excerpt":{"rendered":"<p>Visiter Bordeaux en deux jours Si vous vous demandez comment visiter Bordeaux en deux jours, vous \u00eates au bon endroit. Voici quelques conseils pour vous permettre de voir le meilleur de la ville lors d&rsquo;un court s\u00e9jour ! parcourez la ville\u00a0 en bus Un itin\u00e9raire de deux jours \u00e0 Bordeaux, en France, vous permettra de [&hellip;]<\/p>\n","protected":false},"author":2,"featured_media":826,"parent":581,"menu_order":0,"comment_status":"closed","ping_status":"closed","template":"","meta":{"_acf_changed":false,"footnotes":""},"class_list":["post-751","page","type-page","status-publish","has-post-thumbnail","hentry"],"acf":[],"yoast_head":"<!-- This site is optimized with the Yoast SEO plugin v26.6 - https:\/\/yoast.com\/wordpress\/plugins\/seo\/ -->\n<title>Visiter Bordeaux en deux jours - Bordeaux City Tours<\/title>\n<meta name=\"description\" content=\"Vous souhaitez visiter Bordeaux en deux jours ? Profitez de notre programme et partez \u00e0 la conqu\u00eate de Bordeaux en visiotour.\" \/>\n<meta name=\"robots\" content=\"index, follow, max-snippet:-1, max-image-preview:large, max-video-preview:-1\" \/>\n<link rel=\"canonical\" href=\"https:\/\/www.bordeaux-citytours.com\/fr\/visiter-bordeaux\/visiter-bordeaux-en-deux-jours\/\" \/>\n<meta property=\"og:locale\" content=\"fr_FR\" \/>\n<meta property=\"og:type\" content=\"article\" \/>\n<meta property=\"og:title\" content=\"Visiter Bordeaux en deux jours - Bordeaux City Tours\" \/>\n<meta property=\"og:description\" content=\"Vous souhaitez visiter Bordeaux en deux jours ? Profitez de notre programme et partez \u00e0 la conqu\u00eate de Bordeaux en visiotour.\" \/>\n<meta property=\"og:url\" content=\"https:\/\/www.bordeaux-citytours.com\/fr\/visiter-bordeaux\/visiter-bordeaux-en-deux-jours\/\" \/>\n<meta property=\"og:site_name\" content=\"Bordeaux City Tours\" \/>\n<meta property=\"article:modified_time\" content=\"2023-05-04T14:54:35+00:00\" \/>\n<meta property=\"og:image\" content=\"https:\/\/www.bordeaux-citytours.com\/wp-content\/uploads\/2023\/03\/visiter-bordeaux-avec-des-adolescents-1-4.png\" \/>\n\t<meta property=\"og:image:width\" content=\"2048\" \/>\n\t<meta property=\"og:image:height\" content=\"1024\" \/>\n\t<meta property=\"og:image:type\" content=\"image\/png\" \/>\n<meta name=\"twitter:card\" content=\"summary_large_image\" \/>\n<meta name=\"twitter:label1\" content=\"Dur\u00e9e de lecture estim\u00e9e\" \/>\n\t<meta name=\"twitter:data1\" content=\"8 minutes\" \/>\n<script type=\"application\/ld+json\" class=\"yoast-schema-graph\">{\"@context\":\"https:\/\/schema.org\",\"@graph\":[{\"@type\":\"WebPage\",\"@id\":\"https:\/\/www.bordeaux-citytours.com\/fr\/visiter-bordeaux\/visiter-bordeaux-en-deux-jours\/\",\"url\":\"https:\/\/www.bordeaux-citytours.com\/fr\/visiter-bordeaux\/visiter-bordeaux-en-deux-jours\/\",\"name\":\"Visiter Bordeaux en deux jours - Bordeaux City Tours\",\"isPartOf\":{\"@id\":\"https:\/\/www.bordeaux-citytours.com\/fr\/#website\"},\"primaryImageOfPage\":{\"@id\":\"https:\/\/www.bordeaux-citytours.com\/fr\/visiter-bordeaux\/visiter-bordeaux-en-deux-jours\/#primaryimage\"},\"image\":{\"@id\":\"https:\/\/www.bordeaux-citytours.com\/fr\/visiter-bordeaux\/visiter-bordeaux-en-deux-jours\/#primaryimage\"},\"thumbnailUrl\":\"https:\/\/www.bordeaux-citytours.com\/wp-content\/uploads\/2023\/03\/visiter-bordeaux-avec-des-adolescents-1-4.png\",\"datePublished\":\"2023-04-04T09:18:06+00:00\",\"dateModified\":\"2023-05-04T14:54:35+00:00\",\"description\":\"Vous souhaitez visiter Bordeaux en deux jours ? Profitez de notre programme et partez \u00e0 la conqu\u00eate de Bordeaux en visiotour.\",\"breadcrumb\":{\"@id\":\"https:\/\/www.bordeaux-citytours.com\/fr\/visiter-bordeaux\/visiter-bordeaux-en-deux-jours\/#breadcrumb\"},\"inLanguage\":\"fr-FR\",\"potentialAction\":[{\"@type\":\"ReadAction\",\"target\":[\"https:\/\/www.bordeaux-citytours.com\/fr\/visiter-bordeaux\/visiter-bordeaux-en-deux-jours\/\"]}]},{\"@type\":\"ImageObject\",\"inLanguage\":\"fr-FR\",\"@id\":\"https:\/\/www.bordeaux-citytours.com\/fr\/visiter-bordeaux\/visiter-bordeaux-en-deux-jours\/#primaryimage\",\"url\":\"https:\/\/www.bordeaux-citytours.com\/wp-content\/uploads\/2023\/03\/visiter-bordeaux-avec-des-adolescents-1-4.png\",\"contentUrl\":\"https:\/\/www.bordeaux-citytours.com\/wp-content\/uploads\/2023\/03\/visiter-bordeaux-avec-des-adolescents-1-4.png\",\"width\":2048,\"height\":1024,\"caption\":\"pont de pierre bordeaux\"},{\"@type\":\"BreadcrumbList\",\"@id\":\"https:\/\/www.bordeaux-citytours.com\/fr\/visiter-bordeaux\/visiter-bordeaux-en-deux-jours\/#breadcrumb\",\"itemListElement\":[{\"@type\":\"ListItem\",\"position\":1,\"name\":\"Accueil\",\"item\":\"https:\/\/www.bordeaux-citytours.com\/fr\/\"},{\"@type\":\"ListItem\",\"position\":2,\"name\":\"Visiter Bordeaux\",\"item\":\"https:\/\/www.bordeaux-citytours.com\/fr\/visiter-bordeaux\/\"},{\"@type\":\"ListItem\",\"position\":3,\"name\":\"Visiter Bordeaux en deux jours\"}]},{\"@type\":\"WebSite\",\"@id\":\"https:\/\/www.bordeaux-citytours.com\/fr\/#website\",\"url\":\"https:\/\/www.bordeaux-citytours.com\/fr\/\",\"name\":\"Bordeaux City Tours\",\"description\":\"\",\"publisher\":{\"@id\":\"https:\/\/www.bordeaux-citytours.com\/fr\/#organization\"},\"potentialAction\":[{\"@type\":\"SearchAction\",\"target\":{\"@type\":\"EntryPoint\",\"urlTemplate\":\"https:\/\/www.bordeaux-citytours.com\/fr\/?s={search_term_string}\"},\"query-input\":{\"@type\":\"PropertyValueSpecification\",\"valueRequired\":true,\"valueName\":\"search_term_string\"}}],\"inLanguage\":\"fr-FR\"},{\"@type\":\"Organization\",\"@id\":\"https:\/\/www.bordeaux-citytours.com\/fr\/#organization\",\"name\":\"Bordeaux City Tours\",\"url\":\"https:\/\/www.bordeaux-citytours.com\/fr\/\",\"logo\":{\"@type\":\"ImageObject\",\"inLanguage\":\"fr-FR\",\"@id\":\"https:\/\/www.bordeaux-citytours.com\/fr\/#\/schema\/logo\/image\/\",\"url\":\"https:\/\/www.bordeaux-citytours.com\/wp-content\/uploads\/2023\/04\/logo-bordeaux-city-tours-1.png\",\"contentUrl\":\"https:\/\/www.bordeaux-citytours.com\/wp-content\/uploads\/2023\/04\/logo-bordeaux-city-tours-1.png\",\"width\":430,\"height\":166,\"caption\":\"Bordeaux City Tours\"},\"image\":{\"@id\":\"https:\/\/www.bordeaux-citytours.com\/fr\/#\/schema\/logo\/image\/\"},\"sameAs\":[\"https:\/\/www.instagram.com\/bordeauxcitytours\",\"https:\/\/www.linkedin.com\/company\/bordeaux-city-tours\"]}]}<\/script>\n<!-- \/ Yoast SEO plugin. -->","yoast_head_json":{"title":"Visiter Bordeaux en deux jours - Bordeaux City Tours","description":"Vous souhaitez visiter Bordeaux en deux jours ? Profitez de notre programme et partez \u00e0 la conqu\u00eate de Bordeaux en visiotour.","robots":{"index":"index","follow":"follow","max-snippet":"max-snippet:-1","max-image-preview":"max-image-preview:large","max-video-preview":"max-video-preview:-1"},"canonical":"https:\/\/www.bordeaux-citytours.com\/fr\/visiter-bordeaux\/visiter-bordeaux-en-deux-jours\/","og_locale":"fr_FR","og_type":"article","og_title":"Visiter Bordeaux en deux jours - Bordeaux City Tours","og_description":"Vous souhaitez visiter Bordeaux en deux jours ? Profitez de notre programme et partez \u00e0 la conqu\u00eate de Bordeaux en visiotour.","og_url":"https:\/\/www.bordeaux-citytours.com\/fr\/visiter-bordeaux\/visiter-bordeaux-en-deux-jours\/","og_site_name":"Bordeaux City Tours","article_modified_time":"2023-05-04T14:54:35+00:00","og_image":[{"width":2048,"height":1024,"url":"https:\/\/www.bordeaux-citytours.com\/wp-content\/uploads\/2023\/03\/visiter-bordeaux-avec-des-adolescents-1-4.png","type":"image\/png"}],"twitter_card":"summary_large_image","twitter_misc":{"Dur\u00e9e de lecture estim\u00e9e":"8 minutes"},"schema":{"@context":"https:\/\/schema.org","@graph":[{"@type":"WebPage","@id":"https:\/\/www.bordeaux-citytours.com\/fr\/visiter-bordeaux\/visiter-bordeaux-en-deux-jours\/","url":"https:\/\/www.bordeaux-citytours.com\/fr\/visiter-bordeaux\/visiter-bordeaux-en-deux-jours\/","name":"Visiter Bordeaux en deux jours - Bordeaux City Tours","isPartOf":{"@id":"https:\/\/www.bordeaux-citytours.com\/fr\/#website"},"primaryImageOfPage":{"@id":"https:\/\/www.bordeaux-citytours.com\/fr\/visiter-bordeaux\/visiter-bordeaux-en-deux-jours\/#primaryimage"},"image":{"@id":"https:\/\/www.bordeaux-citytours.com\/fr\/visiter-bordeaux\/visiter-bordeaux-en-deux-jours\/#primaryimage"},"thumbnailUrl":"https:\/\/www.bordeaux-citytours.com\/wp-content\/uploads\/2023\/03\/visiter-bordeaux-avec-des-adolescents-1-4.png","datePublished":"2023-04-04T09:18:06+00:00","dateModified":"2023-05-04T14:54:35+00:00","description":"Vous souhaitez visiter Bordeaux en deux jours ? Profitez de notre programme et partez \u00e0 la conqu\u00eate de Bordeaux en visiotour.","breadcrumb":{"@id":"https:\/\/www.bordeaux-citytours.com\/fr\/visiter-bordeaux\/visiter-bordeaux-en-deux-jours\/#breadcrumb"},"inLanguage":"fr-FR","potentialAction":[{"@type":"ReadAction","target":["https:\/\/www.bordeaux-citytours.com\/fr\/visiter-bordeaux\/visiter-bordeaux-en-deux-jours\/"]}]},{"@type":"ImageObject","inLanguage":"fr-FR","@id":"https:\/\/www.bordeaux-citytours.com\/fr\/visiter-bordeaux\/visiter-bordeaux-en-deux-jours\/#primaryimage","url":"https:\/\/www.bordeaux-citytours.com\/wp-content\/uploads\/2023\/03\/visiter-bordeaux-avec-des-adolescents-1-4.png","contentUrl":"https:\/\/www.bordeaux-citytours.com\/wp-content\/uploads\/2023\/03\/visiter-bordeaux-avec-des-adolescents-1-4.png","width":2048,"height":1024,"caption":"pont de pierre bordeaux"},{"@type":"BreadcrumbList","@id":"https:\/\/www.bordeaux-citytours.com\/fr\/visiter-bordeaux\/visiter-bordeaux-en-deux-jours\/#breadcrumb","itemListElement":[{"@type":"ListItem","position":1,"name":"Accueil","item":"https:\/\/www.bordeaux-citytours.com\/fr\/"},{"@type":"ListItem","position":2,"name":"Visiter Bordeaux","item":"https:\/\/www.bordeaux-citytours.com\/fr\/visiter-bordeaux\/"},{"@type":"ListItem","position":3,"name":"Visiter Bordeaux en deux jours"}]},{"@type":"WebSite","@id":"https:\/\/www.bordeaux-citytours.com\/fr\/#website","url":"https:\/\/www.bordeaux-citytours.com\/fr\/","name":"Bordeaux City Tours","description":"","publisher":{"@id":"https:\/\/www.bordeaux-citytours.com\/fr\/#organization"},"potentialAction":[{"@type":"SearchAction","target":{"@type":"EntryPoint","urlTemplate":"https:\/\/www.bordeaux-citytours.com\/fr\/?s={search_term_string}"},"query-input":{"@type":"PropertyValueSpecification","valueRequired":true,"valueName":"search_term_string"}}],"inLanguage":"fr-FR"},{"@type":"Organization","@id":"https:\/\/www.bordeaux-citytours.com\/fr\/#organization","name":"Bordeaux City Tours","url":"https:\/\/www.bordeaux-citytours.com\/fr\/","logo":{"@type":"ImageObject","inLanguage":"fr-FR","@id":"https:\/\/www.bordeaux-citytours.com\/fr\/#\/schema\/logo\/image\/","url":"https:\/\/www.bordeaux-citytours.com\/wp-content\/uploads\/2023\/04\/logo-bordeaux-city-tours-1.png","contentUrl":"https:\/\/www.bordeaux-citytours.com\/wp-content\/uploads\/2023\/04\/logo-bordeaux-city-tours-1.png","width":430,"height":166,"caption":"Bordeaux City Tours"},"image":{"@id":"https:\/\/www.bordeaux-citytours.com\/fr\/#\/schema\/logo\/image\/"},"sameAs":["https:\/\/www.instagram.com\/bordeauxcitytours","https:\/\/www.linkedin.com\/company\/bordeaux-city-tours"]}]}},"_links":{"self":[{"href":"https:\/\/www.bordeaux-citytours.com\/fr\/wp-json\/wp\/v2\/pages\/751","targetHints":{"allow":["GET"]}}],"collection":[{"href":"https:\/\/www.bordeaux-citytours.com\/fr\/wp-json\/wp\/v2\/pages"}],"about":[{"href":"https:\/\/www.bordeaux-citytours.com\/fr\/wp-json\/wp\/v2\/types\/page"}],"author":[{"embeddable":true,"href":"https:\/\/www.bordeaux-citytours.com\/fr\/wp-json\/wp\/v2\/users\/2"}],"replies":[{"embeddable":true,"href":"https:\/\/www.bordeaux-citytours.com\/fr\/wp-json\/wp\/v2\/comments?post=751"}],"version-history":[{"count":5,"href":"https:\/\/www.bordeaux-citytours.com\/fr\/wp-json\/wp\/v2\/pages\/751\/revisions"}],"predecessor-version":[{"id":2750,"href":"https:\/\/www.bordeaux-citytours.com\/fr\/wp-json\/wp\/v2\/pages\/751\/revisions\/2750"}],"up":[{"embeddable":true,"href":"https:\/\/www.bordeaux-citytours.com\/fr\/wp-json\/wp\/v2\/pages\/581"}],"wp:featuredmedia":[{"embeddable":true,"href":"https:\/\/www.bordeaux-citytours.com\/fr\/wp-json\/wp\/v2\/media\/826"}],"wp:attachment":[{"href":"https:\/\/www.bordeaux-citytours.com\/fr\/wp-json\/wp\/v2\/media?parent=751"}],"curies":[{"name":"wp","href":"https:\/\/api.w.org\/{rel}","templated":true}]}}