{"id":745,"date":"2023-04-04T09:23:00","date_gmt":"2023-04-04T07:23:00","guid":{"rendered":"https:\/\/www.bordeaux-citytours.com\/?page_id=745"},"modified":"2025-06-12T16:41:51","modified_gmt":"2025-06-12T14:41:51","slug":"visiter-bordeaux-avec-des-adolescents","status":"publish","type":"page","link":"https:\/\/www.bordeaux-citytours.com\/fr\/visiter-bordeaux\/visiter-bordeaux-avec-des-adolescents\/","title":{"rendered":"Visiter Bordeaux avec des adolescents"},"content":{"rendered":"<h1>Explorer Bordeaux avec des adolescents : Activit\u00e9s ludiques, sites historiques et cuisine locale<\/h1>\n<p>Bordeaux est <strong>une ville magnifique et dynamique<\/strong> du sud-ouest de la France qui offre de nombreuses activit\u00e9s aux adolescents. Avec son architecture, son histoire et sa culture, les occasions d&rsquo;apprendre et d&rsquo;explorer sont nombreuses. Qu&rsquo;il s&rsquo;agisse de visites de sites historiques ou de mus\u00e9s, il y a toujours quelque chose \u00e0 faire \u00e0 Bordeaux. Les adolescents peuvent ainsi mieux comprendre cette ville fascinante et sa culture. Avec un choix d&rsquo;activit\u00e9s vari\u00e9es, Bordeaux est la destination id\u00e9ale votre s\u00e9jour avec des adolescents.<\/p>\n<h2>Activit\u00e9s pour les adolescents \u00e0 Bordeaux<\/h2>\n<p><img loading=\"lazy\" decoding=\"async\" class=\"size-full wp-image-782 alignleft\" src=\"https:\/\/www.bordeaux-citytours.com\/wp-content\/uploads\/2023\/03\/visiter-bordeaux-avec-des-adolescents-1-3.png\" alt=\"Visiter Bordeaux avec des adolescents\" width=\"258\" height=\"258\" srcset=\"https:\/\/www.bordeaux-citytours.com\/wp-content\/uploads\/2023\/03\/visiter-bordeaux-avec-des-adolescents-1-3.png 258w, https:\/\/www.bordeaux-citytours.com\/wp-content\/uploads\/2023\/03\/visiter-bordeaux-avec-des-adolescents-1-3-150x150.png 150w, https:\/\/www.bordeaux-citytours.com\/wp-content\/uploads\/2023\/03\/visiter-bordeaux-avec-des-adolescents-1-3-235x235.png 235w\" sizes=\"auto, (max-width: 258px) 100vw, 258px\" \/>Bordeaux est une ville qui offre de nombreuses possibilit\u00e9s de visites. Il y a de nombreux mus\u00e9es dans la ville qui sont parfaits pour une journ\u00e9e culturelle.\u00a0Le <strong>mus\u00e9e des Beaux-Arts de Bordeaux<\/strong> est un grand mus\u00e9e \u00e0 visiter, il organise r\u00e9guli\u00e8rement des expositions temporaires, et est situ\u00e9 au c\u0153ur de la ville. Il abrite \u00e9galement une collection d&rsquo;art fran\u00e7ais, notamment des peintures et des sculptures. Le <strong>Mus\u00e9e d&rsquo;Aquitaine<\/strong> est un mus\u00e9e fascinant qui explore l&rsquo;histoire de Bordeaux et de ses environs. Vous venez pour un week-end de deux jours pour visiter Bordeaux ? Profitez-en pour passer une journ\u00e9e sur le Bassin d&rsquo;Arcachon ou \u00e0 l&rsquo;oc\u00e9an. Vos enfants pourront se baigner ou faire du surf tout cela au milieu de la nature du sud-ouest.<\/p>\n<h2>Sites historiques de Bordeaux<\/h2>\n<p><strong>La ville de Bordeaux est riche en histoire<\/strong>, et la visite de ces sites historiques permettra aux adolescents de mieux comprendre le pass\u00e9 de la ville. Un des sites historiques important de Bordeaux est la<a href=\"https:\/\/www.bordeaux-citytours.com\/fr\/patrimoine\/la-place-de-la-bourse-et-le-miroir-deau\/\"> place de la Bourse<\/a>, qui est une place centrale de la ville. Construite en 1779, elle abrite l&rsquo;H\u00f4tel de Ville, la mairie de Bordeaux. Elle abrite \u00e9galement l&rsquo;hotel des douanes (actuelle Direction Interr\u00e9gionale des douanes et Droits Indirects) et le\u00a0<a title=\"Palais de la Bourse (Bordeaux)\" href=\"https:\/\/fr.wikipedia.org\/wiki\/Palais_de_la_Bourse_(Bordeaux)\">palais de <\/a>la<a title=\"Palais de la Bourse (Bordeaux)\" href=\"https:\/\/fr.wikipedia.org\/wiki\/Palais_de_la_Bourse_(Bordeaux)\"> Bourse<\/a>\u00a0(actuelle\u00a0Chambre de commerce et d&rsquo;industrie de Bordeaux). Vous pourrez \u00e9galement visiter <strong>le palais Gallien<\/strong>, ancien amphith\u00e9\u00e2tre romain aujourd&rsquo;hui en ruine. R\u00e9servez une visite pour d\u00e9couvrir sa passionnante histoire. Un autre site populaire \u00e0 Bordeaux est <strong>l&rsquo;\u00e9co-quartier Darwin<\/strong>, ce quartier ultra branch\u00e9, ravira \u00e0 coup s\u00fbr tous les adolescents fans de skate-board et de street-art.<\/p>\n<p><span style=\"color: #213c7c; font-size: 28px; font-weight: 900; text-transform: uppercase;\">Prenez de la hauteur pour visiter Bordeaux<\/span><\/p>\n<p>Vous souhaitez d\u00e9couvrir l&rsquo;ensemble des monuments de la ville de Bordeaux avec vos adolescents ?<\/p>\n<p>Montez dans le <a href=\"https:\/\/www.bordeaux-citytours.com\/fr\/les-city-tours\/bordeaux-visiotour\/\">bus VisioTour<\/a>, embarquement imm\u00e9diat pour <strong>visiter Bordeaux d&rsquo;hier et d&rsquo;aujourd&rsquo;hui<\/strong> ! La visite de Bordeaux labellis\u00e9e RSE et Tourisme et Handicap, permettra \u00e0 toutes les familles de pouvoir visiter et d\u00e9couvrir Bordeaux. Pendant 1H10 parcourez la ville de Bordeaux et d\u00e9couvrez son Histoire. Tout au long de la visite, vous pourrez entendre les commentaires en fran\u00e7ais, anglais ou espagnol d&rsquo;un guide conf\u00e9rencier. A la fin de votre visite bordelaise, <strong>vous serez incollable sur son histoire<\/strong>.<\/p>\n<h2>Activit\u00e9s amusantes pour les adolescents<\/h2>\n<p>Si vos ados aiment le sport, Bordeaux ne manque pas d&rsquo;options pour eux. <strong>La ville abrite de nombreux \u00e9v\u00e9nements et clubs sportifs,<\/strong> et Bordeaux accueille chaque ann\u00e9e un tournoi de tennis ATP Challenger 175. Bordeaux est \u00e9galement le si\u00e8ge de nombreux club de sport, comme les Girondins de Bordeaux, une \u00e9quipe de football qui \u00e9volue en Ligue 1 et joue ses matchs \u00e0 domicile au Stade Matmut Atlantique. Ou encore l&rsquo;Union Bordeaux B\u00e8gles au rugby qui \u00e9volue en Top 14 et joue ses matchs \u00e0 domicile au stade Chaban Delmas. La majorit\u00e9 des sports sont repr\u00e9sent\u00e9s \u00e0 Bordeaux, votre adolescent n&rsquo;aura que l&#8217;embarras du choix.<\/p>\n<p>Bordeaux est une excellente <strong>destination pour les adolescents<\/strong>, car elle propose des activit\u00e9s pour tous les centres d&rsquo;int\u00e9r\u00eat. De la d\u00e9couverte de l&rsquo;histoire de la ville en passant par la participation \u00e0 des \u00e9v\u00e9nements sportifs, il y a beaucoup de choses \u00e0 d\u00e9couvrir \u00e0 Bordeaux. Quels que soient leurs centres d&rsquo;int\u00e9r\u00eat, Bordeaux a de quoi satisfaire tous les adolescents.<\/p>\n","protected":false},"excerpt":{"rendered":"<p>Explorer Bordeaux avec des adolescents : Activit\u00e9s ludiques, sites historiques et cuisine locale Bordeaux est une ville magnifique et dynamique du sud-ouest de la France qui offre de nombreuses activit\u00e9s aux adolescents. Avec son architecture, son histoire et sa culture, les occasions d&rsquo;apprendre et d&rsquo;explorer sont nombreuses. Qu&rsquo;il s&rsquo;agisse de visites de sites historiques ou [&hellip;]<\/p>\n","protected":false},"author":2,"featured_media":779,"parent":581,"menu_order":0,"comment_status":"closed","ping_status":"closed","template":"","meta":{"_acf_changed":false,"footnotes":""},"class_list":["post-745","page","type-page","status-publish","has-post-thumbnail","hentry"],"acf":[],"yoast_head":"<!-- This site is optimized with the Yoast SEO plugin v26.6 - https:\/\/yoast.com\/wordpress\/plugins\/seo\/ -->\n<title>Visiter Bordeaux avec des adolescents - Bordeaux City Tours<\/title>\n<meta name=\"description\" content=\"D\u00e9couvrez les activit\u00e9s incontournables \u00e0 faire \u00e0 Bordeaux avec des adolescents ! Votre s\u00e9jour sera riche en d\u00e9couvertes !\" \/>\n<meta name=\"robots\" content=\"index, follow, max-snippet:-1, max-image-preview:large, max-video-preview:-1\" \/>\n<link rel=\"canonical\" href=\"https:\/\/www.bordeaux-citytours.com\/fr\/visiter-bordeaux\/visiter-bordeaux-avec-des-adolescents\/\" \/>\n<meta property=\"og:locale\" content=\"fr_FR\" \/>\n<meta property=\"og:type\" content=\"article\" \/>\n<meta property=\"og:title\" content=\"Visiter Bordeaux avec des adolescents - Bordeaux City Tours\" \/>\n<meta property=\"og:description\" content=\"D\u00e9couvrez les activit\u00e9s incontournables \u00e0 faire \u00e0 Bordeaux avec des adolescents ! Votre s\u00e9jour sera riche en d\u00e9couvertes !\" \/>\n<meta property=\"og:url\" content=\"https:\/\/www.bordeaux-citytours.com\/fr\/visiter-bordeaux\/visiter-bordeaux-avec-des-adolescents\/\" \/>\n<meta property=\"og:site_name\" content=\"Bordeaux City Tours\" \/>\n<meta property=\"article:modified_time\" content=\"2025-06-12T14:41:51+00:00\" \/>\n<meta property=\"og:image\" content=\"https:\/\/www.bordeaux-citytours.com\/wp-content\/uploads\/2023\/03\/visiter-bordeaux-avec-des-adolescents-1.png\" \/>\n\t<meta property=\"og:image:width\" content=\"2048\" \/>\n\t<meta property=\"og:image:height\" content=\"1024\" \/>\n\t<meta property=\"og:image:type\" content=\"image\/png\" \/>\n<meta name=\"twitter:card\" content=\"summary_large_image\" \/>\n<meta name=\"twitter:label1\" content=\"Dur\u00e9e de lecture estim\u00e9e\" \/>\n\t<meta name=\"twitter:data1\" content=\"4 minutes\" \/>\n<script type=\"application\/ld+json\" class=\"yoast-schema-graph\">{\"@context\":\"https:\/\/schema.org\",\"@graph\":[{\"@type\":\"WebPage\",\"@id\":\"https:\/\/www.bordeaux-citytours.com\/fr\/visiter-bordeaux\/visiter-bordeaux-avec-des-adolescents\/\",\"url\":\"https:\/\/www.bordeaux-citytours.com\/fr\/visiter-bordeaux\/visiter-bordeaux-avec-des-adolescents\/\",\"name\":\"Visiter Bordeaux avec des adolescents - Bordeaux City Tours\",\"isPartOf\":{\"@id\":\"https:\/\/www.bordeaux-citytours.com\/fr\/#website\"},\"primaryImageOfPage\":{\"@id\":\"https:\/\/www.bordeaux-citytours.com\/fr\/visiter-bordeaux\/visiter-bordeaux-avec-des-adolescents\/#primaryimage\"},\"image\":{\"@id\":\"https:\/\/www.bordeaux-citytours.com\/fr\/visiter-bordeaux\/visiter-bordeaux-avec-des-adolescents\/#primaryimage\"},\"thumbnailUrl\":\"https:\/\/www.bordeaux-citytours.com\/wp-content\/uploads\/2023\/03\/visiter-bordeaux-avec-des-adolescents-1.png\",\"datePublished\":\"2023-04-04T07:23:00+00:00\",\"dateModified\":\"2025-06-12T14:41:51+00:00\",\"description\":\"D\u00e9couvrez les activit\u00e9s incontournables \u00e0 faire \u00e0 Bordeaux avec des adolescents ! Votre s\u00e9jour sera riche en d\u00e9couvertes !\",\"breadcrumb\":{\"@id\":\"https:\/\/www.bordeaux-citytours.com\/fr\/visiter-bordeaux\/visiter-bordeaux-avec-des-adolescents\/#breadcrumb\"},\"inLanguage\":\"fr-FR\",\"potentialAction\":[{\"@type\":\"ReadAction\",\"target\":[\"https:\/\/www.bordeaux-citytours.com\/fr\/visiter-bordeaux\/visiter-bordeaux-avec-des-adolescents\/\"]}]},{\"@type\":\"ImageObject\",\"inLanguage\":\"fr-FR\",\"@id\":\"https:\/\/www.bordeaux-citytours.com\/fr\/visiter-bordeaux\/visiter-bordeaux-avec-des-adolescents\/#primaryimage\",\"url\":\"https:\/\/www.bordeaux-citytours.com\/wp-content\/uploads\/2023\/03\/visiter-bordeaux-avec-des-adolescents-1.png\",\"contentUrl\":\"https:\/\/www.bordeaux-citytours.com\/wp-content\/uploads\/2023\/03\/visiter-bordeaux-avec-des-adolescents-1.png\",\"width\":2048,\"height\":1024,\"caption\":\"Visiter Bordeaux avec des adolescents\"},{\"@type\":\"BreadcrumbList\",\"@id\":\"https:\/\/www.bordeaux-citytours.com\/fr\/visiter-bordeaux\/visiter-bordeaux-avec-des-adolescents\/#breadcrumb\",\"itemListElement\":[{\"@type\":\"ListItem\",\"position\":1,\"name\":\"Accueil\",\"item\":\"https:\/\/www.bordeaux-citytours.com\/fr\/\"},{\"@type\":\"ListItem\",\"position\":2,\"name\":\"Visiter Bordeaux\",\"item\":\"https:\/\/www.bordeaux-citytours.com\/fr\/visiter-bordeaux\/\"},{\"@type\":\"ListItem\",\"position\":3,\"name\":\"Visiter Bordeaux avec des adolescents\"}]},{\"@type\":\"WebSite\",\"@id\":\"https:\/\/www.bordeaux-citytours.com\/fr\/#website\",\"url\":\"https:\/\/www.bordeaux-citytours.com\/fr\/\",\"name\":\"Bordeaux City Tours\",\"description\":\"\",\"publisher\":{\"@id\":\"https:\/\/www.bordeaux-citytours.com\/fr\/#organization\"},\"potentialAction\":[{\"@type\":\"SearchAction\",\"target\":{\"@type\":\"EntryPoint\",\"urlTemplate\":\"https:\/\/www.bordeaux-citytours.com\/fr\/?s={search_term_string}\"},\"query-input\":{\"@type\":\"PropertyValueSpecification\",\"valueRequired\":true,\"valueName\":\"search_term_string\"}}],\"inLanguage\":\"fr-FR\"},{\"@type\":\"Organization\",\"@id\":\"https:\/\/www.bordeaux-citytours.com\/fr\/#organization\",\"name\":\"Bordeaux City Tours\",\"url\":\"https:\/\/www.bordeaux-citytours.com\/fr\/\",\"logo\":{\"@type\":\"ImageObject\",\"inLanguage\":\"fr-FR\",\"@id\":\"https:\/\/www.bordeaux-citytours.com\/fr\/#\/schema\/logo\/image\/\",\"url\":\"https:\/\/www.bordeaux-citytours.com\/wp-content\/uploads\/2023\/04\/logo-bordeaux-city-tours-1.png\",\"contentUrl\":\"https:\/\/www.bordeaux-citytours.com\/wp-content\/uploads\/2023\/04\/logo-bordeaux-city-tours-1.png\",\"width\":430,\"height\":166,\"caption\":\"Bordeaux City Tours\"},\"image\":{\"@id\":\"https:\/\/www.bordeaux-citytours.com\/fr\/#\/schema\/logo\/image\/\"},\"sameAs\":[\"https:\/\/www.instagram.com\/bordeauxcitytours\",\"https:\/\/www.linkedin.com\/company\/bordeaux-city-tours\"]}]}<\/script>\n<!-- \/ Yoast SEO plugin. -->","yoast_head_json":{"title":"Visiter Bordeaux avec des adolescents - Bordeaux City Tours","description":"D\u00e9couvrez les activit\u00e9s incontournables \u00e0 faire \u00e0 Bordeaux avec des adolescents ! Votre s\u00e9jour sera riche en d\u00e9couvertes !","robots":{"index":"index","follow":"follow","max-snippet":"max-snippet:-1","max-image-preview":"max-image-preview:large","max-video-preview":"max-video-preview:-1"},"canonical":"https:\/\/www.bordeaux-citytours.com\/fr\/visiter-bordeaux\/visiter-bordeaux-avec-des-adolescents\/","og_locale":"fr_FR","og_type":"article","og_title":"Visiter Bordeaux avec des adolescents - Bordeaux City Tours","og_description":"D\u00e9couvrez les activit\u00e9s incontournables \u00e0 faire \u00e0 Bordeaux avec des adolescents ! Votre s\u00e9jour sera riche en d\u00e9couvertes !","og_url":"https:\/\/www.bordeaux-citytours.com\/fr\/visiter-bordeaux\/visiter-bordeaux-avec-des-adolescents\/","og_site_name":"Bordeaux City Tours","article_modified_time":"2025-06-12T14:41:51+00:00","og_image":[{"width":2048,"height":1024,"url":"https:\/\/www.bordeaux-citytours.com\/wp-content\/uploads\/2023\/03\/visiter-bordeaux-avec-des-adolescents-1.png","type":"image\/png"}],"twitter_card":"summary_large_image","twitter_misc":{"Dur\u00e9e de lecture estim\u00e9e":"4 minutes"},"schema":{"@context":"https:\/\/schema.org","@graph":[{"@type":"WebPage","@id":"https:\/\/www.bordeaux-citytours.com\/fr\/visiter-bordeaux\/visiter-bordeaux-avec-des-adolescents\/","url":"https:\/\/www.bordeaux-citytours.com\/fr\/visiter-bordeaux\/visiter-bordeaux-avec-des-adolescents\/","name":"Visiter Bordeaux avec des adolescents - Bordeaux City Tours","isPartOf":{"@id":"https:\/\/www.bordeaux-citytours.com\/fr\/#website"},"primaryImageOfPage":{"@id":"https:\/\/www.bordeaux-citytours.com\/fr\/visiter-bordeaux\/visiter-bordeaux-avec-des-adolescents\/#primaryimage"},"image":{"@id":"https:\/\/www.bordeaux-citytours.com\/fr\/visiter-bordeaux\/visiter-bordeaux-avec-des-adolescents\/#primaryimage"},"thumbnailUrl":"https:\/\/www.bordeaux-citytours.com\/wp-content\/uploads\/2023\/03\/visiter-bordeaux-avec-des-adolescents-1.png","datePublished":"2023-04-04T07:23:00+00:00","dateModified":"2025-06-12T14:41:51+00:00","description":"D\u00e9couvrez les activit\u00e9s incontournables \u00e0 faire \u00e0 Bordeaux avec des adolescents ! Votre s\u00e9jour sera riche en d\u00e9couvertes !","breadcrumb":{"@id":"https:\/\/www.bordeaux-citytours.com\/fr\/visiter-bordeaux\/visiter-bordeaux-avec-des-adolescents\/#breadcrumb"},"inLanguage":"fr-FR","potentialAction":[{"@type":"ReadAction","target":["https:\/\/www.bordeaux-citytours.com\/fr\/visiter-bordeaux\/visiter-bordeaux-avec-des-adolescents\/"]}]},{"@type":"ImageObject","inLanguage":"fr-FR","@id":"https:\/\/www.bordeaux-citytours.com\/fr\/visiter-bordeaux\/visiter-bordeaux-avec-des-adolescents\/#primaryimage","url":"https:\/\/www.bordeaux-citytours.com\/wp-content\/uploads\/2023\/03\/visiter-bordeaux-avec-des-adolescents-1.png","contentUrl":"https:\/\/www.bordeaux-citytours.com\/wp-content\/uploads\/2023\/03\/visiter-bordeaux-avec-des-adolescents-1.png","width":2048,"height":1024,"caption":"Visiter Bordeaux avec des adolescents"},{"@type":"BreadcrumbList","@id":"https:\/\/www.bordeaux-citytours.com\/fr\/visiter-bordeaux\/visiter-bordeaux-avec-des-adolescents\/#breadcrumb","itemListElement":[{"@type":"ListItem","position":1,"name":"Accueil","item":"https:\/\/www.bordeaux-citytours.com\/fr\/"},{"@type":"ListItem","position":2,"name":"Visiter Bordeaux","item":"https:\/\/www.bordeaux-citytours.com\/fr\/visiter-bordeaux\/"},{"@type":"ListItem","position":3,"name":"Visiter Bordeaux avec des adolescents"}]},{"@type":"WebSite","@id":"https:\/\/www.bordeaux-citytours.com\/fr\/#website","url":"https:\/\/www.bordeaux-citytours.com\/fr\/","name":"Bordeaux City Tours","description":"","publisher":{"@id":"https:\/\/www.bordeaux-citytours.com\/fr\/#organization"},"potentialAction":[{"@type":"SearchAction","target":{"@type":"EntryPoint","urlTemplate":"https:\/\/www.bordeaux-citytours.com\/fr\/?s={search_term_string}"},"query-input":{"@type":"PropertyValueSpecification","valueRequired":true,"valueName":"search_term_string"}}],"inLanguage":"fr-FR"},{"@type":"Organization","@id":"https:\/\/www.bordeaux-citytours.com\/fr\/#organization","name":"Bordeaux City Tours","url":"https:\/\/www.bordeaux-citytours.com\/fr\/","logo":{"@type":"ImageObject","inLanguage":"fr-FR","@id":"https:\/\/www.bordeaux-citytours.com\/fr\/#\/schema\/logo\/image\/","url":"https:\/\/www.bordeaux-citytours.com\/wp-content\/uploads\/2023\/04\/logo-bordeaux-city-tours-1.png","contentUrl":"https:\/\/www.bordeaux-citytours.com\/wp-content\/uploads\/2023\/04\/logo-bordeaux-city-tours-1.png","width":430,"height":166,"caption":"Bordeaux City Tours"},"image":{"@id":"https:\/\/www.bordeaux-citytours.com\/fr\/#\/schema\/logo\/image\/"},"sameAs":["https:\/\/www.instagram.com\/bordeauxcitytours","https:\/\/www.linkedin.com\/company\/bordeaux-city-tours"]}]}},"_links":{"self":[{"href":"https:\/\/www.bordeaux-citytours.com\/fr\/wp-json\/wp\/v2\/pages\/745","targetHints":{"allow":["GET"]}}],"collection":[{"href":"https:\/\/www.bordeaux-citytours.com\/fr\/wp-json\/wp\/v2\/pages"}],"about":[{"href":"https:\/\/www.bordeaux-citytours.com\/fr\/wp-json\/wp\/v2\/types\/page"}],"author":[{"embeddable":true,"href":"https:\/\/www.bordeaux-citytours.com\/fr\/wp-json\/wp\/v2\/users\/2"}],"replies":[{"embeddable":true,"href":"https:\/\/www.bordeaux-citytours.com\/fr\/wp-json\/wp\/v2\/comments?post=745"}],"version-history":[{"count":2,"href":"https:\/\/www.bordeaux-citytours.com\/fr\/wp-json\/wp\/v2\/pages\/745\/revisions"}],"predecessor-version":[{"id":7151,"href":"https:\/\/www.bordeaux-citytours.com\/fr\/wp-json\/wp\/v2\/pages\/745\/revisions\/7151"}],"up":[{"embeddable":true,"href":"https:\/\/www.bordeaux-citytours.com\/fr\/wp-json\/wp\/v2\/pages\/581"}],"wp:featuredmedia":[{"embeddable":true,"href":"https:\/\/www.bordeaux-citytours.com\/fr\/wp-json\/wp\/v2\/media\/779"}],"wp:attachment":[{"href":"https:\/\/www.bordeaux-citytours.com\/fr\/wp-json\/wp\/v2\/media?parent=745"}],"curies":[{"name":"wp","href":"https:\/\/api.w.org\/{rel}","templated":true}]}}