{"id":685,"date":"2023-04-04T09:11:56","date_gmt":"2023-04-04T07:11:56","guid":{"rendered":"https:\/\/www.bordeaux-citytours.com\/?page_id=685"},"modified":"2023-05-04T16:56:14","modified_gmt":"2023-05-04T14:56:14","slug":"visiter-bordeaux-avec-des-enfants","status":"publish","type":"page","link":"https:\/\/www.bordeaux-citytours.com\/fr\/visiter-bordeaux\/visiter-bordeaux-avec-des-enfants\/","title":{"rendered":"Visiter Bordeaux avec des enfants"},"content":{"rendered":"<h1>Visiter Bordeaux avec ses enfants<\/h1>\n<p>Bordeaux est <strong>l&rsquo;une des plus belles villes de France<\/strong>. Elle abrite \u00e9galement certains des meilleurs vignobles et \u00e9tablissements vinicoles du pays. Et avec ses pittoresques b\u00e2timents du XIXe si\u00e8cle, ses ruelles pav\u00e9es et ses canaux, il existe de nombreux endroits \u00e0 explorer avec des enfants. Vous souhaitez visiter Bordeaux avec vos enfants, et vous ne savez pas quoi leur faire visiter ?<\/p>\n<h2>Visiter Bordeaux de jour avec vos enfants<\/h2>\n<p>Si vous ne disposez que d&rsquo;une journ\u00e9e pour <strong>explorer Bordeaux<\/strong>, profitez-en pour flaner dans le centre ville et le long des quaies de la Garonne. Il y a beaucoup de lieux adapt\u00e9s aux enfants \u00e0 visiter en une seule journ\u00e9e.<\/p>\n<p><img loading=\"lazy\" decoding=\"async\" class=\"size-full wp-image-690 alignright\" src=\"https:\/\/www.bordeaux-citytours.com\/wp-content\/uploads\/2023\/03\/visiter-bordeaux-avec-des-enfants.png\" alt=\"Visiter Bordeaux avec des enfants\" width=\"300\" height=\"300\" srcset=\"https:\/\/www.bordeaux-citytours.com\/wp-content\/uploads\/2023\/03\/visiter-bordeaux-avec-des-enfants.png 300w, https:\/\/www.bordeaux-citytours.com\/wp-content\/uploads\/2023\/03\/visiter-bordeaux-avec-des-enfants-150x150.png 150w, https:\/\/www.bordeaux-citytours.com\/wp-content\/uploads\/2023\/03\/visiter-bordeaux-avec-des-enfants-235x235.png 235w\" sizes=\"auto, (max-width: 300px) 100vw, 300px\" \/>Voici quelques-uns de nos pr\u00e9f\u00e9r\u00e9s :<\/p>\n<ul>\n<li><a href=\"https:\/\/www.bordeaux-citytours.com\/patrimoine\/la-place-de-la-bourse-et-le-miroir-deau\/\">Place de la Bourse<\/a> : c&rsquo;est l&rsquo;endroit id\u00e9al pour commencer votre journ\u00e9e \u00e0 Bordeaux. Visitez la c\u00e9l\u00e8bre <strong>Place de la Bourse<\/strong> et ses rues environnantes, o\u00f9 se trouve la plus belle architecture de la ville.<\/li>\n<\/ul>\n<ul>\n<li>La place Tourny et son c\u00e9l\u00e8bre man\u00e8ge, qui plaira \u00e0 coup s\u00fbr \u00e0 vos enfants<\/li>\n<li>Le <strong>Miroir d&rsquo;eau. <\/strong>Vos enfants seront aux anges de pouvoir jouer dans l&rsquo;eau et adamirer les reflet de la place de la Bourse sur le Miroir d&rsquo;eau<\/li>\n<\/ul>\n<ul>\n<li>Le grand th\u00e9atre avec sa programmation culturelle et p\u00e9dagogique<\/li>\n<li>L&rsquo;aquarium de Bordeaux : vous pouvez \u00e9galement visiter l&rsquo;Aquarium de Bordeaux et d\u00e9couvrir la magie du monde sous-marin.<\/li>\n<\/ul>\n<p>Vous souhaitez visitez les plus grands monuments de Bordeaux avec vos enfant ? Montez \u00e0 bord de notre bus\u00a0 et d\u00e9couvrez la ville vue d&rsquo;en haut. Bordeaux City tours vous fera d\u00e9couvrir des vues spectaculaires et des b\u00e2timents historiques, avec un guide qui vous racontera l&rsquo;histoire fascinante de la ville.<\/p>\n<h2>Visiter Bordeaux de nuit avec vos enfants<\/h2>\n<p>Les enfants adorent tenter de nouvelles exp\u00e9riences et d\u00e9couvrir de nouvelles choses, Bordeaux sera un terrain de jeu extraordinaire pour les petits curieux, c&rsquo;est une ville \u00e9tonnante \u00e0 visiter la nuit.<\/p>\n<p>Voici quelques-unes des meilleures choses \u00e0 faire \u00e0 Bordeaux \u00e0 la nuit tomb\u00e9e :<\/p>\n<ul>\n<li><strong>Bordeaux en bateau<\/strong> : Commencez votre soir\u00e9e par une croisi\u00e8re fluviale et d\u00e9couvrez la ville sous un angle diff\u00e9rent.<\/li>\n<li><strong>Bordeaux \u00e0 v\u00e9lo<\/strong> : La meilleure fa\u00e7on d&rsquo;explorer la ville est \u00e0 v\u00e9lo. Bordeaux est une ville tr\u00e8s accueillante pour les cyclistes, avec de nombreuses pistes cyclables prot\u00e9g\u00e9es pour que votre aventure se d\u00e9roule en toute s\u00e9curit\u00e9.<\/li>\n<li><a href=\"https:\/\/www.bordeaux-citytours.com\/fr\/\">Bordeaux en bus<\/a> : Pour quelque chose d&rsquo;un peu diff\u00e9rent, montez \u00e0 bord d&rsquo;un bus panoramique et d\u00e9couvrez Bordeaux de nuit. Profitez d&rsquo;un coucher du soleil sur la Garonne en famille.<\/li>\n<\/ul>\n<h2>Les monuments \u00e0 ne pas manquer lors de votre visite de Bordeaux avec vos enfants.<\/h2>\n<p>Lors de votre voyage \u00e0 Bordeaux, il y a de nombreux sites et attractions c\u00e9l\u00e8bres qu&rsquo;il ne faut pas manquer.<\/p>\n<p>Voici quelques-uns des meilleurs endroits \u00e0 visiter \u00e0 Bordeaux :<\/p>\n<ul>\n<li>La <a href=\"https:\/\/www.bordeaux-citytours.com\/fr\/patrimoine\/la-cathedrale-saint-andre-et-sa-tour-pey-berland\/\">cath\u00e9drale de Bordeaux.<\/a>\u00a0La cath\u00e9drale de Bordeaux est l&rsquo;un des sites les plus c\u00e9l\u00e8bres de la ville. C&rsquo;est un bel exemple d&rsquo;architecture gothique et il ne faut pas la manquer.<\/li>\n<\/ul>\n<ul>\n<li>L&rsquo;Aquarium de Bordeaux. L&rsquo;aquarium de Bordeaux est l&rsquo;un des meilleurs aquariums d&rsquo;Europe et une fantastique attraction familiale.<\/li>\n<\/ul>\n<ul>\n<li><a href=\"https:\/\/www.bordeaux-citytours.com\/fr\/que_faire_a_bordeaux\/la-cite-du-vin\/\">La Cit\u00e9 du Vin.<\/a>\u00a0La Cit\u00e9 du Vin est une attraction incontournable pour quiconque visite Bordeaux. Il s&rsquo;agit d&rsquo;un mus\u00e9e sur le th\u00e8me du vin qui explique l&rsquo;histoire de la viticulture en France. Le parcours th\u00e9matique \u00ab\u00a0Juniors\u00a0\u00bb les guide \u00e0 travers les espaces th\u00e9matiques pour leur offrir une exp\u00e9rience ludique et adapt\u00e9e. Vos enfants pourront ainsi d\u00e9couvrir les cultures et les civilisations du vin tout en s\u2019amusant.<\/li>\n<\/ul>\n<ul>\n<li><a href=\"https:\/\/www.bordeaux-citytours.com\/fr\/patrimoine\/la-place-des-quinconces\/\">Place des Quinconces<\/a>. La place des Quinconces est la plus grande place publique de France. Elle abrite \u00e9galement l&rsquo;imposante Colonne de la France, un m\u00e9morial aux soldats fran\u00e7ais tu\u00e9s pendant les deux guerres mondiales.<\/li>\n<\/ul>\n<ul>\n<li>Mus\u00e9e d&rsquo;Aquitaine. Le Mus\u00e9e d&rsquo;Aquitaine est un mus\u00e9e fascinant et incontournable pour les amateurs d&rsquo;art. Il retrace l&rsquo;histoire de la r\u00e9gion et de ses habitants \u00e0 travers l&rsquo;art, les objets et les expositions interactives.<\/li>\n<\/ul>\n<h2><img loading=\"lazy\" decoding=\"async\" class=\"size-full wp-image-483 alignleft\" src=\"https:\/\/www.bordeaux-citytours.com\/wp-content\/uploads\/2023\/03\/visiter-bordeaux-en-une-journee-2.png\" alt=\"Visiter Bordeaux en une journe\u0301e\" width=\"300\" height=\"300\" srcset=\"https:\/\/www.bordeaux-citytours.com\/wp-content\/uploads\/2023\/03\/visiter-bordeaux-en-une-journee-2.png 300w, https:\/\/www.bordeaux-citytours.com\/wp-content\/uploads\/2023\/03\/visiter-bordeaux-en-une-journee-2-150x150.png 150w, https:\/\/www.bordeaux-citytours.com\/wp-content\/uploads\/2023\/03\/visiter-bordeaux-en-une-journee-2-235x235.png 235w\" sizes=\"auto, (max-width: 300px) 100vw, 300px\" \/>Quand visiter Bordeaux avec des enfants ?<\/h2>\n<p>Bordeaux est une destination accessible toute l&rsquo;ann\u00e9e, mais les meilleurs mois pour la visiter sont le printemps (mars, avril) et l&rsquo;automne (septembre, octobre). L&rsquo;hiver peut \u00eatre froid et pluvieux, tandis que les \u00e9t\u00e9s peuvent \u00eatre tr\u00e8s chauds et humides. Vous souhaitez visiter Bordeaux lorsque la ville est un peu plus calme ? Le mois de\u00a0 juin et juillet sont les mois \u00e0 privil\u00e9gier.<\/p>\n<p>Bordeaux est une <strong>destination tr\u00e8s familiale<\/strong>, et il y a de nombreuses attractions et activit\u00e9s pour les enfants de tous \u00e2ges. Bordeaux a quelque chose \u00e0 offrir \u00e0 chacun, et tout le monde aimera visiter cette belle ville fran\u00e7aise. Visitez Bordeaux et d\u00e9couvrez la culture fran\u00e7aise, l&rsquo;architecture et la viticulture, le tout dans une ville \u00e9tonnante.<\/p>\n","protected":false},"excerpt":{"rendered":"<p>Visiter Bordeaux avec ses enfants Bordeaux est l&rsquo;une des plus belles villes de France. Elle abrite \u00e9galement certains des meilleurs vignobles et \u00e9tablissements vinicoles du pays. Et avec ses pittoresques b\u00e2timents du XIXe si\u00e8cle, ses ruelles pav\u00e9es et ses canaux, il existe de nombreux endroits \u00e0 explorer avec des enfants. Vous souhaitez visiter Bordeaux avec [&hellip;]<\/p>\n","protected":false},"author":2,"featured_media":721,"parent":581,"menu_order":0,"comment_status":"closed","ping_status":"closed","template":"","meta":{"_acf_changed":false,"footnotes":""},"class_list":["post-685","page","type-page","status-publish","has-post-thumbnail","hentry"],"acf":[],"yoast_head":"<!-- This site is optimized with the Yoast SEO plugin v26.6 - https:\/\/yoast.com\/wordpress\/plugins\/seo\/ -->\n<title>Visiter Bordeaux avec des enfants - Bordeaux City Tours<\/title>\n<meta name=\"description\" content=\"Vous souhaitez visiter Bordeaux avec vos enfants ? Profitez de votre visite pour r\u00e9server un billet pour le visiotour et d\u00e9couvrez la ville !\" \/>\n<meta name=\"robots\" content=\"index, follow, max-snippet:-1, max-image-preview:large, max-video-preview:-1\" \/>\n<link rel=\"canonical\" href=\"https:\/\/www.bordeaux-citytours.com\/fr\/visiter-bordeaux\/visiter-bordeaux-avec-des-enfants\/\" \/>\n<meta property=\"og:locale\" content=\"fr_FR\" \/>\n<meta property=\"og:type\" content=\"article\" \/>\n<meta property=\"og:title\" content=\"Visiter Bordeaux avec des enfants - Bordeaux City Tours\" \/>\n<meta property=\"og:description\" content=\"Vous souhaitez visiter Bordeaux avec vos enfants ? Profitez de votre visite pour r\u00e9server un billet pour le visiotour et d\u00e9couvrez la ville !\" \/>\n<meta property=\"og:url\" content=\"https:\/\/www.bordeaux-citytours.com\/fr\/visiter-bordeaux\/visiter-bordeaux-avec-des-enfants\/\" \/>\n<meta property=\"og:site_name\" content=\"Bordeaux City Tours\" \/>\n<meta property=\"article:modified_time\" content=\"2023-05-04T14:56:14+00:00\" \/>\n<meta property=\"og:image\" content=\"https:\/\/www.bordeaux-citytours.com\/wp-content\/uploads\/2023\/03\/visiter-bordeaux-avec-des-enfants-1.png\" \/>\n\t<meta property=\"og:image:width\" content=\"2048\" \/>\n\t<meta property=\"og:image:height\" content=\"1024\" \/>\n\t<meta property=\"og:image:type\" content=\"image\/png\" \/>\n<meta name=\"twitter:card\" content=\"summary_large_image\" \/>\n<meta name=\"twitter:label1\" content=\"Dur\u00e9e de lecture estim\u00e9e\" \/>\n\t<meta name=\"twitter:data1\" content=\"5 minutes\" \/>\n<script type=\"application\/ld+json\" class=\"yoast-schema-graph\">{\"@context\":\"https:\/\/schema.org\",\"@graph\":[{\"@type\":\"WebPage\",\"@id\":\"https:\/\/www.bordeaux-citytours.com\/fr\/visiter-bordeaux\/visiter-bordeaux-avec-des-enfants\/\",\"url\":\"https:\/\/www.bordeaux-citytours.com\/fr\/visiter-bordeaux\/visiter-bordeaux-avec-des-enfants\/\",\"name\":\"Visiter Bordeaux avec des enfants - Bordeaux City Tours\",\"isPartOf\":{\"@id\":\"https:\/\/www.bordeaux-citytours.com\/fr\/#website\"},\"primaryImageOfPage\":{\"@id\":\"https:\/\/www.bordeaux-citytours.com\/fr\/visiter-bordeaux\/visiter-bordeaux-avec-des-enfants\/#primaryimage\"},\"image\":{\"@id\":\"https:\/\/www.bordeaux-citytours.com\/fr\/visiter-bordeaux\/visiter-bordeaux-avec-des-enfants\/#primaryimage\"},\"thumbnailUrl\":\"https:\/\/www.bordeaux-citytours.com\/wp-content\/uploads\/2023\/03\/visiter-bordeaux-avec-des-enfants-1.png\",\"datePublished\":\"2023-04-04T07:11:56+00:00\",\"dateModified\":\"2023-05-04T14:56:14+00:00\",\"description\":\"Vous souhaitez visiter Bordeaux avec vos enfants ? Profitez de votre visite pour r\u00e9server un billet pour le visiotour et d\u00e9couvrez la ville !\",\"breadcrumb\":{\"@id\":\"https:\/\/www.bordeaux-citytours.com\/fr\/visiter-bordeaux\/visiter-bordeaux-avec-des-enfants\/#breadcrumb\"},\"inLanguage\":\"fr-FR\",\"potentialAction\":[{\"@type\":\"ReadAction\",\"target\":[\"https:\/\/www.bordeaux-citytours.com\/fr\/visiter-bordeaux\/visiter-bordeaux-avec-des-enfants\/\"]}]},{\"@type\":\"ImageObject\",\"inLanguage\":\"fr-FR\",\"@id\":\"https:\/\/www.bordeaux-citytours.com\/fr\/visiter-bordeaux\/visiter-bordeaux-avec-des-enfants\/#primaryimage\",\"url\":\"https:\/\/www.bordeaux-citytours.com\/wp-content\/uploads\/2023\/03\/visiter-bordeaux-avec-des-enfants-1.png\",\"contentUrl\":\"https:\/\/www.bordeaux-citytours.com\/wp-content\/uploads\/2023\/03\/visiter-bordeaux-avec-des-enfants-1.png\",\"width\":2048,\"height\":1024,\"caption\":\"Visiter Bordeaux avec des enfants\"},{\"@type\":\"BreadcrumbList\",\"@id\":\"https:\/\/www.bordeaux-citytours.com\/fr\/visiter-bordeaux\/visiter-bordeaux-avec-des-enfants\/#breadcrumb\",\"itemListElement\":[{\"@type\":\"ListItem\",\"position\":1,\"name\":\"Accueil\",\"item\":\"https:\/\/www.bordeaux-citytours.com\/fr\/\"},{\"@type\":\"ListItem\",\"position\":2,\"name\":\"Visiter Bordeaux\",\"item\":\"https:\/\/www.bordeaux-citytours.com\/fr\/visiter-bordeaux\/\"},{\"@type\":\"ListItem\",\"position\":3,\"name\":\"Visiter Bordeaux avec des enfants\"}]},{\"@type\":\"WebSite\",\"@id\":\"https:\/\/www.bordeaux-citytours.com\/fr\/#website\",\"url\":\"https:\/\/www.bordeaux-citytours.com\/fr\/\",\"name\":\"Bordeaux City Tours\",\"description\":\"\",\"publisher\":{\"@id\":\"https:\/\/www.bordeaux-citytours.com\/fr\/#organization\"},\"potentialAction\":[{\"@type\":\"SearchAction\",\"target\":{\"@type\":\"EntryPoint\",\"urlTemplate\":\"https:\/\/www.bordeaux-citytours.com\/fr\/?s={search_term_string}\"},\"query-input\":{\"@type\":\"PropertyValueSpecification\",\"valueRequired\":true,\"valueName\":\"search_term_string\"}}],\"inLanguage\":\"fr-FR\"},{\"@type\":\"Organization\",\"@id\":\"https:\/\/www.bordeaux-citytours.com\/fr\/#organization\",\"name\":\"Bordeaux City Tours\",\"url\":\"https:\/\/www.bordeaux-citytours.com\/fr\/\",\"logo\":{\"@type\":\"ImageObject\",\"inLanguage\":\"fr-FR\",\"@id\":\"https:\/\/www.bordeaux-citytours.com\/fr\/#\/schema\/logo\/image\/\",\"url\":\"https:\/\/www.bordeaux-citytours.com\/wp-content\/uploads\/2023\/04\/logo-bordeaux-city-tours-1.png\",\"contentUrl\":\"https:\/\/www.bordeaux-citytours.com\/wp-content\/uploads\/2023\/04\/logo-bordeaux-city-tours-1.png\",\"width\":430,\"height\":166,\"caption\":\"Bordeaux City Tours\"},\"image\":{\"@id\":\"https:\/\/www.bordeaux-citytours.com\/fr\/#\/schema\/logo\/image\/\"},\"sameAs\":[\"https:\/\/www.instagram.com\/bordeauxcitytours\",\"https:\/\/www.linkedin.com\/company\/bordeaux-city-tours\"]}]}<\/script>\n<!-- \/ Yoast SEO plugin. -->","yoast_head_json":{"title":"Visiter Bordeaux avec des enfants - Bordeaux City Tours","description":"Vous souhaitez visiter Bordeaux avec vos enfants ? Profitez de votre visite pour r\u00e9server un billet pour le visiotour et d\u00e9couvrez la ville !","robots":{"index":"index","follow":"follow","max-snippet":"max-snippet:-1","max-image-preview":"max-image-preview:large","max-video-preview":"max-video-preview:-1"},"canonical":"https:\/\/www.bordeaux-citytours.com\/fr\/visiter-bordeaux\/visiter-bordeaux-avec-des-enfants\/","og_locale":"fr_FR","og_type":"article","og_title":"Visiter Bordeaux avec des enfants - Bordeaux City Tours","og_description":"Vous souhaitez visiter Bordeaux avec vos enfants ? Profitez de votre visite pour r\u00e9server un billet pour le visiotour et d\u00e9couvrez la ville !","og_url":"https:\/\/www.bordeaux-citytours.com\/fr\/visiter-bordeaux\/visiter-bordeaux-avec-des-enfants\/","og_site_name":"Bordeaux City Tours","article_modified_time":"2023-05-04T14:56:14+00:00","og_image":[{"width":2048,"height":1024,"url":"https:\/\/www.bordeaux-citytours.com\/wp-content\/uploads\/2023\/03\/visiter-bordeaux-avec-des-enfants-1.png","type":"image\/png"}],"twitter_card":"summary_large_image","twitter_misc":{"Dur\u00e9e de lecture estim\u00e9e":"5 minutes"},"schema":{"@context":"https:\/\/schema.org","@graph":[{"@type":"WebPage","@id":"https:\/\/www.bordeaux-citytours.com\/fr\/visiter-bordeaux\/visiter-bordeaux-avec-des-enfants\/","url":"https:\/\/www.bordeaux-citytours.com\/fr\/visiter-bordeaux\/visiter-bordeaux-avec-des-enfants\/","name":"Visiter Bordeaux avec des enfants - Bordeaux City Tours","isPartOf":{"@id":"https:\/\/www.bordeaux-citytours.com\/fr\/#website"},"primaryImageOfPage":{"@id":"https:\/\/www.bordeaux-citytours.com\/fr\/visiter-bordeaux\/visiter-bordeaux-avec-des-enfants\/#primaryimage"},"image":{"@id":"https:\/\/www.bordeaux-citytours.com\/fr\/visiter-bordeaux\/visiter-bordeaux-avec-des-enfants\/#primaryimage"},"thumbnailUrl":"https:\/\/www.bordeaux-citytours.com\/wp-content\/uploads\/2023\/03\/visiter-bordeaux-avec-des-enfants-1.png","datePublished":"2023-04-04T07:11:56+00:00","dateModified":"2023-05-04T14:56:14+00:00","description":"Vous souhaitez visiter Bordeaux avec vos enfants ? Profitez de votre visite pour r\u00e9server un billet pour le visiotour et d\u00e9couvrez la ville !","breadcrumb":{"@id":"https:\/\/www.bordeaux-citytours.com\/fr\/visiter-bordeaux\/visiter-bordeaux-avec-des-enfants\/#breadcrumb"},"inLanguage":"fr-FR","potentialAction":[{"@type":"ReadAction","target":["https:\/\/www.bordeaux-citytours.com\/fr\/visiter-bordeaux\/visiter-bordeaux-avec-des-enfants\/"]}]},{"@type":"ImageObject","inLanguage":"fr-FR","@id":"https:\/\/www.bordeaux-citytours.com\/fr\/visiter-bordeaux\/visiter-bordeaux-avec-des-enfants\/#primaryimage","url":"https:\/\/www.bordeaux-citytours.com\/wp-content\/uploads\/2023\/03\/visiter-bordeaux-avec-des-enfants-1.png","contentUrl":"https:\/\/www.bordeaux-citytours.com\/wp-content\/uploads\/2023\/03\/visiter-bordeaux-avec-des-enfants-1.png","width":2048,"height":1024,"caption":"Visiter Bordeaux avec des enfants"},{"@type":"BreadcrumbList","@id":"https:\/\/www.bordeaux-citytours.com\/fr\/visiter-bordeaux\/visiter-bordeaux-avec-des-enfants\/#breadcrumb","itemListElement":[{"@type":"ListItem","position":1,"name":"Accueil","item":"https:\/\/www.bordeaux-citytours.com\/fr\/"},{"@type":"ListItem","position":2,"name":"Visiter Bordeaux","item":"https:\/\/www.bordeaux-citytours.com\/fr\/visiter-bordeaux\/"},{"@type":"ListItem","position":3,"name":"Visiter Bordeaux avec des enfants"}]},{"@type":"WebSite","@id":"https:\/\/www.bordeaux-citytours.com\/fr\/#website","url":"https:\/\/www.bordeaux-citytours.com\/fr\/","name":"Bordeaux City Tours","description":"","publisher":{"@id":"https:\/\/www.bordeaux-citytours.com\/fr\/#organization"},"potentialAction":[{"@type":"SearchAction","target":{"@type":"EntryPoint","urlTemplate":"https:\/\/www.bordeaux-citytours.com\/fr\/?s={search_term_string}"},"query-input":{"@type":"PropertyValueSpecification","valueRequired":true,"valueName":"search_term_string"}}],"inLanguage":"fr-FR"},{"@type":"Organization","@id":"https:\/\/www.bordeaux-citytours.com\/fr\/#organization","name":"Bordeaux City Tours","url":"https:\/\/www.bordeaux-citytours.com\/fr\/","logo":{"@type":"ImageObject","inLanguage":"fr-FR","@id":"https:\/\/www.bordeaux-citytours.com\/fr\/#\/schema\/logo\/image\/","url":"https:\/\/www.bordeaux-citytours.com\/wp-content\/uploads\/2023\/04\/logo-bordeaux-city-tours-1.png","contentUrl":"https:\/\/www.bordeaux-citytours.com\/wp-content\/uploads\/2023\/04\/logo-bordeaux-city-tours-1.png","width":430,"height":166,"caption":"Bordeaux City Tours"},"image":{"@id":"https:\/\/www.bordeaux-citytours.com\/fr\/#\/schema\/logo\/image\/"},"sameAs":["https:\/\/www.instagram.com\/bordeauxcitytours","https:\/\/www.linkedin.com\/company\/bordeaux-city-tours"]}]}},"_links":{"self":[{"href":"https:\/\/www.bordeaux-citytours.com\/fr\/wp-json\/wp\/v2\/pages\/685","targetHints":{"allow":["GET"]}}],"collection":[{"href":"https:\/\/www.bordeaux-citytours.com\/fr\/wp-json\/wp\/v2\/pages"}],"about":[{"href":"https:\/\/www.bordeaux-citytours.com\/fr\/wp-json\/wp\/v2\/types\/page"}],"author":[{"embeddable":true,"href":"https:\/\/www.bordeaux-citytours.com\/fr\/wp-json\/wp\/v2\/users\/2"}],"replies":[{"embeddable":true,"href":"https:\/\/www.bordeaux-citytours.com\/fr\/wp-json\/wp\/v2\/comments?post=685"}],"version-history":[{"count":2,"href":"https:\/\/www.bordeaux-citytours.com\/fr\/wp-json\/wp\/v2\/pages\/685\/revisions"}],"predecessor-version":[{"id":2758,"href":"https:\/\/www.bordeaux-citytours.com\/fr\/wp-json\/wp\/v2\/pages\/685\/revisions\/2758"}],"up":[{"embeddable":true,"href":"https:\/\/www.bordeaux-citytours.com\/fr\/wp-json\/wp\/v2\/pages\/581"}],"wp:featuredmedia":[{"embeddable":true,"href":"https:\/\/www.bordeaux-citytours.com\/fr\/wp-json\/wp\/v2\/media\/721"}],"wp:attachment":[{"href":"https:\/\/www.bordeaux-citytours.com\/fr\/wp-json\/wp\/v2\/media?parent=685"}],"curies":[{"name":"wp","href":"https:\/\/api.w.org\/{rel}","templated":true}]}}