{"id":603,"date":"2023-04-04T10:01:09","date_gmt":"2023-04-04T08:01:09","guid":{"rendered":"https:\/\/www.bordeaux-citytours.com\/?page_id=603"},"modified":"2023-04-07T15:12:30","modified_gmt":"2023-04-07T13:12:30","slug":"visiter-bordeaux-en-hiver","status":"publish","type":"page","link":"https:\/\/www.bordeaux-citytours.com\/fr\/visiter-bordeaux\/visiter-bordeaux-en-hiver\/","title":{"rendered":"Visiter Bordeaux en hiver"},"content":{"rendered":"<h1>Visiter Bordeaux en hiver<\/h1>\n<p><strong>\u00ab\u00a0La Belle endormie\u00a0\u00bb, <\/strong>cela vous dit quelque chose ? C&rsquo;est sous cette appelation que l&rsquo;on nomme aussi la ville de Bordeaux. Aussi riche pour son patrimoine que sa gastronomie, Bordeaux est l&rsquo;une des destinations les plus convoit\u00e9e. En effet, chaque ann\u00e9e, c&rsquo;est plus de 200 000 touristes, qui viennent s\u00e9journer \u00e0 Bordeaux, \u00e9t\u00e9 comme hiver, il y a une multitude d&rsquo;activit\u00e9s \u00e0 r\u00e9aliser ! <strong>Bordeaux est une destination id\u00e9ale pour une escapade hivernale<\/strong>. Alors, si vous \u00eates \u00e0 la recherche de <strong>vacances d&rsquo;hiver au coeur d&rsquo;une ville<\/strong>, ce guide vous aidera \u00e0 d\u00e9couvrir le meilleur de Bordeaux.<\/p>\n<h2>Une ville pleine de charme<\/h2>\n<p><img loading=\"lazy\" decoding=\"async\" class=\"wp-image-699 alignright\" src=\"https:\/\/www.bordeaux-citytours.com\/wp-content\/uploads\/2023\/03\/my-project-7-300x200.png\" alt=\"vue panoramique de bordeaux\" width=\"500\" height=\"333\" srcset=\"https:\/\/www.bordeaux-citytours.com\/wp-content\/uploads\/2023\/03\/my-project-7-300x200.png 300w, https:\/\/www.bordeaux-citytours.com\/wp-content\/uploads\/2023\/03\/my-project-7-768x512.png 768w, https:\/\/www.bordeaux-citytours.com\/wp-content\/uploads\/2023\/03\/my-project-7.png 990w\" sizes=\"auto, (max-width: 500px) 100vw, 500px\" \/><\/p>\n<p>La ville de Bordeaux est connue pour son architecture \u00e9tonnante, avec un <strong>m\u00e9lange de b\u00e2timents m\u00e9di\u00e9vaux et modernes<\/strong>.<\/p>\n<p>La ville est divis\u00e9e en deux parties : la rive droite et la rive gauche. La rive gauche est la partie la plus ancienne de la ville, tandis que la rive droite, \u00e0 des infrastructures plus moderne. La rive gauche est connue pour sa <strong>grande architecture<\/strong>, ses rues pav\u00e9es, ses mus\u00e9es et boutiques. Tandis que la rive droite penche plus du c\u00f4t\u00e9 du street art et de la modernit\u00e9. On y retrouve le c\u00e9l\u00e8bre quartier de Darwin \u00e9cosyst\u00e8me ou encore le grand cin\u00e9ma, M\u00e9garama, avec ces 20 salles de cin\u00e9ma.<\/p>\n<p>Bordeaux est \u00e9galement <strong>une destination de choix pour les gourmands<\/strong>. La ville regorge de restaurants et de caf\u00e9s, qui proposent une cuisine fran\u00e7aise traditionnelle et des plats internationaux. D&rsquo;autant plus si vous \u00eates un amateur de vin ! Bordeaux est la destination id\u00e9ale pour vous.<\/p>\n<h2>Le meilleur moment pour visiter Bordeaux<\/h2>\n<p><strong>La meilleure p\u00e9riode pour visiter Bordeaux va d&rsquo;octobre \u00e0 avril<\/strong>. Pendant cette p\u00e9riode, le temps est doux et la ville est moins fr\u00e9quent\u00e9e. Les mois d&rsquo;hiver offrent \u00e9galement de nombreuses activit\u00e9s, des march\u00e9s de No\u00ebl au patinage sur glace.<\/p>\n<h2>Que faire \u00e0 Bordeaux ?<\/h2>\n<p>En ce qui concerne les activit\u00e9s \u00e0 r\u00e9aliser \u00e0 Bordeaux durant les p\u00e9riodes plus fra\u00eeches, ces derni\u00e8res sont nombreuses :<\/p>\n<p>. Voici quelques-unes des <strong>meilleures activit\u00e9s<\/strong> <strong>\u00e0 pratiquer lors d&rsquo;une visite \u00e0 Bordeaux<\/strong> :<\/p>\n<ul>\n<li><strong>Explorez la ville<\/strong> &#8211; Prenez le temps d&rsquo;explorer les sites historiques de la ville, tels que le Grand Th\u00e9\u00e2tre, la Cath\u00e9drale St-Andr\u00e9 et le Palais de la Bourse. Vous pouvez \u00e9galement faire une visite \u00e0 pied des quartiers historiques de la ville et explorer ses rues pav\u00e9es et son architecture imposante. Si vous ne savez pas par o\u00f9 commencer, faites confiance \u00e0 Bordeaux City Tours et son Visiteur ! Vous pourrez ainsi visiter Bordeaux et conna\u00eetre ses moindres secrets.<\/li>\n<li><strong>D\u00e9gustation de vins<\/strong> &#8211; Bordeaux abrite certains des meilleurs vins du monde. Vous pouvez visiter l&rsquo;un des nombreux \u00e9tablissements vinicoles de la ville ou faire un tour dans les vignobles.<\/li>\n<li><strong>Shopping<\/strong> &#8211; Bordeaux poss\u00e8de une abondance de boutiques et de magasins, des v\u00eatements de marque aux articles vintage. Vous pouvez \u00e9galement explorer les march\u00e9s de la ville, o\u00f9 vous trouverez des produits frais et des cadeaux faits main.<\/li>\n<li><strong>D\u00e9tendez-vous<\/strong> &#8211; Bordeaux est un endroit id\u00e9al pour se d\u00e9tendre et se relaxer. Vous pouvez vous promener le long des berges ou faire une croisi\u00e8re sur la Garonne.<\/li>\n<\/ul>\n<h2>Meilleurs endroits \u00e0 visiter \u00e0 Bordeaux<\/h2>\n<p><img loading=\"lazy\" decoding=\"async\" class=\"aligncenter wp-image-708\" src=\"https:\/\/www.bordeaux-citytours.com\/wp-content\/uploads\/2023\/03\/my-project-7-1-300x200.png\" alt=\"cath\u00e9drale st andr\u00e9 borrdeaux \" width=\"500\" height=\"333\" srcset=\"https:\/\/www.bordeaux-citytours.com\/wp-content\/uploads\/2023\/03\/my-project-7-1-300x200.png 300w, https:\/\/www.bordeaux-citytours.com\/wp-content\/uploads\/2023\/03\/my-project-7-1-768x512.png 768w, https:\/\/www.bordeaux-citytours.com\/wp-content\/uploads\/2023\/03\/my-project-7-1.png 990w\" sizes=\"auto, (max-width: 500px) 100vw, 500px\" \/><\/p>\n<p>Bordeaux regorge de <strong>lieux\u00a0incontournables<\/strong>. Voici quelques-uns des meilleurs endroits \u00e0 visiter dans la ville, en hiver :<\/p>\n<ul>\n<li><a href=\"https:\/\/www.bordeaux-citytours.com\/patrimoine\/la-place-de-la-bourse-et-le-miroir-deau\/\"><strong>Place de la Bourse<\/strong><\/a> &#8211; Cette place embl\u00e9matique abrite le Palais de la Bourse. C&rsquo;est \u00e9galement un endroit id\u00e9al pour observer l&rsquo;architecture de la ville et avoir une vue d&rsquo;ensemble sur les quais.<\/li>\n<li><strong>Cath\u00e9drale St-Andr\u00e9<\/strong> &#8211; Cette superbe cath\u00e9drale est l&rsquo;un des sites les plus impressionnants de Bordeaux. Elle a \u00e9t\u00e9 construite au 12\u00e8me si\u00e8cle et abrite de magnifiques vitraux.<\/li>\n<li><strong>Rue Sainte-Catherine<\/strong> &#8211; Il s&rsquo;agit de la plus longue rue pi\u00e9tonne d&rsquo;Europe. Vous y trouverez certains des meilleurs magasins et restaurants de la ville.<\/li>\n<li><strong>La <a href=\"https:\/\/www.bordeaux-citytours.com\/patrimoine\/la-cite-du-vin\/\">Cit\u00e9 du vin<\/a><\/strong> &#8211; D\u00e9couvrez toute l&rsquo;histoire du vin et profitez en pour d\u00e9guster les meilleures vins de la r\u00e9gion mais \u00e9galement du monde.<\/li>\n<li><strong>Place des Quinconces<\/strong> &#8211; C&rsquo;est l&rsquo;une des plus grandes places publiques d&rsquo;Europe, o\u00f9 se trouve \u00e9galement le Monument aux Girondins et sa c\u00e9l\u00e8bre fontaine.<\/li>\n<\/ul>\n<h2>\u00c9v\u00e9nements saisonniers \u00e0 Bordeaux<\/h2>\n<p>Bordeaux est connue pour ses <strong>\u00e9v\u00e9nements saisonniers<\/strong>. Voici quelques-uns des meilleurs \u00e9v\u00e9nements \u00e0 appr\u00e9cier lors d&rsquo;une visite de la ville :<\/p>\n<ul>\n<li><strong>March\u00e9s de No\u00ebl<\/strong> &#8211; Bordeaux compte plusieurs march\u00e9s de No\u00ebl, o\u00f9 vous pouvez trouver une vari\u00e9t\u00e9 de cadeaux et de souvenirs.<\/li>\n<li><strong>Patinage sur glace<\/strong> &#8211; Pendant les mois d&rsquo;hiver, vous pouvez faire du patinage sur glace sur les principales places de la ville.<\/li>\n<li><strong>C\u00e9l\u00e9brations du Nouvel An<\/strong> &#8211; Bordeaux propose de nombreuses c\u00e9l\u00e9brations du Nouvel An, des f\u00eates de rue traditionnelles aux feux d&rsquo;artifice.<\/li>\n<li><strong>Carnaval de Bordeaux<\/strong> &#8211; L&rsquo;un des plus grands carnavals de France, qui a lieu en f\u00e9vrier.<\/li>\n<\/ul>\n<h2>Conseils pour visiter Bordeaux en hiver<\/h2>\n<p>Voici quelques conseils pour visiter Bordeaux en hiver :<\/p>\n<ul>\n<li>Prenez un parapluie &#8211; C&rsquo;est toujours une bonne id\u00e9e d&rsquo;avoir un parapluie avec vous, car le temps peut \u00eatre pluvieux et venteux.<\/li>\n<li>Apportez des chaussures confortables &#8211; La ville est pleine de rues pav\u00e9es et de terrains vallonn\u00e9s, il est donc important de porter des chaussures confortables.<\/li>\n<li>R\u00e9servez \u00e0 l&rsquo;avance &#8211; C&rsquo;est toujours une bonne id\u00e9e de r\u00e9server votre h\u00e9bergement et vos activit\u00e9s \u00e0 l&rsquo;avance, car la ville peut \u00eatre bond\u00e9e pendant les mois d&rsquo;hiver.<\/li>\n<\/ul>\n<p>Si vous \u00eates \u00e0 la recherche d&rsquo;<strong>une escapade hivernale<\/strong>, Bordeaux est donc une destination id\u00e9ale. Gr\u00e2ce \u00e0 ce guide, vous pourrez explorer le meilleur de Bordeaux et passer de belles vacances d&rsquo;hiver.<\/p>\n<p>Si vous \u00eates pr\u00eat \u00e0 explorer Bordeaux en hiver, r\u00e9servez votre s\u00e9jour d\u00e8s aujourd&rsquo;hui et <strong>commencez \u00e0 planifier votre escapade dans cette belle ville<\/strong>. Et n\u2019oubliez pas, si vous souhaitez en conna\u00eetre d\u2019avantage sur Bordeaux et ses secrets, <a href=\"https:\/\/www.bordeaux-citytours.com\/fr\/les-city-tours\/bordeaux-visiotour\/\">r\u00e9server d\u00e8s maintenant<\/a> votre place dans notre Visiotour.<\/p>\n<p>Bon week-end \u00e0 Bordeaux !<\/p>\n","protected":false},"excerpt":{"rendered":"<p>Visiter Bordeaux en hiver \u00ab\u00a0La Belle endormie\u00a0\u00bb, cela vous dit quelque chose ? C&rsquo;est sous cette appelation que l&rsquo;on nomme aussi la ville de Bordeaux. Aussi riche pour son patrimoine que sa gastronomie, Bordeaux est l&rsquo;une des destinations les plus convoit\u00e9e. En effet, chaque ann\u00e9e, c&rsquo;est plus de 200 000 touristes, qui viennent s\u00e9journer \u00e0 [&hellip;]<\/p>\n","protected":false},"author":2,"featured_media":846,"parent":581,"menu_order":0,"comment_status":"closed","ping_status":"closed","template":"","meta":{"_acf_changed":false,"footnotes":""},"class_list":["post-603","page","type-page","status-publish","has-post-thumbnail","hentry"],"acf":[],"yoast_head":"<!-- This site is optimized with the Yoast SEO plugin v26.6 - https:\/\/yoast.com\/wordpress\/plugins\/seo\/ -->\n<title>Visiter Bordeaux en hiver - Bordeaux City Tours<\/title>\n<meta name=\"description\" content=\"Vous souhaitez visiter Bordeaux en hiver ? Profitez de notre programme et partez \u00e0 la conqu\u00eate de Bordeaux, \u00e0 bord de notre visiotour !\" \/>\n<meta name=\"robots\" content=\"index, follow, max-snippet:-1, max-image-preview:large, max-video-preview:-1\" \/>\n<link rel=\"canonical\" href=\"https:\/\/www.bordeaux-citytours.com\/fr\/visiter-bordeaux\/visiter-bordeaux-en-hiver\/\" \/>\n<meta property=\"og:locale\" content=\"fr_FR\" \/>\n<meta property=\"og:type\" content=\"article\" \/>\n<meta property=\"og:title\" content=\"Visiter Bordeaux en hiver - Bordeaux City Tours\" \/>\n<meta property=\"og:description\" content=\"Vous souhaitez visiter Bordeaux en hiver ? Profitez de notre programme et partez \u00e0 la conqu\u00eate de Bordeaux, \u00e0 bord de notre visiotour !\" \/>\n<meta property=\"og:url\" content=\"https:\/\/www.bordeaux-citytours.com\/fr\/visiter-bordeaux\/visiter-bordeaux-en-hiver\/\" \/>\n<meta property=\"og:site_name\" content=\"Bordeaux City Tours\" \/>\n<meta property=\"article:modified_time\" content=\"2023-04-07T13:12:30+00:00\" \/>\n<meta property=\"og:image\" content=\"https:\/\/www.bordeaux-citytours.com\/wp-content\/uploads\/2023\/03\/my-project-3-1-1.png\" \/>\n\t<meta property=\"og:image:width\" content=\"2048\" \/>\n\t<meta property=\"og:image:height\" content=\"871\" \/>\n\t<meta property=\"og:image:type\" content=\"image\/png\" \/>\n<meta name=\"twitter:card\" content=\"summary_large_image\" \/>\n<meta name=\"twitter:label1\" content=\"Dur\u00e9e de lecture estim\u00e9e\" \/>\n\t<meta name=\"twitter:data1\" content=\"6 minutes\" \/>\n<script type=\"application\/ld+json\" class=\"yoast-schema-graph\">{\"@context\":\"https:\/\/schema.org\",\"@graph\":[{\"@type\":\"WebPage\",\"@id\":\"https:\/\/www.bordeaux-citytours.com\/fr\/visiter-bordeaux\/visiter-bordeaux-en-hiver\/\",\"url\":\"https:\/\/www.bordeaux-citytours.com\/fr\/visiter-bordeaux\/visiter-bordeaux-en-hiver\/\",\"name\":\"Visiter Bordeaux en hiver - Bordeaux City Tours\",\"isPartOf\":{\"@id\":\"https:\/\/www.bordeaux-citytours.com\/fr\/#website\"},\"primaryImageOfPage\":{\"@id\":\"https:\/\/www.bordeaux-citytours.com\/fr\/visiter-bordeaux\/visiter-bordeaux-en-hiver\/#primaryimage\"},\"image\":{\"@id\":\"https:\/\/www.bordeaux-citytours.com\/fr\/visiter-bordeaux\/visiter-bordeaux-en-hiver\/#primaryimage\"},\"thumbnailUrl\":\"https:\/\/www.bordeaux-citytours.com\/wp-content\/uploads\/2023\/03\/my-project-3-1-1.png\",\"datePublished\":\"2023-04-04T08:01:09+00:00\",\"dateModified\":\"2023-04-07T13:12:30+00:00\",\"description\":\"Vous souhaitez visiter Bordeaux en hiver ? Profitez de notre programme et partez \u00e0 la conqu\u00eate de Bordeaux, \u00e0 bord de notre visiotour !\",\"breadcrumb\":{\"@id\":\"https:\/\/www.bordeaux-citytours.com\/fr\/visiter-bordeaux\/visiter-bordeaux-en-hiver\/#breadcrumb\"},\"inLanguage\":\"fr-FR\",\"potentialAction\":[{\"@type\":\"ReadAction\",\"target\":[\"https:\/\/www.bordeaux-citytours.com\/fr\/visiter-bordeaux\/visiter-bordeaux-en-hiver\/\"]}]},{\"@type\":\"ImageObject\",\"inLanguage\":\"fr-FR\",\"@id\":\"https:\/\/www.bordeaux-citytours.com\/fr\/visiter-bordeaux\/visiter-bordeaux-en-hiver\/#primaryimage\",\"url\":\"https:\/\/www.bordeaux-citytours.com\/wp-content\/uploads\/2023\/03\/my-project-3-1-1.png\",\"contentUrl\":\"https:\/\/www.bordeaux-citytours.com\/wp-content\/uploads\/2023\/03\/my-project-3-1-1.png\",\"width\":2048,\"height\":871,\"caption\":\"porte cailhau bordeaux\"},{\"@type\":\"BreadcrumbList\",\"@id\":\"https:\/\/www.bordeaux-citytours.com\/fr\/visiter-bordeaux\/visiter-bordeaux-en-hiver\/#breadcrumb\",\"itemListElement\":[{\"@type\":\"ListItem\",\"position\":1,\"name\":\"Accueil\",\"item\":\"https:\/\/www.bordeaux-citytours.com\/fr\/\"},{\"@type\":\"ListItem\",\"position\":2,\"name\":\"Visiter Bordeaux\",\"item\":\"https:\/\/www.bordeaux-citytours.com\/fr\/visiter-bordeaux\/\"},{\"@type\":\"ListItem\",\"position\":3,\"name\":\"Visiter Bordeaux en hiver\"}]},{\"@type\":\"WebSite\",\"@id\":\"https:\/\/www.bordeaux-citytours.com\/fr\/#website\",\"url\":\"https:\/\/www.bordeaux-citytours.com\/fr\/\",\"name\":\"Bordeaux City Tours\",\"description\":\"\",\"publisher\":{\"@id\":\"https:\/\/www.bordeaux-citytours.com\/fr\/#organization\"},\"potentialAction\":[{\"@type\":\"SearchAction\",\"target\":{\"@type\":\"EntryPoint\",\"urlTemplate\":\"https:\/\/www.bordeaux-citytours.com\/fr\/?s={search_term_string}\"},\"query-input\":{\"@type\":\"PropertyValueSpecification\",\"valueRequired\":true,\"valueName\":\"search_term_string\"}}],\"inLanguage\":\"fr-FR\"},{\"@type\":\"Organization\",\"@id\":\"https:\/\/www.bordeaux-citytours.com\/fr\/#organization\",\"name\":\"Bordeaux City Tours\",\"url\":\"https:\/\/www.bordeaux-citytours.com\/fr\/\",\"logo\":{\"@type\":\"ImageObject\",\"inLanguage\":\"fr-FR\",\"@id\":\"https:\/\/www.bordeaux-citytours.com\/fr\/#\/schema\/logo\/image\/\",\"url\":\"https:\/\/www.bordeaux-citytours.com\/wp-content\/uploads\/2023\/04\/logo-bordeaux-city-tours-1.png\",\"contentUrl\":\"https:\/\/www.bordeaux-citytours.com\/wp-content\/uploads\/2023\/04\/logo-bordeaux-city-tours-1.png\",\"width\":430,\"height\":166,\"caption\":\"Bordeaux City Tours\"},\"image\":{\"@id\":\"https:\/\/www.bordeaux-citytours.com\/fr\/#\/schema\/logo\/image\/\"},\"sameAs\":[\"https:\/\/www.instagram.com\/bordeauxcitytours\",\"https:\/\/www.linkedin.com\/company\/bordeaux-city-tours\"]}]}<\/script>\n<!-- \/ Yoast SEO plugin. -->","yoast_head_json":{"title":"Visiter Bordeaux en hiver - Bordeaux City Tours","description":"Vous souhaitez visiter Bordeaux en hiver ? Profitez de notre programme et partez \u00e0 la conqu\u00eate de Bordeaux, \u00e0 bord de notre visiotour !","robots":{"index":"index","follow":"follow","max-snippet":"max-snippet:-1","max-image-preview":"max-image-preview:large","max-video-preview":"max-video-preview:-1"},"canonical":"https:\/\/www.bordeaux-citytours.com\/fr\/visiter-bordeaux\/visiter-bordeaux-en-hiver\/","og_locale":"fr_FR","og_type":"article","og_title":"Visiter Bordeaux en hiver - Bordeaux City Tours","og_description":"Vous souhaitez visiter Bordeaux en hiver ? Profitez de notre programme et partez \u00e0 la conqu\u00eate de Bordeaux, \u00e0 bord de notre visiotour !","og_url":"https:\/\/www.bordeaux-citytours.com\/fr\/visiter-bordeaux\/visiter-bordeaux-en-hiver\/","og_site_name":"Bordeaux City Tours","article_modified_time":"2023-04-07T13:12:30+00:00","og_image":[{"width":2048,"height":871,"url":"https:\/\/www.bordeaux-citytours.com\/wp-content\/uploads\/2023\/03\/my-project-3-1-1.png","type":"image\/png"}],"twitter_card":"summary_large_image","twitter_misc":{"Dur\u00e9e de lecture estim\u00e9e":"6 minutes"},"schema":{"@context":"https:\/\/schema.org","@graph":[{"@type":"WebPage","@id":"https:\/\/www.bordeaux-citytours.com\/fr\/visiter-bordeaux\/visiter-bordeaux-en-hiver\/","url":"https:\/\/www.bordeaux-citytours.com\/fr\/visiter-bordeaux\/visiter-bordeaux-en-hiver\/","name":"Visiter Bordeaux en hiver - Bordeaux City Tours","isPartOf":{"@id":"https:\/\/www.bordeaux-citytours.com\/fr\/#website"},"primaryImageOfPage":{"@id":"https:\/\/www.bordeaux-citytours.com\/fr\/visiter-bordeaux\/visiter-bordeaux-en-hiver\/#primaryimage"},"image":{"@id":"https:\/\/www.bordeaux-citytours.com\/fr\/visiter-bordeaux\/visiter-bordeaux-en-hiver\/#primaryimage"},"thumbnailUrl":"https:\/\/www.bordeaux-citytours.com\/wp-content\/uploads\/2023\/03\/my-project-3-1-1.png","datePublished":"2023-04-04T08:01:09+00:00","dateModified":"2023-04-07T13:12:30+00:00","description":"Vous souhaitez visiter Bordeaux en hiver ? Profitez de notre programme et partez \u00e0 la conqu\u00eate de Bordeaux, \u00e0 bord de notre visiotour !","breadcrumb":{"@id":"https:\/\/www.bordeaux-citytours.com\/fr\/visiter-bordeaux\/visiter-bordeaux-en-hiver\/#breadcrumb"},"inLanguage":"fr-FR","potentialAction":[{"@type":"ReadAction","target":["https:\/\/www.bordeaux-citytours.com\/fr\/visiter-bordeaux\/visiter-bordeaux-en-hiver\/"]}]},{"@type":"ImageObject","inLanguage":"fr-FR","@id":"https:\/\/www.bordeaux-citytours.com\/fr\/visiter-bordeaux\/visiter-bordeaux-en-hiver\/#primaryimage","url":"https:\/\/www.bordeaux-citytours.com\/wp-content\/uploads\/2023\/03\/my-project-3-1-1.png","contentUrl":"https:\/\/www.bordeaux-citytours.com\/wp-content\/uploads\/2023\/03\/my-project-3-1-1.png","width":2048,"height":871,"caption":"porte cailhau bordeaux"},{"@type":"BreadcrumbList","@id":"https:\/\/www.bordeaux-citytours.com\/fr\/visiter-bordeaux\/visiter-bordeaux-en-hiver\/#breadcrumb","itemListElement":[{"@type":"ListItem","position":1,"name":"Accueil","item":"https:\/\/www.bordeaux-citytours.com\/fr\/"},{"@type":"ListItem","position":2,"name":"Visiter Bordeaux","item":"https:\/\/www.bordeaux-citytours.com\/fr\/visiter-bordeaux\/"},{"@type":"ListItem","position":3,"name":"Visiter Bordeaux en hiver"}]},{"@type":"WebSite","@id":"https:\/\/www.bordeaux-citytours.com\/fr\/#website","url":"https:\/\/www.bordeaux-citytours.com\/fr\/","name":"Bordeaux City Tours","description":"","publisher":{"@id":"https:\/\/www.bordeaux-citytours.com\/fr\/#organization"},"potentialAction":[{"@type":"SearchAction","target":{"@type":"EntryPoint","urlTemplate":"https:\/\/www.bordeaux-citytours.com\/fr\/?s={search_term_string}"},"query-input":{"@type":"PropertyValueSpecification","valueRequired":true,"valueName":"search_term_string"}}],"inLanguage":"fr-FR"},{"@type":"Organization","@id":"https:\/\/www.bordeaux-citytours.com\/fr\/#organization","name":"Bordeaux City Tours","url":"https:\/\/www.bordeaux-citytours.com\/fr\/","logo":{"@type":"ImageObject","inLanguage":"fr-FR","@id":"https:\/\/www.bordeaux-citytours.com\/fr\/#\/schema\/logo\/image\/","url":"https:\/\/www.bordeaux-citytours.com\/wp-content\/uploads\/2023\/04\/logo-bordeaux-city-tours-1.png","contentUrl":"https:\/\/www.bordeaux-citytours.com\/wp-content\/uploads\/2023\/04\/logo-bordeaux-city-tours-1.png","width":430,"height":166,"caption":"Bordeaux City Tours"},"image":{"@id":"https:\/\/www.bordeaux-citytours.com\/fr\/#\/schema\/logo\/image\/"},"sameAs":["https:\/\/www.instagram.com\/bordeauxcitytours","https:\/\/www.linkedin.com\/company\/bordeaux-city-tours"]}]}},"_links":{"self":[{"href":"https:\/\/www.bordeaux-citytours.com\/fr\/wp-json\/wp\/v2\/pages\/603","targetHints":{"allow":["GET"]}}],"collection":[{"href":"https:\/\/www.bordeaux-citytours.com\/fr\/wp-json\/wp\/v2\/pages"}],"about":[{"href":"https:\/\/www.bordeaux-citytours.com\/fr\/wp-json\/wp\/v2\/types\/page"}],"author":[{"embeddable":true,"href":"https:\/\/www.bordeaux-citytours.com\/fr\/wp-json\/wp\/v2\/users\/2"}],"replies":[{"embeddable":true,"href":"https:\/\/www.bordeaux-citytours.com\/fr\/wp-json\/wp\/v2\/comments?post=603"}],"version-history":[{"count":1,"href":"https:\/\/www.bordeaux-citytours.com\/fr\/wp-json\/wp\/v2\/pages\/603\/revisions"}],"predecessor-version":[{"id":8078,"href":"https:\/\/www.bordeaux-citytours.com\/fr\/wp-json\/wp\/v2\/pages\/603\/revisions\/8078"}],"up":[{"embeddable":true,"href":"https:\/\/www.bordeaux-citytours.com\/fr\/wp-json\/wp\/v2\/pages\/581"}],"wp:featuredmedia":[{"embeddable":true,"href":"https:\/\/www.bordeaux-citytours.com\/fr\/wp-json\/wp\/v2\/media\/846"}],"wp:attachment":[{"href":"https:\/\/www.bordeaux-citytours.com\/fr\/wp-json\/wp\/v2\/media?parent=603"}],"curies":[{"name":"wp","href":"https:\/\/api.w.org\/{rel}","templated":true}]}}