{"id":542,"date":"2023-04-04T10:30:54","date_gmt":"2023-04-04T08:30:54","guid":{"rendered":"https:\/\/www.bordeaux-citytours.com\/?page_id=542"},"modified":"2023-05-17T11:28:08","modified_gmt":"2023-05-17T09:28:08","slug":"visiter-bordeaux-en-famille","status":"publish","type":"page","link":"https:\/\/www.bordeaux-citytours.com\/fr\/visiter-bordeaux\/visiter-bordeaux-en-famille\/","title":{"rendered":"Visiter Bordeaux en famille"},"content":{"rendered":"<h1>Voyagez en famille pour visiter la ville de Bordeaux<\/h1>\n<p><img loading=\"lazy\" decoding=\"async\" class=\"size-full wp-image-552 alignleft\" src=\"https:\/\/www.bordeaux-citytours.com\/wp-content\/uploads\/2023\/03\/visiter-bordeaux-en-famille.jpeg\" alt=\"visiter bordeaux en famille\" width=\"300\" height=\"251\" \/>Vous envisagez de visiter la capitale mondiale du vin avec votre famille ? La belle <strong>ville de Bordeaux<\/strong>, en France, regorge de d&rsquo;endroits magnifiques qui sont parfaites pour une visite en famille. Si vous et vos enfants aim\u00e9s la culture, la nature et la d\u00e9couverte, c&rsquo;est l&rsquo;endroit id\u00e9al pour votre s\u00e9jour en famille.<\/p>\n<p>Planifiez votre visite de Bordeaux, pour avoir le temps de profiter de la ville, de ses activit\u00e9s et si vous avez le temps d&rsquo;aller jusqu&rsquo;au Bassin d&rsquo;Arcachon pour profiter de la plage.<\/p>\n<h2>Planifiez votre visite \u00e0 Bordeaux en famille<\/h2>\n<p>La meilleure p\u00e9riode pour venir <strong>visiter Bordeaux est entre avril et octobre<\/strong>, lorsque le temps est chaud, sec et souvent ensoleill\u00e9. Bordeaux est \u00e9galement une ville tr\u00e8s agr\u00e9able \u00e0 l&rsquo;\u00e9poque de No\u00ebl, car elle attire de nombreux touristes qui viennent c\u00e9l\u00e9brer la f\u00eate dans une ville haute en lumi\u00e8re. Si vous visitez Bordeaux en hiver, vous pouvez envisager de vous y rendre pendant le march\u00e9 de No\u00ebl, o\u00f9 vous pourrez d\u00e9guster du vin chaud pour vous r\u00e9chauffer ! Si vous d\u00e9cidez de visiter Bordeaux en \u00e9t\u00e9, pensez \u00e0 r\u00e9server vos activit\u00e9s un petit peu en avance.<\/p>\n<h2>Visiter Bordeaux en Bus Bordeaux City Tours<\/h2>\n<p>Vous souhaitez <strong>visiter Bordeaux<\/strong> et ses monuments embl\u00e9matiques, en famille ? Montez \u00e0 bord de notre bus pour 1h30 de d\u00e9couverte de Bordeaux. Vous pourrez vous installer en bas du bus rouge, qui est climatis\u00e9 l&rsquo;\u00e9t\u00e9 ou alors monter \u00e0 l&rsquo;\u00e9tage du bus imp\u00e9rial pour voir la ville du haut. Tout au long du trajet du <a href=\"https:\/\/www.bordeaux-citytours.com\/tours\/bordeaux-visiotour\/\"><strong>bus rouge<\/strong><\/a>, vous d\u00e9couvrirez <strong>les grands monuments de Bordeaux<\/strong>, le <a href=\"https:\/\/www.bordeaux-citytours.com\/fr\/patrimoine\/le-grand-theatre\/\">Grand th\u00e9atre<\/a>, le <a href=\"https:\/\/www.bordeaux-citytours.com\/fr\/patrimoine\/la-place-de-la-bourse-et-le-miroir-deau\/\">miroir d&rsquo;eau et la place de la Bourse<\/a>, La <a href=\"https:\/\/www.bordeaux-citytours.com\/fr\/patrimoine\/la-porte-cailhau\/\">porte Cailhau<\/a>, la <a href=\"https:\/\/www.bordeaux-citytours.com\/fr\/que_faire_a_bordeaux\/la-cite-du-vin\/\">cit\u00e9 du Vin.<\/a> Une fois que vous aurez travers\u00e9 le <strong>pont Chaban<\/strong> et que vous serez sur la rive droite de la <strong>Garonne<\/strong>, vous pourrez d\u00e9couvrir <a href=\"https:\/\/www.bordeaux-citytours.com\/fr\/patrimoine\/darwin-ecosysteme\/\">Darwin et son \u00e9co-quartier.<\/a><\/p>\n<p><strong>Visitez Bordeaux en famille<\/strong>, c&rsquo;est prendre le temps de d\u00e9couvrir la culture bordelaise et ses secrets. La visite de Bordeaux est comment\u00e9e via les audio-guides avec un discours adapt\u00e9 aux enfants.<\/p>\n<p>Pour occuper vos enfants durant votre s\u00e9jour bordelais, n&rsquo;oubliez pas de visiter le parc du centre-ville de Bordeaux. Le jardin public abrite un arboretum, une biblioth\u00e8que et le Mus\u00e9um d&rsquo;Histoire naturelle. De nombreuses attractions sont propos\u00e9es aux enfants : th\u00e9\u00e2tre de marionnettes, balan\u00e7oires, aires de jeux, man\u00e8ge \u00e0 l&rsquo;ancienne. Vous pourrez y fl\u00e2ner pour vous reposer entre deux visites du <strong>centre-ville de Bordeaux<\/strong><\/p>\n<h2>Visitez le Mus\u00e9e des Beaux-Arts de Bordeaux<\/h2>\n<p><img loading=\"lazy\" decoding=\"async\" class=\"size-full wp-image-549 alignright\" src=\"https:\/\/www.bordeaux-citytours.com\/wp-content\/uploads\/2023\/03\/visiter-bordeaux-en-famille-2.jpeg\" alt=\"visiter bordeaux en famille\" width=\"300\" height=\"251\" \/><strong>Le magnifique Mus\u00e9e des Beaux-Arts<\/strong> de Bordeaux regorge d&rsquo;\u0153uvres d&rsquo;art de l&rsquo;\u00e9poque de la Renaissance, ainsi que des \u0153uvres des p\u00e9riodes impressionniste et surr\u00e9aliste. Vous y verrez certains des objets d&rsquo;art et des artefacts les plus importants de la ville, vous y apprendrez son histoire et son \u00e9volution au fil du temps. Il y a aussi des<a href=\"https:\/\/www.bordeaux-citytours.com\/fr\/que-faire-a-bordeaux\/\"> expositions temporaires<\/a> que vous pourrez visiter en famille. Et si vous voyagez avec de jeunes enfants, le mus\u00e9e dispose \u00e9galement d&rsquo;un espace d\u00e9di\u00e9 aux enfants, o\u00f9 ils peuvent s&rsquo;initier \u00e0 l&rsquo;art, et m\u00eame r\u00e9aliser leurs propres \u0153uvres pendant que vous explorez le reste du mus\u00e9e.<\/p>\n<p>Vous souhaitez visiter un mus\u00e9e consacr\u00e9 aux enfants ? Prenez le temps de <strong>visiter Cap Sciences<\/strong> qui se situe sur les quais de la Garonne. Vos enfants deviendront de petits scientifiques en herbe.<\/p>\n<h2>Visitez la r\u00e9gion viticole de Bordeaux<\/h2>\n<p>Une visite dans l&rsquo;un des domaines viticoles de Bordeaux, mondialement connus, est un \u00ab\u00a0must\u00a0\u00bb. Vous aurez l&rsquo;occasion de voir comment le vin est fabriqu\u00e9, d&rsquo;apprendre l&rsquo;histoire de la r\u00e9gion, et m\u00eame de d\u00e9guster du vin. Il existe de nombreux domaines viticoles que vous pouvez visiter \u00e0 partir de la ville de Bordeaux, mais si vous ne disposez que d&rsquo;un jour ou deux dans la ville, vous pouvez choisir un domaine un peu plus proche, afin d&rsquo;int\u00e9grer autant d&rsquo;attractions que possibles dans votre journ\u00e9e. La <strong>ville de Saint Emilion<\/strong> vous \u00e9merveillera pour son c\u00f4t\u00e9 pittoresque, son histoire et ses diff\u00e9rentes caves qui regorgent de grand crus de la r\u00e9gion. Visitez un magnifique domaine viticole situ\u00e9 tout pr\u00e8s de Bordeaux est une bonne id\u00e9e de visite en famille.<\/p>\n<p>Visiter Bordeaux est l&rsquo;occasion id\u00e9ale d&rsquo;en savoir plus sur la culture et l&rsquo;histoire fran\u00e7aises, et d&rsquo;en apprendre davantage sur le vin et sa fabrication. Avec son architecture \u00e9tonnante, ses magnifiques parcs et ses vignobles de renomm\u00e9e mondiale, Bordeaux est un endroit id\u00e9al \u00e0 <strong>visiter en famille<\/strong>. Si vous visitez Bordeaux, planifiez votre voyage \u00e0 l&rsquo;avance afin de profiter au maximum de votre s\u00e9jour. Vous devrez choisir les <a href=\"https:\/\/www.bordeaux-citytours.com\/visiter-bordeaux\/visiter-bordeaux-au-printemps\/\">meilleurs mois pour votre s\u00e9jour<\/a>, ainsi que les meilleurs endroits \u00e0 visiter. Vous pourrez visiter Bordeaux en une journ\u00e9e en profitant du centre-ville. Si vous avez <a href=\"https:\/\/www.bordeaux-citytours.com\/visiter-bordeaux\/visiter-bordeaux-en-deux-jours\/\">deux jours pour visiter Bordeaux<\/a>, profitez-en pour visiter les domaines viticoles. Si <a href=\"https:\/\/www.bordeaux-citytours.com\/visiter-bordeaux\/visiter-bordeaux-en-trois-jours\/\">vous avez plus de temps pour visiter Bordeaux<\/a>, prenez le temps de visiter le Bassin d&rsquo;Arcachon, la dune du Pyla et les plages de l&rsquo;Oc\u00e9an.<\/p>\n<p>Bonne visite en Gironde !<\/p>\n","protected":false},"excerpt":{"rendered":"<p>Voyagez en famille pour visiter la ville de Bordeaux Vous envisagez de visiter la capitale mondiale du vin avec votre famille ? La belle ville de Bordeaux, en France, regorge de d&rsquo;endroits magnifiques qui sont parfaites pour une visite en famille. Si vous et vos enfants aim\u00e9s la culture, la nature et la d\u00e9couverte, c&rsquo;est [&hellip;]<\/p>\n","protected":false},"author":2,"featured_media":2926,"parent":581,"menu_order":0,"comment_status":"closed","ping_status":"closed","template":"","meta":{"_acf_changed":false,"footnotes":""},"class_list":["post-542","page","type-page","status-publish","has-post-thumbnail","hentry"],"acf":[],"yoast_head":"<!-- This site is optimized with the Yoast SEO plugin v26.6 - https:\/\/yoast.com\/wordpress\/plugins\/seo\/ -->\n<title>Visiter Bordeaux en famille - Bordeaux City Tours<\/title>\n<meta name=\"description\" content=\"Venez d\u00e9couvrir Bordeaux pour quelques jours en famille. En bus rouge, vous visiterez le centre-ville et les alentours de Bordeaux.\" \/>\n<meta name=\"robots\" content=\"index, follow, max-snippet:-1, max-image-preview:large, max-video-preview:-1\" \/>\n<link rel=\"canonical\" href=\"https:\/\/www.bordeaux-citytours.com\/fr\/visiter-bordeaux\/visiter-bordeaux-en-famille\/\" \/>\n<meta property=\"og:locale\" content=\"fr_FR\" \/>\n<meta property=\"og:type\" content=\"article\" \/>\n<meta property=\"og:title\" content=\"Visiter Bordeaux en famille - Bordeaux City Tours\" \/>\n<meta property=\"og:description\" content=\"Venez d\u00e9couvrir Bordeaux pour quelques jours en famille. En bus rouge, vous visiterez le centre-ville et les alentours de Bordeaux.\" \/>\n<meta property=\"og:url\" content=\"https:\/\/www.bordeaux-citytours.com\/fr\/visiter-bordeaux\/visiter-bordeaux-en-famille\/\" \/>\n<meta property=\"og:site_name\" content=\"Bordeaux City Tours\" \/>\n<meta property=\"article:modified_time\" content=\"2023-05-17T09:28:08+00:00\" \/>\n<meta property=\"og:image\" content=\"https:\/\/www.bordeaux-citytours.com\/wp-content\/uploads\/2023\/05\/visiter-bordeaux-en-famille.png\" \/>\n\t<meta property=\"og:image:width\" content=\"2000\" \/>\n\t<meta property=\"og:image:height\" content=\"600\" \/>\n\t<meta property=\"og:image:type\" content=\"image\/png\" \/>\n<meta name=\"twitter:card\" content=\"summary_large_image\" \/>\n<meta name=\"twitter:label1\" content=\"Dur\u00e9e de lecture estim\u00e9e\" \/>\n\t<meta name=\"twitter:data1\" content=\"5 minutes\" \/>\n<script type=\"application\/ld+json\" class=\"yoast-schema-graph\">{\"@context\":\"https:\/\/schema.org\",\"@graph\":[{\"@type\":\"WebPage\",\"@id\":\"https:\/\/www.bordeaux-citytours.com\/fr\/visiter-bordeaux\/visiter-bordeaux-en-famille\/\",\"url\":\"https:\/\/www.bordeaux-citytours.com\/fr\/visiter-bordeaux\/visiter-bordeaux-en-famille\/\",\"name\":\"Visiter Bordeaux en famille - Bordeaux City Tours\",\"isPartOf\":{\"@id\":\"https:\/\/www.bordeaux-citytours.com\/fr\/#website\"},\"primaryImageOfPage\":{\"@id\":\"https:\/\/www.bordeaux-citytours.com\/fr\/visiter-bordeaux\/visiter-bordeaux-en-famille\/#primaryimage\"},\"image\":{\"@id\":\"https:\/\/www.bordeaux-citytours.com\/fr\/visiter-bordeaux\/visiter-bordeaux-en-famille\/#primaryimage\"},\"thumbnailUrl\":\"https:\/\/www.bordeaux-citytours.com\/wp-content\/uploads\/2023\/05\/visiter-bordeaux-en-famille.png\",\"datePublished\":\"2023-04-04T08:30:54+00:00\",\"dateModified\":\"2023-05-17T09:28:08+00:00\",\"description\":\"Venez d\u00e9couvrir Bordeaux pour quelques jours en famille. En bus rouge, vous visiterez le centre-ville et les alentours de Bordeaux.\",\"breadcrumb\":{\"@id\":\"https:\/\/www.bordeaux-citytours.com\/fr\/visiter-bordeaux\/visiter-bordeaux-en-famille\/#breadcrumb\"},\"inLanguage\":\"fr-FR\",\"potentialAction\":[{\"@type\":\"ReadAction\",\"target\":[\"https:\/\/www.bordeaux-citytours.com\/fr\/visiter-bordeaux\/visiter-bordeaux-en-famille\/\"]}]},{\"@type\":\"ImageObject\",\"inLanguage\":\"fr-FR\",\"@id\":\"https:\/\/www.bordeaux-citytours.com\/fr\/visiter-bordeaux\/visiter-bordeaux-en-famille\/#primaryimage\",\"url\":\"https:\/\/www.bordeaux-citytours.com\/wp-content\/uploads\/2023\/05\/visiter-bordeaux-en-famille.png\",\"contentUrl\":\"https:\/\/www.bordeaux-citytours.com\/wp-content\/uploads\/2023\/05\/visiter-bordeaux-en-famille.png\",\"width\":2000,\"height\":600,\"caption\":\"Visiter bordeaux en famille\"},{\"@type\":\"BreadcrumbList\",\"@id\":\"https:\/\/www.bordeaux-citytours.com\/fr\/visiter-bordeaux\/visiter-bordeaux-en-famille\/#breadcrumb\",\"itemListElement\":[{\"@type\":\"ListItem\",\"position\":1,\"name\":\"Accueil\",\"item\":\"https:\/\/www.bordeaux-citytours.com\/fr\/\"},{\"@type\":\"ListItem\",\"position\":2,\"name\":\"Visiter Bordeaux\",\"item\":\"https:\/\/www.bordeaux-citytours.com\/fr\/visiter-bordeaux\/\"},{\"@type\":\"ListItem\",\"position\":3,\"name\":\"Visiter Bordeaux en famille\"}]},{\"@type\":\"WebSite\",\"@id\":\"https:\/\/www.bordeaux-citytours.com\/fr\/#website\",\"url\":\"https:\/\/www.bordeaux-citytours.com\/fr\/\",\"name\":\"Bordeaux City Tours\",\"description\":\"\",\"publisher\":{\"@id\":\"https:\/\/www.bordeaux-citytours.com\/fr\/#organization\"},\"potentialAction\":[{\"@type\":\"SearchAction\",\"target\":{\"@type\":\"EntryPoint\",\"urlTemplate\":\"https:\/\/www.bordeaux-citytours.com\/fr\/?s={search_term_string}\"},\"query-input\":{\"@type\":\"PropertyValueSpecification\",\"valueRequired\":true,\"valueName\":\"search_term_string\"}}],\"inLanguage\":\"fr-FR\"},{\"@type\":\"Organization\",\"@id\":\"https:\/\/www.bordeaux-citytours.com\/fr\/#organization\",\"name\":\"Bordeaux City Tours\",\"url\":\"https:\/\/www.bordeaux-citytours.com\/fr\/\",\"logo\":{\"@type\":\"ImageObject\",\"inLanguage\":\"fr-FR\",\"@id\":\"https:\/\/www.bordeaux-citytours.com\/fr\/#\/schema\/logo\/image\/\",\"url\":\"https:\/\/www.bordeaux-citytours.com\/wp-content\/uploads\/2023\/04\/logo-bordeaux-city-tours-1.png\",\"contentUrl\":\"https:\/\/www.bordeaux-citytours.com\/wp-content\/uploads\/2023\/04\/logo-bordeaux-city-tours-1.png\",\"width\":430,\"height\":166,\"caption\":\"Bordeaux City Tours\"},\"image\":{\"@id\":\"https:\/\/www.bordeaux-citytours.com\/fr\/#\/schema\/logo\/image\/\"},\"sameAs\":[\"https:\/\/www.instagram.com\/bordeauxcitytours\",\"https:\/\/www.linkedin.com\/company\/bordeaux-city-tours\"]}]}<\/script>\n<!-- \/ Yoast SEO plugin. -->","yoast_head_json":{"title":"Visiter Bordeaux en famille - Bordeaux City Tours","description":"Venez d\u00e9couvrir Bordeaux pour quelques jours en famille. En bus rouge, vous visiterez le centre-ville et les alentours de Bordeaux.","robots":{"index":"index","follow":"follow","max-snippet":"max-snippet:-1","max-image-preview":"max-image-preview:large","max-video-preview":"max-video-preview:-1"},"canonical":"https:\/\/www.bordeaux-citytours.com\/fr\/visiter-bordeaux\/visiter-bordeaux-en-famille\/","og_locale":"fr_FR","og_type":"article","og_title":"Visiter Bordeaux en famille - Bordeaux City Tours","og_description":"Venez d\u00e9couvrir Bordeaux pour quelques jours en famille. En bus rouge, vous visiterez le centre-ville et les alentours de Bordeaux.","og_url":"https:\/\/www.bordeaux-citytours.com\/fr\/visiter-bordeaux\/visiter-bordeaux-en-famille\/","og_site_name":"Bordeaux City Tours","article_modified_time":"2023-05-17T09:28:08+00:00","og_image":[{"width":2000,"height":600,"url":"https:\/\/www.bordeaux-citytours.com\/wp-content\/uploads\/2023\/05\/visiter-bordeaux-en-famille.png","type":"image\/png"}],"twitter_card":"summary_large_image","twitter_misc":{"Dur\u00e9e de lecture estim\u00e9e":"5 minutes"},"schema":{"@context":"https:\/\/schema.org","@graph":[{"@type":"WebPage","@id":"https:\/\/www.bordeaux-citytours.com\/fr\/visiter-bordeaux\/visiter-bordeaux-en-famille\/","url":"https:\/\/www.bordeaux-citytours.com\/fr\/visiter-bordeaux\/visiter-bordeaux-en-famille\/","name":"Visiter Bordeaux en famille - Bordeaux City Tours","isPartOf":{"@id":"https:\/\/www.bordeaux-citytours.com\/fr\/#website"},"primaryImageOfPage":{"@id":"https:\/\/www.bordeaux-citytours.com\/fr\/visiter-bordeaux\/visiter-bordeaux-en-famille\/#primaryimage"},"image":{"@id":"https:\/\/www.bordeaux-citytours.com\/fr\/visiter-bordeaux\/visiter-bordeaux-en-famille\/#primaryimage"},"thumbnailUrl":"https:\/\/www.bordeaux-citytours.com\/wp-content\/uploads\/2023\/05\/visiter-bordeaux-en-famille.png","datePublished":"2023-04-04T08:30:54+00:00","dateModified":"2023-05-17T09:28:08+00:00","description":"Venez d\u00e9couvrir Bordeaux pour quelques jours en famille. En bus rouge, vous visiterez le centre-ville et les alentours de Bordeaux.","breadcrumb":{"@id":"https:\/\/www.bordeaux-citytours.com\/fr\/visiter-bordeaux\/visiter-bordeaux-en-famille\/#breadcrumb"},"inLanguage":"fr-FR","potentialAction":[{"@type":"ReadAction","target":["https:\/\/www.bordeaux-citytours.com\/fr\/visiter-bordeaux\/visiter-bordeaux-en-famille\/"]}]},{"@type":"ImageObject","inLanguage":"fr-FR","@id":"https:\/\/www.bordeaux-citytours.com\/fr\/visiter-bordeaux\/visiter-bordeaux-en-famille\/#primaryimage","url":"https:\/\/www.bordeaux-citytours.com\/wp-content\/uploads\/2023\/05\/visiter-bordeaux-en-famille.png","contentUrl":"https:\/\/www.bordeaux-citytours.com\/wp-content\/uploads\/2023\/05\/visiter-bordeaux-en-famille.png","width":2000,"height":600,"caption":"Visiter bordeaux en famille"},{"@type":"BreadcrumbList","@id":"https:\/\/www.bordeaux-citytours.com\/fr\/visiter-bordeaux\/visiter-bordeaux-en-famille\/#breadcrumb","itemListElement":[{"@type":"ListItem","position":1,"name":"Accueil","item":"https:\/\/www.bordeaux-citytours.com\/fr\/"},{"@type":"ListItem","position":2,"name":"Visiter Bordeaux","item":"https:\/\/www.bordeaux-citytours.com\/fr\/visiter-bordeaux\/"},{"@type":"ListItem","position":3,"name":"Visiter Bordeaux en famille"}]},{"@type":"WebSite","@id":"https:\/\/www.bordeaux-citytours.com\/fr\/#website","url":"https:\/\/www.bordeaux-citytours.com\/fr\/","name":"Bordeaux City Tours","description":"","publisher":{"@id":"https:\/\/www.bordeaux-citytours.com\/fr\/#organization"},"potentialAction":[{"@type":"SearchAction","target":{"@type":"EntryPoint","urlTemplate":"https:\/\/www.bordeaux-citytours.com\/fr\/?s={search_term_string}"},"query-input":{"@type":"PropertyValueSpecification","valueRequired":true,"valueName":"search_term_string"}}],"inLanguage":"fr-FR"},{"@type":"Organization","@id":"https:\/\/www.bordeaux-citytours.com\/fr\/#organization","name":"Bordeaux City Tours","url":"https:\/\/www.bordeaux-citytours.com\/fr\/","logo":{"@type":"ImageObject","inLanguage":"fr-FR","@id":"https:\/\/www.bordeaux-citytours.com\/fr\/#\/schema\/logo\/image\/","url":"https:\/\/www.bordeaux-citytours.com\/wp-content\/uploads\/2023\/04\/logo-bordeaux-city-tours-1.png","contentUrl":"https:\/\/www.bordeaux-citytours.com\/wp-content\/uploads\/2023\/04\/logo-bordeaux-city-tours-1.png","width":430,"height":166,"caption":"Bordeaux City Tours"},"image":{"@id":"https:\/\/www.bordeaux-citytours.com\/fr\/#\/schema\/logo\/image\/"},"sameAs":["https:\/\/www.instagram.com\/bordeauxcitytours","https:\/\/www.linkedin.com\/company\/bordeaux-city-tours"]}]}},"_links":{"self":[{"href":"https:\/\/www.bordeaux-citytours.com\/fr\/wp-json\/wp\/v2\/pages\/542","targetHints":{"allow":["GET"]}}],"collection":[{"href":"https:\/\/www.bordeaux-citytours.com\/fr\/wp-json\/wp\/v2\/pages"}],"about":[{"href":"https:\/\/www.bordeaux-citytours.com\/fr\/wp-json\/wp\/v2\/types\/page"}],"author":[{"embeddable":true,"href":"https:\/\/www.bordeaux-citytours.com\/fr\/wp-json\/wp\/v2\/users\/2"}],"replies":[{"embeddable":true,"href":"https:\/\/www.bordeaux-citytours.com\/fr\/wp-json\/wp\/v2\/comments?post=542"}],"version-history":[{"count":5,"href":"https:\/\/www.bordeaux-citytours.com\/fr\/wp-json\/wp\/v2\/pages\/542\/revisions"}],"predecessor-version":[{"id":2925,"href":"https:\/\/www.bordeaux-citytours.com\/fr\/wp-json\/wp\/v2\/pages\/542\/revisions\/2925"}],"up":[{"embeddable":true,"href":"https:\/\/www.bordeaux-citytours.com\/fr\/wp-json\/wp\/v2\/pages\/581"}],"wp:featuredmedia":[{"embeddable":true,"href":"https:\/\/www.bordeaux-citytours.com\/fr\/wp-json\/wp\/v2\/media\/2926"}],"wp:attachment":[{"href":"https:\/\/www.bordeaux-citytours.com\/fr\/wp-json\/wp\/v2\/media?parent=542"}],"curies":[{"name":"wp","href":"https:\/\/api.w.org\/{rel}","templated":true}]}}