{"id":513,"date":"2023-04-07T15:15:54","date_gmt":"2023-04-07T13:15:54","guid":{"rendered":"https:\/\/www.bordeaux-citytours.com\/?page_id=513"},"modified":"2023-05-04T16:51:07","modified_gmt":"2023-05-04T14:51:07","slug":"visiter-bordeaux-en-trois-jours","status":"publish","type":"page","link":"https:\/\/www.bordeaux-citytours.com\/fr\/visiter-bordeaux\/visiter-bordeaux-en-trois-jours\/","title":{"rendered":"Visiter Bordeaux en trois jours"},"content":{"rendered":"<h1>Que visiter \u00e0 Bordeaux en 3 jours ?<\/h1>\n<p>Si vous pr\u00e9voyez de visiter Bordeaux, en France, vous vous demandez peut-\u00eatre \u00ab\u00a0<strong>Que voir \u00e0 Bordeaux en 3 jours ?<\/strong>\u00ab\u00a0. Heureusement, il y a beaucoup de choses \u00e0 visiter et \u00e0 faire pendant votre s\u00e9jour de <strong>trois jours \u00e0 Bordeaux.<\/strong><\/p>\n<p>Bordeaux a la r\u00e9putation d&rsquo;\u00eatre l&rsquo;une des villes les plus charmantes de France. Elle abrite certains des plus beaux b\u00e2timents historiques, des rues pav\u00e9es et des cath\u00e9drales gothiques que l&rsquo;on puisse d\u00e9couvrir. Le probl\u00e8me est qu&rsquo;il peut \u00eatre difficile de savoir comment explorer Bordeaux en quelques jours. En effet, il y a tellement d&rsquo;activit\u00e9s et de sites \u00e0 voir qu&rsquo;il est parfois compliqu\u00e9 de s&rsquo;y retrouver.<\/p>\n<h2>Comment visiter Bordeaux \u00e0 pied, lors de mon s\u00e9jour de 3 jours ?<\/h2>\n<p>La premi\u00e8re chose \u00e0 faire lors de votre<strong> premier jour \u00e0 Bordeaux<\/strong> est de d\u00e9couvrir \u00e0 pied la ville. Vous verrez Bordeaux sous son aspect le plus charmant lorsque vous explorerez ses rues \u00e0 pied, en prenant le temps de vous arr\u00eater \u00e0 chaque coin de rue et de profiter des images et des sons de cette ville \u00e0 la beaut\u00e9 vibrante. Commencez par la <strong>place de la Victoire<\/strong>, la place principale de la ville qui est dans le prolongement de la rue Sainte-Catherine. C&rsquo;est l&rsquo;endroit id\u00e9al pour se faire une id\u00e9e de l&rsquo;atmosph\u00e8re de Bordeaux. Promenez-vous jusqu&rsquo;\u00e0 la <strong>Place de la Bourse, <\/strong>prenez le temps de vous rendre au miroir d&rsquo;eau . Au printemps et en \u00e9t\u00e9, d\u00e9chaussez-vous et profitez de cet espace de d\u00e9tente. Descendez le long du <strong>Quai des Chartrons<\/strong>. Baladez-vous et longez la Garonne. De l\u00e0, vous aurez une vue imprenable sur l&rsquo;horizon de la ville.<\/p>\n<p>Lorsque vous vous promenez dans le centre-ville, profiter des petites rues pour d\u00e9couvrir des endroits charmants. Vous pouvez obtenir de superbes vues sur le fleuve et les quais en visitant Bordeaux \u00e0 bord de notre buis panoramique. En 1 h 10, vous d\u00e9couvrirez les plus grands monuments de Bordeaux.<\/p>\n<p>Prenez place dans notre bus rouge et d\u00e9couvrez :<\/p>\n<ul>\n<li>le miroir d&rsquo;eau<\/li>\n<li>le pont de pierre<\/li>\n<li>le pont Chaban-Delmas<\/li>\n<li>le palais Galien<\/li>\n<li>le Grand Th\u00e9atre<\/li>\n<\/ul>\n<p>Vous pourrez visiter Bordeaux en Bus tout au long de l&rsquo;ann\u00e9e. Le d\u00e9part \u00e0 lieu place Tourny \u00e0 Bordeaux. Vous pourrez r\u00e9server <a href=\"https:\/\/www.bordeaux-citytours.com\/fr\/\">vos billets en ligne<\/a> ou directement au kiosque.<\/p>\n<p><img loading=\"lazy\" decoding=\"async\" class=\" wp-image-520 aligncenter\" src=\"https:\/\/www.bordeaux-citytours.com\/wp-content\/uploads\/2023\/03\/visiter-bordeaux-en-trois-jours-300x157.png\" alt=\"Visiter Bordeaux en trois jours\" width=\"783\" height=\"410\" srcset=\"https:\/\/www.bordeaux-citytours.com\/wp-content\/uploads\/2023\/03\/visiter-bordeaux-en-trois-jours-300x157.png 300w, https:\/\/www.bordeaux-citytours.com\/wp-content\/uploads\/2023\/03\/visiter-bordeaux-en-trois-jours-1024x536.png 1024w, https:\/\/www.bordeaux-citytours.com\/wp-content\/uploads\/2023\/03\/visiter-bordeaux-en-trois-jours-768x402.png 768w, https:\/\/www.bordeaux-citytours.com\/wp-content\/uploads\/2023\/03\/visiter-bordeaux-en-trois-jours.png 1200w\" sizes=\"auto, (max-width: 783px) 100vw, 783px\" \/><\/p>\n<h2>Comment visiter Bordeaux en 3 jours ?<\/h2>\n<p>Bordeaux est une belle ville fran\u00e7aise c\u00e9l\u00e8bre pour son vin et sa gastronomie. Elle poss\u00e8de une vieille ville charmante et une campagne magnifique. Si vous pr\u00e9voyez une visite rapide de Bordeaux, pensez \u00e0 utiliser l&rsquo;itin\u00e9raire suivant. Vous pouvez le partager avec vos amis et <a href=\"https:\/\/www.bordeaux-citytours.com\/visiter-bordeaux\/visiter-bordeaux-en-famille\/\">votre famille<\/a> ou l&rsquo;imprimer pour votre voyage. Poursuivez votre lecture pour en savoir plus sur cette charmante ville.<\/p>\n<p>Admirez les b\u00e2timents historiques. La place des Quinconces est l&rsquo;une des plus grandes places d&rsquo;Europe. Elle accueille de nombreux \u00e9v\u00e9nements culturels tout au long de l&rsquo;ann\u00e9e. Un autre endroit \u00e0 voir est <strong>la Basilique St-Michel<\/strong>, un exemple du style gothique flamboyant. Construite au 14e si\u00e8cle, elle a \u00e9t\u00e9 class\u00e9e au patrimoine mondial de l&rsquo;UNESCO en 1998. \u00c0 l&rsquo;int\u00e9rieur, vous serez \u00e9merveill\u00e9 par les vitraux qui offrent un beau jeu de couleurs.<\/p>\n<h2>Comment visiter Bordeaux \u00e0 pied ?<\/h2>\n<p>Bordeaux est une ville s\u00fbre, dans laquelle il fait bon vivre. <strong>Une balade \u00e0 pied dans la cit\u00e9 bordelaise<\/strong> vous permettra de vous impr\u00e9gner de son ambiance et de d\u00e9couvrir des rues mythiques de la belle endormie.<\/p>\n<p>Lors de votre balade p\u00e9destre dans le centre-ville de Bordeaux , ne manquez pas les monuments suivants :<\/p>\n<ul>\n<li>La <a href=\"https:\/\/www.bordeaux-citytours.com\/patrimoine\/la-cathedrale-saint-andre-et-sa-tour-pey-berland\/\">Cath\u00e9drale Saint-Andr\u00e9<\/a><\/li>\n<li>La Tour Pey Berland<\/li>\n<li>Le <a href=\"https:\/\/www.bordeaux-citytours.com\/patrimoine\/le-grand-theatre\/\">Grand Th\u00e9\u00e2tre<\/a> et le Grand H\u00f4tel, sur la place de la Com\u00e9die<\/li>\n<li>Le Monument des Girondins<\/li>\n<li>Le <a href=\"https:\/\/www.bordeaux-citytours.com\/fr\/patrimoine\/la-place-de-la-bourse-et-le-miroir-deau\/\">Miroir d\u2019eau<\/a> de la place de la Bourse<\/li>\n<\/ul>\n<p><img loading=\"lazy\" decoding=\"async\" class=\"size-full wp-image-523 alignleft\" src=\"https:\/\/www.bordeaux-citytours.com\/wp-content\/uploads\/2023\/03\/visiter-bordeaux-en-trois-jours-2.png\" alt=\"Visiter Bordeaux en trois jours\" width=\"300\" height=\"300\" srcset=\"https:\/\/www.bordeaux-citytours.com\/wp-content\/uploads\/2023\/03\/visiter-bordeaux-en-trois-jours-2.png 300w, https:\/\/www.bordeaux-citytours.com\/wp-content\/uploads\/2023\/03\/visiter-bordeaux-en-trois-jours-2-150x150.png 150w, https:\/\/www.bordeaux-citytours.com\/wp-content\/uploads\/2023\/03\/visiter-bordeaux-en-trois-jours-2-235x235.png 235w\" sizes=\"auto, (max-width: 300px) 100vw, 300px\" \/>Nous vous invitons \u00e0 visiter la <strong>Cath\u00e9drale Saint Andr\u00e9<\/strong> et son <strong>clocher Pey Berland, <\/strong>fleuron du gothique flamboyant. Dissoci\u00e9 de la cath\u00e9drale Saint Andr\u00e9, le clocher a \u00e9t\u00e9 construit au XV \u00e8me si\u00e8cle. Le projet initial est la construction d&rsquo;un clocher imposant, mais la r\u00e9alisation sur la structure de la cath\u00e9drale n&rsquo;\u00e9tait pas possible et l&rsquo;aurait\u00a0 fragilis\u00e9e. La tour porte le nom de l&rsquo;archev\u00eaque Pey-Berland ( environ 1370-1458), il est le renouveau de l&rsquo;Eglise en Aquitaine qui est alors sous la domination Plantagen\u00eat. Prenez le temps de monter jusqu&rsquo;au sommet de la tour et d&rsquo;admirer la vue qui s&rsquo;offre \u00e0 vous. En cas de temps d\u00e9gag\u00e9, vous pourrez admirer le paysage jusqu&rsquo;\u00e0 <strong>St<\/strong> <strong>Emilion<\/strong> et y voir au loin ses ch\u00e2teaux viticoles. Si vous avez l&rsquo;occasion de sortir de Bordeaux, rendez-vous \u00e0 Saint Emilion et ses alentours pour y d\u00e9guster des vins de qualit\u00e9.<\/p>\n<p>Avant de commencer votre voyage \u00e0 Bordeaux, il est important de vous procurer un <strong>city pass<\/strong>. Ceux-ci peuvent \u00eatre achet\u00e9s \u00e0 l&rsquo;office du tourisme ou en ligne. Ces cartes d&rsquo;abonnement vous donnent un acc\u00e8s illimit\u00e9 aux transports publics et des r\u00e9ductions sur les restaurants, les d\u00e9gustations de vin et les croisi\u00e8res de midi et du soir.<\/p>\n<h2>Quel quartier visiter \u00e0 Bordeaux lors de votre long week-end dans la r\u00e9gion?<\/h2>\n<p>Vous pouvez choisir entre deux quartiers principaux \u00e0 visiter \u00e0 Bordeaux. L&rsquo;un d&rsquo;eux est le centre, qui est facilement accessible depuis de nombreux quartiers \u00e9loign\u00e9s. Vous pouvez \u00e9galement utiliser les lignes de tramway, qui sont fr\u00e9quentes et qui desservent toute la ville de Bordeaux. Si vous avez opt\u00e9 pour un h\u00f4tel en p\u00e9riph\u00e9rie de la ville de Bordeaux, n&rsquo;h\u00e9sitez par \u00e0 rejoindre le centre ville en tramway ou en bus et de laisser votre voiture \u00e0 l&rsquo;h\u00f4tel. Il est plus facile de visiter la m\u00e9tropole bordelaise \u00e0 pied ou en transport en commun, qu&rsquo;en voiture !<\/p>\n<p>Apr\u00e8s avoir visit\u00e9 le centre-ville et ses principaux monuments historiques comme le <strong>Grand Th\u00e9atre<\/strong>, la <strong>place des Quinconces <\/strong>partez \u00e0 la conqu\u00eate du jardin public avant de vous rendre dans le quartier du <strong>Triangle d&rsquo;or,<\/strong> qui est le quartier le plus prestigieux de la ville de Bordeaux. Vous pourrez y retrouver des mus\u00e9es et des expositions culturels \u00e9ph\u00e9m\u00e8res.<\/p>\n<p>Si vous avez encore un peu de temps, profitez-en pour vous rendre quartier Saint Michel, qui est un lieu charg\u00e9 d&rsquo;histoire, class\u00e9 au\u00a0<b>Patrimoine Mondiale de l&rsquo;Unesco. <\/b>Nous vous recommandons de visiter l&rsquo;\u00e9coquartier Darwin, c&rsquo;est le quartier \u00e0 la mode \u00e0 Bordeaux. Il faut absolument le visiter ! Vous pourrez y d\u00e9couvrir la transformation de l&rsquo;ancienne caserne Niel en un espace de street art, d&rsquo;\u00e9change et de commerce \u00e9quitable. Avant de quitter Bordeaux, passez par le quartier des Chartrons, o\u00f9 vous y retrouverez l&rsquo;architecture Haussmanienne.<\/p>\n<p>Vous souhaitez visiter Bordeaux avec un guide conf\u00e9rencier ? Bordeaux city tours a tout pr\u00e9vu ! Nous vous recommandons de <a href=\"https:\/\/www.bordeaux-citytours.com\/fr\/cartes-cadeau-offrez-bordeaux-2\/cartes-cadeau-visites-insolites\/\">visiter Bordeaux \u00e0 pied<\/a> avec notre guide conf\u00e9rencier et de multiplier les plaisirs en visitant la cit\u00e9e bordelaise dans un bus panoramique.<\/p>\n","protected":false},"excerpt":{"rendered":"<p>Que visiter \u00e0 Bordeaux en 3 jours ? Si vous pr\u00e9voyez de visiter Bordeaux, en France, vous vous demandez peut-\u00eatre \u00ab\u00a0Que voir \u00e0 Bordeaux en 3 jours ?\u00ab\u00a0. Heureusement, il y a beaucoup de choses \u00e0 visiter et \u00e0 faire pendant votre s\u00e9jour de trois jours \u00e0 Bordeaux. Bordeaux a la r\u00e9putation d&rsquo;\u00eatre l&rsquo;une des [&hellip;]<\/p>\n","protected":false},"author":2,"featured_media":737,"parent":581,"menu_order":0,"comment_status":"closed","ping_status":"closed","template":"","meta":{"_acf_changed":false,"footnotes":""},"class_list":["post-513","page","type-page","status-publish","has-post-thumbnail","hentry"],"acf":[],"yoast_head":"<!-- This site is optimized with the Yoast SEO plugin v26.6 - https:\/\/yoast.com\/wordpress\/plugins\/seo\/ -->\n<title>Visiter Bordeaux en trois jours - Bordeaux City Tours<\/title>\n<meta name=\"description\" content=\"Visitez Bordeaux sur un weekend de 3 jours. Avec Bordeaux visio tours, visitez la ville dans un bus imp\u00e9rial. R\u00e9servation en ligne\" \/>\n<meta name=\"robots\" content=\"index, follow, max-snippet:-1, max-image-preview:large, max-video-preview:-1\" \/>\n<link rel=\"canonical\" href=\"https:\/\/www.bordeaux-citytours.com\/fr\/visiter-bordeaux\/visiter-bordeaux-en-trois-jours\/\" \/>\n<meta property=\"og:locale\" content=\"fr_FR\" \/>\n<meta property=\"og:type\" content=\"article\" \/>\n<meta property=\"og:title\" content=\"Visiter Bordeaux en trois jours - Bordeaux City Tours\" \/>\n<meta property=\"og:description\" content=\"Visitez Bordeaux sur un weekend de 3 jours. Avec Bordeaux visio tours, visitez la ville dans un bus imp\u00e9rial. R\u00e9servation en ligne\" \/>\n<meta property=\"og:url\" content=\"https:\/\/www.bordeaux-citytours.com\/fr\/visiter-bordeaux\/visiter-bordeaux-en-trois-jours\/\" \/>\n<meta property=\"og:site_name\" content=\"Bordeaux City Tours\" \/>\n<meta property=\"article:modified_time\" content=\"2023-05-04T14:51:07+00:00\" \/>\n<meta property=\"og:image\" content=\"https:\/\/www.bordeaux-citytours.com\/wp-content\/uploads\/2023\/03\/que-visiter-a-bordeaux-en-3-jours-1.png\" \/>\n\t<meta property=\"og:image:width\" content=\"2048\" \/>\n\t<meta property=\"og:image:height\" content=\"1024\" \/>\n\t<meta property=\"og:image:type\" content=\"image\/png\" \/>\n<meta name=\"twitter:card\" content=\"summary_large_image\" \/>\n<meta name=\"twitter:label1\" content=\"Dur\u00e9e de lecture estim\u00e9e\" \/>\n\t<meta name=\"twitter:data1\" content=\"7 minutes\" \/>\n<script type=\"application\/ld+json\" class=\"yoast-schema-graph\">{\"@context\":\"https:\/\/schema.org\",\"@graph\":[{\"@type\":\"WebPage\",\"@id\":\"https:\/\/www.bordeaux-citytours.com\/fr\/visiter-bordeaux\/visiter-bordeaux-en-trois-jours\/\",\"url\":\"https:\/\/www.bordeaux-citytours.com\/fr\/visiter-bordeaux\/visiter-bordeaux-en-trois-jours\/\",\"name\":\"Visiter Bordeaux en trois jours - Bordeaux City Tours\",\"isPartOf\":{\"@id\":\"https:\/\/www.bordeaux-citytours.com\/fr\/#website\"},\"primaryImageOfPage\":{\"@id\":\"https:\/\/www.bordeaux-citytours.com\/fr\/visiter-bordeaux\/visiter-bordeaux-en-trois-jours\/#primaryimage\"},\"image\":{\"@id\":\"https:\/\/www.bordeaux-citytours.com\/fr\/visiter-bordeaux\/visiter-bordeaux-en-trois-jours\/#primaryimage\"},\"thumbnailUrl\":\"https:\/\/www.bordeaux-citytours.com\/wp-content\/uploads\/2023\/03\/que-visiter-a-bordeaux-en-3-jours-1.png\",\"datePublished\":\"2023-04-07T13:15:54+00:00\",\"dateModified\":\"2023-05-04T14:51:07+00:00\",\"description\":\"Visitez Bordeaux sur un weekend de 3 jours. Avec Bordeaux visio tours, visitez la ville dans un bus imp\u00e9rial. R\u00e9servation en ligne\",\"breadcrumb\":{\"@id\":\"https:\/\/www.bordeaux-citytours.com\/fr\/visiter-bordeaux\/visiter-bordeaux-en-trois-jours\/#breadcrumb\"},\"inLanguage\":\"fr-FR\",\"potentialAction\":[{\"@type\":\"ReadAction\",\"target\":[\"https:\/\/www.bordeaux-citytours.com\/fr\/visiter-bordeaux\/visiter-bordeaux-en-trois-jours\/\"]}]},{\"@type\":\"ImageObject\",\"inLanguage\":\"fr-FR\",\"@id\":\"https:\/\/www.bordeaux-citytours.com\/fr\/visiter-bordeaux\/visiter-bordeaux-en-trois-jours\/#primaryimage\",\"url\":\"https:\/\/www.bordeaux-citytours.com\/wp-content\/uploads\/2023\/03\/que-visiter-a-bordeaux-en-3-jours-1.png\",\"contentUrl\":\"https:\/\/www.bordeaux-citytours.com\/wp-content\/uploads\/2023\/03\/que-visiter-a-bordeaux-en-3-jours-1.png\",\"width\":2048,\"height\":1024,\"caption\":\"QUE VISITER A\u0300 BORDEAUX EN 3 JOURS ?\"},{\"@type\":\"BreadcrumbList\",\"@id\":\"https:\/\/www.bordeaux-citytours.com\/fr\/visiter-bordeaux\/visiter-bordeaux-en-trois-jours\/#breadcrumb\",\"itemListElement\":[{\"@type\":\"ListItem\",\"position\":1,\"name\":\"Accueil\",\"item\":\"https:\/\/www.bordeaux-citytours.com\/fr\/\"},{\"@type\":\"ListItem\",\"position\":2,\"name\":\"Visiter Bordeaux\",\"item\":\"https:\/\/www.bordeaux-citytours.com\/fr\/visiter-bordeaux\/\"},{\"@type\":\"ListItem\",\"position\":3,\"name\":\"Visiter Bordeaux en trois jours\"}]},{\"@type\":\"WebSite\",\"@id\":\"https:\/\/www.bordeaux-citytours.com\/fr\/#website\",\"url\":\"https:\/\/www.bordeaux-citytours.com\/fr\/\",\"name\":\"Bordeaux City Tours\",\"description\":\"\",\"publisher\":{\"@id\":\"https:\/\/www.bordeaux-citytours.com\/fr\/#organization\"},\"potentialAction\":[{\"@type\":\"SearchAction\",\"target\":{\"@type\":\"EntryPoint\",\"urlTemplate\":\"https:\/\/www.bordeaux-citytours.com\/fr\/?s={search_term_string}\"},\"query-input\":{\"@type\":\"PropertyValueSpecification\",\"valueRequired\":true,\"valueName\":\"search_term_string\"}}],\"inLanguage\":\"fr-FR\"},{\"@type\":\"Organization\",\"@id\":\"https:\/\/www.bordeaux-citytours.com\/fr\/#organization\",\"name\":\"Bordeaux City Tours\",\"url\":\"https:\/\/www.bordeaux-citytours.com\/fr\/\",\"logo\":{\"@type\":\"ImageObject\",\"inLanguage\":\"fr-FR\",\"@id\":\"https:\/\/www.bordeaux-citytours.com\/fr\/#\/schema\/logo\/image\/\",\"url\":\"https:\/\/www.bordeaux-citytours.com\/wp-content\/uploads\/2023\/04\/logo-bordeaux-city-tours-1.png\",\"contentUrl\":\"https:\/\/www.bordeaux-citytours.com\/wp-content\/uploads\/2023\/04\/logo-bordeaux-city-tours-1.png\",\"width\":430,\"height\":166,\"caption\":\"Bordeaux City Tours\"},\"image\":{\"@id\":\"https:\/\/www.bordeaux-citytours.com\/fr\/#\/schema\/logo\/image\/\"},\"sameAs\":[\"https:\/\/www.instagram.com\/bordeauxcitytours\",\"https:\/\/www.linkedin.com\/company\/bordeaux-city-tours\"]}]}<\/script>\n<!-- \/ Yoast SEO plugin. -->","yoast_head_json":{"title":"Visiter Bordeaux en trois jours - Bordeaux City Tours","description":"Visitez Bordeaux sur un weekend de 3 jours. Avec Bordeaux visio tours, visitez la ville dans un bus imp\u00e9rial. R\u00e9servation en ligne","robots":{"index":"index","follow":"follow","max-snippet":"max-snippet:-1","max-image-preview":"max-image-preview:large","max-video-preview":"max-video-preview:-1"},"canonical":"https:\/\/www.bordeaux-citytours.com\/fr\/visiter-bordeaux\/visiter-bordeaux-en-trois-jours\/","og_locale":"fr_FR","og_type":"article","og_title":"Visiter Bordeaux en trois jours - Bordeaux City Tours","og_description":"Visitez Bordeaux sur un weekend de 3 jours. Avec Bordeaux visio tours, visitez la ville dans un bus imp\u00e9rial. R\u00e9servation en ligne","og_url":"https:\/\/www.bordeaux-citytours.com\/fr\/visiter-bordeaux\/visiter-bordeaux-en-trois-jours\/","og_site_name":"Bordeaux City Tours","article_modified_time":"2023-05-04T14:51:07+00:00","og_image":[{"width":2048,"height":1024,"url":"https:\/\/www.bordeaux-citytours.com\/wp-content\/uploads\/2023\/03\/que-visiter-a-bordeaux-en-3-jours-1.png","type":"image\/png"}],"twitter_card":"summary_large_image","twitter_misc":{"Dur\u00e9e de lecture estim\u00e9e":"7 minutes"},"schema":{"@context":"https:\/\/schema.org","@graph":[{"@type":"WebPage","@id":"https:\/\/www.bordeaux-citytours.com\/fr\/visiter-bordeaux\/visiter-bordeaux-en-trois-jours\/","url":"https:\/\/www.bordeaux-citytours.com\/fr\/visiter-bordeaux\/visiter-bordeaux-en-trois-jours\/","name":"Visiter Bordeaux en trois jours - Bordeaux City Tours","isPartOf":{"@id":"https:\/\/www.bordeaux-citytours.com\/fr\/#website"},"primaryImageOfPage":{"@id":"https:\/\/www.bordeaux-citytours.com\/fr\/visiter-bordeaux\/visiter-bordeaux-en-trois-jours\/#primaryimage"},"image":{"@id":"https:\/\/www.bordeaux-citytours.com\/fr\/visiter-bordeaux\/visiter-bordeaux-en-trois-jours\/#primaryimage"},"thumbnailUrl":"https:\/\/www.bordeaux-citytours.com\/wp-content\/uploads\/2023\/03\/que-visiter-a-bordeaux-en-3-jours-1.png","datePublished":"2023-04-07T13:15:54+00:00","dateModified":"2023-05-04T14:51:07+00:00","description":"Visitez Bordeaux sur un weekend de 3 jours. Avec Bordeaux visio tours, visitez la ville dans un bus imp\u00e9rial. R\u00e9servation en ligne","breadcrumb":{"@id":"https:\/\/www.bordeaux-citytours.com\/fr\/visiter-bordeaux\/visiter-bordeaux-en-trois-jours\/#breadcrumb"},"inLanguage":"fr-FR","potentialAction":[{"@type":"ReadAction","target":["https:\/\/www.bordeaux-citytours.com\/fr\/visiter-bordeaux\/visiter-bordeaux-en-trois-jours\/"]}]},{"@type":"ImageObject","inLanguage":"fr-FR","@id":"https:\/\/www.bordeaux-citytours.com\/fr\/visiter-bordeaux\/visiter-bordeaux-en-trois-jours\/#primaryimage","url":"https:\/\/www.bordeaux-citytours.com\/wp-content\/uploads\/2023\/03\/que-visiter-a-bordeaux-en-3-jours-1.png","contentUrl":"https:\/\/www.bordeaux-citytours.com\/wp-content\/uploads\/2023\/03\/que-visiter-a-bordeaux-en-3-jours-1.png","width":2048,"height":1024,"caption":"QUE VISITER A\u0300 BORDEAUX EN 3 JOURS ?"},{"@type":"BreadcrumbList","@id":"https:\/\/www.bordeaux-citytours.com\/fr\/visiter-bordeaux\/visiter-bordeaux-en-trois-jours\/#breadcrumb","itemListElement":[{"@type":"ListItem","position":1,"name":"Accueil","item":"https:\/\/www.bordeaux-citytours.com\/fr\/"},{"@type":"ListItem","position":2,"name":"Visiter Bordeaux","item":"https:\/\/www.bordeaux-citytours.com\/fr\/visiter-bordeaux\/"},{"@type":"ListItem","position":3,"name":"Visiter Bordeaux en trois jours"}]},{"@type":"WebSite","@id":"https:\/\/www.bordeaux-citytours.com\/fr\/#website","url":"https:\/\/www.bordeaux-citytours.com\/fr\/","name":"Bordeaux City Tours","description":"","publisher":{"@id":"https:\/\/www.bordeaux-citytours.com\/fr\/#organization"},"potentialAction":[{"@type":"SearchAction","target":{"@type":"EntryPoint","urlTemplate":"https:\/\/www.bordeaux-citytours.com\/fr\/?s={search_term_string}"},"query-input":{"@type":"PropertyValueSpecification","valueRequired":true,"valueName":"search_term_string"}}],"inLanguage":"fr-FR"},{"@type":"Organization","@id":"https:\/\/www.bordeaux-citytours.com\/fr\/#organization","name":"Bordeaux City Tours","url":"https:\/\/www.bordeaux-citytours.com\/fr\/","logo":{"@type":"ImageObject","inLanguage":"fr-FR","@id":"https:\/\/www.bordeaux-citytours.com\/fr\/#\/schema\/logo\/image\/","url":"https:\/\/www.bordeaux-citytours.com\/wp-content\/uploads\/2023\/04\/logo-bordeaux-city-tours-1.png","contentUrl":"https:\/\/www.bordeaux-citytours.com\/wp-content\/uploads\/2023\/04\/logo-bordeaux-city-tours-1.png","width":430,"height":166,"caption":"Bordeaux City Tours"},"image":{"@id":"https:\/\/www.bordeaux-citytours.com\/fr\/#\/schema\/logo\/image\/"},"sameAs":["https:\/\/www.instagram.com\/bordeauxcitytours","https:\/\/www.linkedin.com\/company\/bordeaux-city-tours"]}]}},"_links":{"self":[{"href":"https:\/\/www.bordeaux-citytours.com\/fr\/wp-json\/wp\/v2\/pages\/513","targetHints":{"allow":["GET"]}}],"collection":[{"href":"https:\/\/www.bordeaux-citytours.com\/fr\/wp-json\/wp\/v2\/pages"}],"about":[{"href":"https:\/\/www.bordeaux-citytours.com\/fr\/wp-json\/wp\/v2\/types\/page"}],"author":[{"embeddable":true,"href":"https:\/\/www.bordeaux-citytours.com\/fr\/wp-json\/wp\/v2\/users\/2"}],"replies":[{"embeddable":true,"href":"https:\/\/www.bordeaux-citytours.com\/fr\/wp-json\/wp\/v2\/comments?post=513"}],"version-history":[{"count":3,"href":"https:\/\/www.bordeaux-citytours.com\/fr\/wp-json\/wp\/v2\/pages\/513\/revisions"}],"predecessor-version":[{"id":2753,"href":"https:\/\/www.bordeaux-citytours.com\/fr\/wp-json\/wp\/v2\/pages\/513\/revisions\/2753"}],"up":[{"embeddable":true,"href":"https:\/\/www.bordeaux-citytours.com\/fr\/wp-json\/wp\/v2\/pages\/581"}],"wp:featuredmedia":[{"embeddable":true,"href":"https:\/\/www.bordeaux-citytours.com\/fr\/wp-json\/wp\/v2\/media\/737"}],"wp:attachment":[{"href":"https:\/\/www.bordeaux-citytours.com\/fr\/wp-json\/wp\/v2\/media?parent=513"}],"curies":[{"name":"wp","href":"https:\/\/api.w.org\/{rel}","templated":true}]}}