{"id":478,"date":"2023-03-27T14:15:12","date_gmt":"2023-03-27T12:15:12","guid":{"rendered":"https:\/\/www.bordeaux-citytours.com\/?page_id=478"},"modified":"2023-04-17T21:45:17","modified_gmt":"2023-04-17T19:45:17","slug":"visiter-bordeaux-en-une-journee","status":"publish","type":"page","link":"https:\/\/www.bordeaux-citytours.com\/fr\/visiter-bordeaux\/visiter-bordeaux-en-une-journee\/","title":{"rendered":"Visiter Bordeaux en une journ\u00e9e"},"content":{"rendered":"<h1>Visiter Bordeaux en une journ\u00e9e<\/h1>\n<p>Situ\u00e9e dans le sud-ouest de la France, <strong>la ville de Bordeaux<\/strong> est le c\u0153ur de la c\u00e9l\u00e8bre r\u00e9gion viticole fran\u00e7aise. Elle est \u00e9galement connue pour sa <a href=\"https:\/\/www.bordeaux-citytours.com\/fr\/que_faire_a_bordeaux\/tour-pey-berland\/\">cath\u00e9drale gothique Saint-Andr\u00e9<\/a>, ses nombreux h\u00f4tels particuliers des XVIIIe et XIXe si\u00e8cles et ses jardins publics. La ville abrite plusieurs mus\u00e9es et de nombreuses fontaines. La place principale, la place de la Bourse, est centr\u00e9e sur la fontaine des Trois Gr\u00e2ces et surplombe le bassin de r\u00e9flexion du <a href=\"https:\/\/www.bordeaux-citytours.com\/fr\/que_faire_a_bordeaux\/la-place-de-la-bourse-et-le-miroir-deau-bordeaux\/\">Miroir d&rsquo;Eau<\/a>.<\/p>\n<p>Si vous avez le temps, vous pouvez \u00e9galement assister \u00e0 un spectacle au <a href=\"https:\/\/www.bordeaux-citytours.com\/fr\/que_faire_a_bordeaux\/grand-theatre\/\">Grand Th\u00e9\u00e2tre de Bordeaux<\/a>, qui est l&rsquo;un des plus grands th\u00e9\u00e2tres d&rsquo;Europe. Ce b\u00e2timent du XVIIIe si\u00e8cle abrite le Ballet national et l&rsquo;Op\u00e9ra. Assister \u00e0 un concert dans cette magnifique salle est l&rsquo;un des moments forts de votre visite \u00e0 Bordeaux. Vous pouvez \u00e9galement passer votre soir\u00e9e dans les nombreux bars et caf\u00e9s de la ville.<\/p>\n<p>Un voyage d&rsquo;une journ\u00e9e \u00e0 Bordeaux devrait vous laisser suffisamment de temps pour <strong>voir les sites et les mus\u00e9es de la ville<\/strong>. Pendant votre s\u00e9jour, vous pourrez profiter de notre <a href=\"https:\/\/www.bordeaux-citytours.com\/fr\/\">visiotour<\/a> pour d\u00e9couvrir la ville de Bordeaux \u00e0 bord de notre bus panoramique. Profitez de cette visite comment\u00e9 par un guide touristique pendant 1h10 pour d\u00e9couvrir tous les secrets de Bordeaux d&rsquo;hier \u00e0 aujourd&rsquo;hui.<\/p>\n<h2>Comment visiter Bordeaux \u00e0 pied ?<\/h2>\n<p>Si vous n&rsquo;avez pas beaucoup de temps pour visiter Bordeaux, il est possible de visiter la ville \u00e0 pied. Bordeaux compte de nombreuses petites rues o\u00f9 il fait bon de fl\u00e2ner.<\/p>\n<p>Si vous aimez le shopping, Bordeaux poss\u00e8de <strong>certains des meilleurs march\u00e9s de France<\/strong>. Par exemple, la place des Quincones accueille deux fois par an le plus grand march\u00e9 d&rsquo;antiquit\u00e9s de la ville. Vous pouvez \u00e9galement trouver de la nourriture dans les Halles de Bacalan. Et si vous aimez l&rsquo;art, Bordeaux poss\u00e8de une multitude de mus\u00e9es et d&rsquo;expositions. D\u00e9couvrez le <a href=\"https:\/\/www.bordeaux-citytours.com\/que-faire-a-bordeaux\/\" target=\"_blank\" rel=\"noopener\">programme des actualit\u00e9s de Bordeaux<\/a> pour pr\u00e9parer au mieux votre venue en Nouvelle-Aquitaine.<\/p>\n<p>La place de la Bourse est un autre point fort de Bordeaux. L&rsquo;UNESCO l&rsquo;a d\u00e9clar\u00e9e patrimoine mondial de l&rsquo;humanit\u00e9. Son <strong>miroir d&rsquo;eau, <\/strong>le<strong> plus grand bassin r\u00e9fl\u00e9chissant du monde<\/strong>, a une profondeur de 2 cm et est un spectacle magnifique \u00e0 voir. Son reflet refl\u00e8te les b\u00e2timents de la ville et ne manquera pas de capter votre attention.<\/p>\n<h2>Quel quartier visiter \u00e0 Bordeaux ?<\/h2>\n<p><img loading=\"lazy\" decoding=\"async\" class=\"size-full wp-image-480 alignleft\" src=\"https:\/\/www.bordeaux-citytours.com\/wp-content\/uploads\/2023\/03\/visiter-bordeaux-en-une-journee.png\" alt=\"Visiter Bordeaux en une journe\u0301e\" width=\"300\" height=\"300\" srcset=\"https:\/\/www.bordeaux-citytours.com\/wp-content\/uploads\/2023\/03\/visiter-bordeaux-en-une-journee.png 300w, https:\/\/www.bordeaux-citytours.com\/wp-content\/uploads\/2023\/03\/visiter-bordeaux-en-une-journee-150x150.png 150w, https:\/\/www.bordeaux-citytours.com\/wp-content\/uploads\/2023\/03\/visiter-bordeaux-en-une-journee-235x235.png 235w\" sizes=\"auto, (max-width: 300px) 100vw, 300px\" \/>Que vous ayez le temps de passer une journ\u00e9e enti\u00e8re \u00e0 visiter la ville ou que vous soyez simplement de passage, vous devriez <strong>visiter le centre historique<\/strong> de Bordeaux. On y trouve certaines des attractions les plus c\u00e9l\u00e8bres de la ville \u00e0 quelques minutes de marche.<\/p>\n<p>Vous trouverez de belles statues et sculptures sur la place de la Bourse et la place du Parlement. La ville abrite \u00e9galement le Ballet national et l&rsquo;Op\u00e9ra. Vous devriez essayer d&rsquo;assister \u00e0 l&rsquo;un de ces spectacles lors de votre visite de la ville. Vous pouvez \u00e9galement <strong>explorer le grand th\u00e9\u00e2tre<\/strong>, qui a des influences franc-ma\u00e7onniques. Sa fa\u00e7ade comporte douze colonnes corinthiennes qui correspondent aux nervures du Triangle sacr\u00e9 des francs-ma\u00e7ons. Ce magnifique b\u00e2timent a \u00e9t\u00e9 con\u00e7u par l&rsquo;architecte Victor Louis et est class\u00e9 monument historique.<\/p>\n<p>En vous promenant dans les nombreuses rues de Bordeaux, vous pouvez \u00e9galement visiter le March\u00e9 des Capucins, qui est le plus grand march\u00e9 de la ville. C&rsquo;est un endroit id\u00e9al pour y go\u00fbter la cuisine locale.<\/p>\n<h2>O\u00f9 se promener \u00e0 Bordeaux ?<\/h2>\n<p>Un <strong>clocher ind\u00e9pendant du XVe si\u00e8cle<\/strong>, connu des habitants sous le nom de <a href=\"https:\/\/www.bordeaux-citytours.com\/fr\/que_faire_a_bordeaux\/la-basilique-et-la-fleche-saint-michel\/\" target=\"_blank\" rel=\"noopener\">La Fl\u00e8che<\/a>, s&rsquo;\u00e9l\u00e8ve \u00e0 114 m\u00e8tres de haut. La tour a jou\u00e9 un r\u00f4le important dans l&rsquo;histoire de France, puisque c&rsquo;est l\u00e0 qu&rsquo;Ali\u00e9nor d&rsquo;Aquitaine a \u00e9pous\u00e9 Louis VII en 1137. Vous pouvez monter au sommet de la tour pour profiter d&rsquo;une vue fantastique sur la ville. Vous pouvez \u00e9galement explorer le Jardin Public de 10 hectares, qui comprend un petit <a href=\"https:\/\/www.bordeaux-citytours.com\/fr\/nature\/jardins-botaniques\/\">jardin botanique<\/a> et un caf\u00e9.<\/p>\n<p><img loading=\"lazy\" decoding=\"async\" class=\"size-full wp-image-483 alignright\" src=\"https:\/\/www.bordeaux-citytours.com\/wp-content\/uploads\/2023\/03\/visiter-bordeaux-en-une-journee-2.png\" alt=\"Visiter Bordeaux en une journe\u0301e\" width=\"300\" height=\"300\" srcset=\"https:\/\/www.bordeaux-citytours.com\/wp-content\/uploads\/2023\/03\/visiter-bordeaux-en-une-journee-2.png 300w, https:\/\/www.bordeaux-citytours.com\/wp-content\/uploads\/2023\/03\/visiter-bordeaux-en-une-journee-2-150x150.png 150w, https:\/\/www.bordeaux-citytours.com\/wp-content\/uploads\/2023\/03\/visiter-bordeaux-en-une-journee-2-235x235.png 235w\" sizes=\"auto, (max-width: 300px) 100vw, 300px\" \/><\/p>\n<p>Bordeaux est <strong>une ville tr\u00e8s facile \u00e0 parcourir \u00e0 pied<\/strong>, avec plusieurs zones r\u00e9serv\u00e9es aux pi\u00e9tons. Elle poss\u00e8de \u00e9galement un centre historique charmant, avec de magnifiques places et des quartiers pittoresques. Vous pouvez \u00e9galement visiter des sites voisins comme Arcachon, Margaux et Pauillac en prenant le train. <strong>La r\u00e9gion regorge de beaux ch\u00e2teaux<\/strong> et constitue un endroit id\u00e9al pour une excursion d&rsquo;une journ\u00e9e. Lors de votre visite des domaines viticoles bordelais, vous pourrez d\u00e9guster des vins blancs, des vins ros\u00e9s et des vins rouges class\u00e9s grand crus.<\/p>\n<p>Si vous visitez la ville pendant la journ\u00e9e, vous pouvez explorer des lieux historiques magnifiques en suivant une <a href=\"https:\/\/www.bordeaux-citytours.com\/fr\/cartes-cadeau-offrez-bordeaux-2\/cartes-cadeau-visites-insolites\/\">visite guid\u00e9e \u00e0 pied comment\u00e9 par un guide touristique<\/a>. Cet itin\u00e9raire vous fera passer devant les monuments et les quais les plus populaires de la ville. Vous pourrez <strong>longer la Garonne lors de votre balade p\u00e9destre<\/strong>. Prenez le temps de franchir le Pont de Pierre pour allez voir le Lion de Veilhan qui domine la place Stalingrad. Vous pouvez \u00e9galement visiter la place du Parlement, qui \u00e9tait autrefois le march\u00e9 royal.<\/p>\n<p>Bonne visite de Bordeaux !<\/p>\n","protected":false},"excerpt":{"rendered":"<p>Visiter Bordeaux en une journ\u00e9e Situ\u00e9e dans le sud-ouest de la France, la ville de Bordeaux est le c\u0153ur de la c\u00e9l\u00e8bre r\u00e9gion viticole fran\u00e7aise. Elle est \u00e9galement connue pour sa cath\u00e9drale gothique Saint-Andr\u00e9, ses nombreux h\u00f4tels particuliers des XVIIIe et XIXe si\u00e8cles et ses jardins publics. La ville abrite plusieurs mus\u00e9es et de nombreuses [&hellip;]<\/p>\n","protected":false},"author":2,"featured_media":742,"parent":581,"menu_order":0,"comment_status":"closed","ping_status":"closed","template":"","meta":{"_acf_changed":false,"footnotes":""},"class_list":["post-478","page","type-page","status-publish","has-post-thumbnail","hentry"],"acf":[],"yoast_head":"<!-- This site is optimized with the Yoast SEO plugin v26.6 - https:\/\/yoast.com\/wordpress\/plugins\/seo\/ -->\n<title>Visiter Bordeaux en une journ\u00e9e - Bordeaux City Tours<\/title>\n<meta name=\"description\" content=\"Visiter Bordeaux avec City Tours et d\u00e9couvrez tous les grands monuments bordelais \u00e0 bord de notre bus panoramique !\" \/>\n<meta name=\"robots\" content=\"index, follow, max-snippet:-1, max-image-preview:large, max-video-preview:-1\" \/>\n<link rel=\"canonical\" href=\"https:\/\/www.bordeaux-citytours.com\/fr\/visiter-bordeaux\/visiter-bordeaux-en-une-journee\/\" \/>\n<meta property=\"og:locale\" content=\"fr_FR\" \/>\n<meta property=\"og:type\" content=\"article\" \/>\n<meta property=\"og:title\" content=\"Visiter Bordeaux en une journ\u00e9e - Bordeaux City Tours\" \/>\n<meta property=\"og:description\" content=\"Visiter Bordeaux avec City Tours et d\u00e9couvrez tous les grands monuments bordelais \u00e0 bord de notre bus panoramique !\" \/>\n<meta property=\"og:url\" content=\"https:\/\/www.bordeaux-citytours.com\/fr\/visiter-bordeaux\/visiter-bordeaux-en-une-journee\/\" \/>\n<meta property=\"og:site_name\" content=\"Bordeaux City Tours\" \/>\n<meta property=\"article:modified_time\" content=\"2023-04-17T19:45:17+00:00\" \/>\n<meta property=\"og:image\" content=\"https:\/\/www.bordeaux-citytours.com\/wp-content\/uploads\/2023\/03\/visiter-bordeaux-en-une-journee-1.png\" \/>\n\t<meta property=\"og:image:width\" content=\"2048\" \/>\n\t<meta property=\"og:image:height\" content=\"1024\" \/>\n\t<meta property=\"og:image:type\" content=\"image\/png\" \/>\n<meta name=\"twitter:card\" content=\"summary_large_image\" \/>\n<meta name=\"twitter:label1\" content=\"Dur\u00e9e de lecture estim\u00e9e\" \/>\n\t<meta name=\"twitter:data1\" content=\"5 minutes\" \/>\n<script type=\"application\/ld+json\" class=\"yoast-schema-graph\">{\"@context\":\"https:\/\/schema.org\",\"@graph\":[{\"@type\":\"WebPage\",\"@id\":\"https:\/\/www.bordeaux-citytours.com\/fr\/visiter-bordeaux\/visiter-bordeaux-en-une-journee\/\",\"url\":\"https:\/\/www.bordeaux-citytours.com\/fr\/visiter-bordeaux\/visiter-bordeaux-en-une-journee\/\",\"name\":\"Visiter Bordeaux en une journ\u00e9e - Bordeaux City Tours\",\"isPartOf\":{\"@id\":\"https:\/\/www.bordeaux-citytours.com\/fr\/#website\"},\"primaryImageOfPage\":{\"@id\":\"https:\/\/www.bordeaux-citytours.com\/fr\/visiter-bordeaux\/visiter-bordeaux-en-une-journee\/#primaryimage\"},\"image\":{\"@id\":\"https:\/\/www.bordeaux-citytours.com\/fr\/visiter-bordeaux\/visiter-bordeaux-en-une-journee\/#primaryimage\"},\"thumbnailUrl\":\"https:\/\/www.bordeaux-citytours.com\/wp-content\/uploads\/2023\/03\/visiter-bordeaux-en-une-journee-1.png\",\"datePublished\":\"2023-03-27T12:15:12+00:00\",\"dateModified\":\"2023-04-17T19:45:17+00:00\",\"description\":\"Visiter Bordeaux avec City Tours et d\u00e9couvrez tous les grands monuments bordelais \u00e0 bord de notre bus panoramique !\",\"breadcrumb\":{\"@id\":\"https:\/\/www.bordeaux-citytours.com\/fr\/visiter-bordeaux\/visiter-bordeaux-en-une-journee\/#breadcrumb\"},\"inLanguage\":\"fr-FR\",\"potentialAction\":[{\"@type\":\"ReadAction\",\"target\":[\"https:\/\/www.bordeaux-citytours.com\/fr\/visiter-bordeaux\/visiter-bordeaux-en-une-journee\/\"]}]},{\"@type\":\"ImageObject\",\"inLanguage\":\"fr-FR\",\"@id\":\"https:\/\/www.bordeaux-citytours.com\/fr\/visiter-bordeaux\/visiter-bordeaux-en-une-journee\/#primaryimage\",\"url\":\"https:\/\/www.bordeaux-citytours.com\/wp-content\/uploads\/2023\/03\/visiter-bordeaux-en-une-journee-1.png\",\"contentUrl\":\"https:\/\/www.bordeaux-citytours.com\/wp-content\/uploads\/2023\/03\/visiter-bordeaux-en-une-journee-1.png\",\"width\":2048,\"height\":1024,\"caption\":\"Visiter Bordeaux en une journe\u0301e\"},{\"@type\":\"BreadcrumbList\",\"@id\":\"https:\/\/www.bordeaux-citytours.com\/fr\/visiter-bordeaux\/visiter-bordeaux-en-une-journee\/#breadcrumb\",\"itemListElement\":[{\"@type\":\"ListItem\",\"position\":1,\"name\":\"Accueil\",\"item\":\"https:\/\/www.bordeaux-citytours.com\/fr\/\"},{\"@type\":\"ListItem\",\"position\":2,\"name\":\"Visiter Bordeaux\",\"item\":\"https:\/\/www.bordeaux-citytours.com\/fr\/visiter-bordeaux\/\"},{\"@type\":\"ListItem\",\"position\":3,\"name\":\"Visiter Bordeaux en une journ\u00e9e\"}]},{\"@type\":\"WebSite\",\"@id\":\"https:\/\/www.bordeaux-citytours.com\/fr\/#website\",\"url\":\"https:\/\/www.bordeaux-citytours.com\/fr\/\",\"name\":\"Bordeaux City Tours\",\"description\":\"\",\"publisher\":{\"@id\":\"https:\/\/www.bordeaux-citytours.com\/fr\/#organization\"},\"potentialAction\":[{\"@type\":\"SearchAction\",\"target\":{\"@type\":\"EntryPoint\",\"urlTemplate\":\"https:\/\/www.bordeaux-citytours.com\/fr\/?s={search_term_string}\"},\"query-input\":{\"@type\":\"PropertyValueSpecification\",\"valueRequired\":true,\"valueName\":\"search_term_string\"}}],\"inLanguage\":\"fr-FR\"},{\"@type\":\"Organization\",\"@id\":\"https:\/\/www.bordeaux-citytours.com\/fr\/#organization\",\"name\":\"Bordeaux City Tours\",\"url\":\"https:\/\/www.bordeaux-citytours.com\/fr\/\",\"logo\":{\"@type\":\"ImageObject\",\"inLanguage\":\"fr-FR\",\"@id\":\"https:\/\/www.bordeaux-citytours.com\/fr\/#\/schema\/logo\/image\/\",\"url\":\"https:\/\/www.bordeaux-citytours.com\/wp-content\/uploads\/2023\/04\/logo-bordeaux-city-tours-1.png\",\"contentUrl\":\"https:\/\/www.bordeaux-citytours.com\/wp-content\/uploads\/2023\/04\/logo-bordeaux-city-tours-1.png\",\"width\":430,\"height\":166,\"caption\":\"Bordeaux City Tours\"},\"image\":{\"@id\":\"https:\/\/www.bordeaux-citytours.com\/fr\/#\/schema\/logo\/image\/\"},\"sameAs\":[\"https:\/\/www.instagram.com\/bordeauxcitytours\",\"https:\/\/www.linkedin.com\/company\/bordeaux-city-tours\"]}]}<\/script>\n<!-- \/ Yoast SEO plugin. -->","yoast_head_json":{"title":"Visiter Bordeaux en une journ\u00e9e - Bordeaux City Tours","description":"Visiter Bordeaux avec City Tours et d\u00e9couvrez tous les grands monuments bordelais \u00e0 bord de notre bus panoramique !","robots":{"index":"index","follow":"follow","max-snippet":"max-snippet:-1","max-image-preview":"max-image-preview:large","max-video-preview":"max-video-preview:-1"},"canonical":"https:\/\/www.bordeaux-citytours.com\/fr\/visiter-bordeaux\/visiter-bordeaux-en-une-journee\/","og_locale":"fr_FR","og_type":"article","og_title":"Visiter Bordeaux en une journ\u00e9e - Bordeaux City Tours","og_description":"Visiter Bordeaux avec City Tours et d\u00e9couvrez tous les grands monuments bordelais \u00e0 bord de notre bus panoramique !","og_url":"https:\/\/www.bordeaux-citytours.com\/fr\/visiter-bordeaux\/visiter-bordeaux-en-une-journee\/","og_site_name":"Bordeaux City Tours","article_modified_time":"2023-04-17T19:45:17+00:00","og_image":[{"width":2048,"height":1024,"url":"https:\/\/www.bordeaux-citytours.com\/wp-content\/uploads\/2023\/03\/visiter-bordeaux-en-une-journee-1.png","type":"image\/png"}],"twitter_card":"summary_large_image","twitter_misc":{"Dur\u00e9e de lecture estim\u00e9e":"5 minutes"},"schema":{"@context":"https:\/\/schema.org","@graph":[{"@type":"WebPage","@id":"https:\/\/www.bordeaux-citytours.com\/fr\/visiter-bordeaux\/visiter-bordeaux-en-une-journee\/","url":"https:\/\/www.bordeaux-citytours.com\/fr\/visiter-bordeaux\/visiter-bordeaux-en-une-journee\/","name":"Visiter Bordeaux en une journ\u00e9e - Bordeaux City Tours","isPartOf":{"@id":"https:\/\/www.bordeaux-citytours.com\/fr\/#website"},"primaryImageOfPage":{"@id":"https:\/\/www.bordeaux-citytours.com\/fr\/visiter-bordeaux\/visiter-bordeaux-en-une-journee\/#primaryimage"},"image":{"@id":"https:\/\/www.bordeaux-citytours.com\/fr\/visiter-bordeaux\/visiter-bordeaux-en-une-journee\/#primaryimage"},"thumbnailUrl":"https:\/\/www.bordeaux-citytours.com\/wp-content\/uploads\/2023\/03\/visiter-bordeaux-en-une-journee-1.png","datePublished":"2023-03-27T12:15:12+00:00","dateModified":"2023-04-17T19:45:17+00:00","description":"Visiter Bordeaux avec City Tours et d\u00e9couvrez tous les grands monuments bordelais \u00e0 bord de notre bus panoramique !","breadcrumb":{"@id":"https:\/\/www.bordeaux-citytours.com\/fr\/visiter-bordeaux\/visiter-bordeaux-en-une-journee\/#breadcrumb"},"inLanguage":"fr-FR","potentialAction":[{"@type":"ReadAction","target":["https:\/\/www.bordeaux-citytours.com\/fr\/visiter-bordeaux\/visiter-bordeaux-en-une-journee\/"]}]},{"@type":"ImageObject","inLanguage":"fr-FR","@id":"https:\/\/www.bordeaux-citytours.com\/fr\/visiter-bordeaux\/visiter-bordeaux-en-une-journee\/#primaryimage","url":"https:\/\/www.bordeaux-citytours.com\/wp-content\/uploads\/2023\/03\/visiter-bordeaux-en-une-journee-1.png","contentUrl":"https:\/\/www.bordeaux-citytours.com\/wp-content\/uploads\/2023\/03\/visiter-bordeaux-en-une-journee-1.png","width":2048,"height":1024,"caption":"Visiter Bordeaux en une journe\u0301e"},{"@type":"BreadcrumbList","@id":"https:\/\/www.bordeaux-citytours.com\/fr\/visiter-bordeaux\/visiter-bordeaux-en-une-journee\/#breadcrumb","itemListElement":[{"@type":"ListItem","position":1,"name":"Accueil","item":"https:\/\/www.bordeaux-citytours.com\/fr\/"},{"@type":"ListItem","position":2,"name":"Visiter Bordeaux","item":"https:\/\/www.bordeaux-citytours.com\/fr\/visiter-bordeaux\/"},{"@type":"ListItem","position":3,"name":"Visiter Bordeaux en une journ\u00e9e"}]},{"@type":"WebSite","@id":"https:\/\/www.bordeaux-citytours.com\/fr\/#website","url":"https:\/\/www.bordeaux-citytours.com\/fr\/","name":"Bordeaux City Tours","description":"","publisher":{"@id":"https:\/\/www.bordeaux-citytours.com\/fr\/#organization"},"potentialAction":[{"@type":"SearchAction","target":{"@type":"EntryPoint","urlTemplate":"https:\/\/www.bordeaux-citytours.com\/fr\/?s={search_term_string}"},"query-input":{"@type":"PropertyValueSpecification","valueRequired":true,"valueName":"search_term_string"}}],"inLanguage":"fr-FR"},{"@type":"Organization","@id":"https:\/\/www.bordeaux-citytours.com\/fr\/#organization","name":"Bordeaux City Tours","url":"https:\/\/www.bordeaux-citytours.com\/fr\/","logo":{"@type":"ImageObject","inLanguage":"fr-FR","@id":"https:\/\/www.bordeaux-citytours.com\/fr\/#\/schema\/logo\/image\/","url":"https:\/\/www.bordeaux-citytours.com\/wp-content\/uploads\/2023\/04\/logo-bordeaux-city-tours-1.png","contentUrl":"https:\/\/www.bordeaux-citytours.com\/wp-content\/uploads\/2023\/04\/logo-bordeaux-city-tours-1.png","width":430,"height":166,"caption":"Bordeaux City Tours"},"image":{"@id":"https:\/\/www.bordeaux-citytours.com\/fr\/#\/schema\/logo\/image\/"},"sameAs":["https:\/\/www.instagram.com\/bordeauxcitytours","https:\/\/www.linkedin.com\/company\/bordeaux-city-tours"]}]}},"_links":{"self":[{"href":"https:\/\/www.bordeaux-citytours.com\/fr\/wp-json\/wp\/v2\/pages\/478","targetHints":{"allow":["GET"]}}],"collection":[{"href":"https:\/\/www.bordeaux-citytours.com\/fr\/wp-json\/wp\/v2\/pages"}],"about":[{"href":"https:\/\/www.bordeaux-citytours.com\/fr\/wp-json\/wp\/v2\/types\/page"}],"author":[{"embeddable":true,"href":"https:\/\/www.bordeaux-citytours.com\/fr\/wp-json\/wp\/v2\/users\/2"}],"replies":[{"embeddable":true,"href":"https:\/\/www.bordeaux-citytours.com\/fr\/wp-json\/wp\/v2\/comments?post=478"}],"version-history":[{"count":0,"href":"https:\/\/www.bordeaux-citytours.com\/fr\/wp-json\/wp\/v2\/pages\/478\/revisions"}],"up":[{"embeddable":true,"href":"https:\/\/www.bordeaux-citytours.com\/fr\/wp-json\/wp\/v2\/pages\/581"}],"wp:featuredmedia":[{"embeddable":true,"href":"https:\/\/www.bordeaux-citytours.com\/fr\/wp-json\/wp\/v2\/media\/742"}],"wp:attachment":[{"href":"https:\/\/www.bordeaux-citytours.com\/fr\/wp-json\/wp\/v2\/media?parent=478"}],"curies":[{"name":"wp","href":"https:\/\/api.w.org\/{rel}","templated":true}]}}