{"id":2487,"date":"2023-04-25T15:22:03","date_gmt":"2023-04-25T13:22:03","guid":{"rendered":"https:\/\/www.bordeaux-citytours.com\/?page_id=2487"},"modified":"2025-04-25T09:21:55","modified_gmt":"2025-04-25T07:21:55","slug":"application-phototour","status":"publish","type":"page","link":"https:\/\/www.bordeaux-citytours.com\/fr\/application-phototour\/","title":{"rendered":"Application-phototour"},"content":{"rendered":"<h1>T\u00e9l\u00e9chargez notre application mobile gratuite Visiotour !<\/h1>\n<p>Pour agr\u00e9menter votre exp\u00e9rience \u00e0 bord de nos bus panoramiques Hop-on Hop-off, nous vous proposons l&rsquo;application gratuite Visiotour, disponible sur smartphone. Simple, pratique et intuitive, elle vous accompagne tout au long de votre s\u00e9jour \u00e0 Bordeaux.<\/p>\n<p>&nbsp;<\/p>\n<p><img loading=\"lazy\" decoding=\"async\" class=\" wp-image-6654 alignleft\" src=\"https:\/\/www.bordeaux-citytours.com\/wp-content\/uploads\/2025\/04\/visuel-application-166x300.jpg\" alt=\"\" width=\"178\" height=\"322\" srcset=\"https:\/\/www.bordeaux-citytours.com\/wp-content\/uploads\/2025\/04\/visuel-application-166x300.jpg 166w, https:\/\/www.bordeaux-citytours.com\/wp-content\/uploads\/2025\/04\/visuel-application-566x1024.jpg 566w, https:\/\/www.bordeaux-citytours.com\/wp-content\/uploads\/2025\/04\/visuel-application-768x1390.jpg 768w, https:\/\/www.bordeaux-citytours.com\/wp-content\/uploads\/2025\/04\/visuel-application-849x1536.jpg 849w, https:\/\/www.bordeaux-citytours.com\/wp-content\/uploads\/2025\/04\/visuel-application-scaled.jpg 1132w\" sizes=\"auto, (max-width: 178px) 100vw, 178px\" \/><\/p>\n<h1>Suivez nos bus en temps r\u00e9el<\/h1>\n<p>Gr\u00e2ce \u00e0 la g\u00e9olocalisation, vous pouvez voir en direct la position de nos bus et conna\u00eetre avec pr\u00e9cision les horaires de passage aux <strong>10 arr\u00eats<\/strong> du circuit. Gagnez du temps et organisez facilement votre d\u00e9couverte de la ville !<\/p>\n<p>&nbsp;<\/p>\n<p><strong>Explorez les incontournables \u00e0 proximit\u00e9<\/strong><br \/>\nL\u2019application vous propose une s\u00e9lection de lieux<strong> d\u2019int\u00e9r\u00eats culturels, patrimoniaux et gastronomiques<\/strong> autour de chaque arr\u00eat. Id\u00e9al pour ne rien manquer des tr\u00e9sors de Bordeaux !<\/p>\n<p>&nbsp;<\/p>\n<p><strong>Naviguez avec une carte interactive<\/strong><br \/>\nRep\u00e9rez-vous ais\u00e9ment dans la ville gr\u00e2ce notre <strong>carte interactive<\/strong>, qui centralise toutes les informations utiles pour une visite en toute simplicit\u00e9.<\/p>\n","protected":false},"excerpt":{"rendered":"<p>T\u00e9l\u00e9chargez notre application mobile gratuite Visiotour ! Pour agr\u00e9menter votre exp\u00e9rience \u00e0 bord de nos bus panoramiques Hop-on Hop-off, nous vous proposons l&rsquo;application gratuite Visiotour, disponible sur smartphone. Simple, pratique et intuitive, elle vous accompagne tout au long de votre s\u00e9jour \u00e0 Bordeaux. &nbsp; Suivez nos bus en temps r\u00e9el Gr\u00e2ce \u00e0 la g\u00e9olocalisation, vous [&hellip;]<\/p>\n","protected":false},"author":2,"featured_media":1572,"parent":0,"menu_order":0,"comment_status":"closed","ping_status":"closed","template":"","meta":{"_acf_changed":false,"footnotes":""},"class_list":["post-2487","page","type-page","status-publish","has-post-thumbnail","hentry"],"acf":[],"yoast_head":"<!-- This site is optimized with the Yoast SEO plugin v26.6 - https:\/\/yoast.com\/wordpress\/plugins\/seo\/ -->\n<title>Application-phototour - Bordeaux City Tours<\/title>\n<meta name=\"description\" content=\"D\u00e9couvrez notre application pour visiter l&#039;int\u00e9rieur des monuments bordelais lors de votre visite de Bordeaux \u00e0 bord de notre bus rouge\" \/>\n<meta name=\"robots\" content=\"index, follow, max-snippet:-1, max-image-preview:large, max-video-preview:-1\" \/>\n<link rel=\"canonical\" href=\"https:\/\/www.bordeaux-citytours.com\/fr\/application-phototour\/\" \/>\n<meta property=\"og:locale\" content=\"fr_FR\" \/>\n<meta property=\"og:type\" content=\"article\" \/>\n<meta property=\"og:title\" content=\"Application-phototour - Bordeaux City Tours\" \/>\n<meta property=\"og:description\" content=\"D\u00e9couvrez notre application pour visiter l&#039;int\u00e9rieur des monuments bordelais lors de votre visite de Bordeaux \u00e0 bord de notre bus rouge\" \/>\n<meta property=\"og:url\" content=\"https:\/\/www.bordeaux-citytours.com\/fr\/application-phototour\/\" \/>\n<meta property=\"og:site_name\" content=\"Bordeaux City Tours\" \/>\n<meta property=\"article:modified_time\" content=\"2025-04-25T07:21:55+00:00\" \/>\n<meta property=\"og:image\" content=\"https:\/\/www.bordeaux-citytours.com\/wp-content\/uploads\/2023\/04\/alain-caboche-20180708-052-scaled-1.jpeg\" \/>\n\t<meta property=\"og:image:width\" content=\"2560\" \/>\n\t<meta property=\"og:image:height\" content=\"1703\" \/>\n\t<meta property=\"og:image:type\" content=\"image\/jpeg\" \/>\n<meta name=\"twitter:card\" content=\"summary_large_image\" \/>\n<meta name=\"twitter:label1\" content=\"Dur\u00e9e de lecture estim\u00e9e\" \/>\n\t<meta name=\"twitter:data1\" content=\"1 minute\" \/>\n<script type=\"application\/ld+json\" class=\"yoast-schema-graph\">{\"@context\":\"https:\/\/schema.org\",\"@graph\":[{\"@type\":\"WebPage\",\"@id\":\"https:\/\/www.bordeaux-citytours.com\/fr\/application-phototour\/\",\"url\":\"https:\/\/www.bordeaux-citytours.com\/fr\/application-phototour\/\",\"name\":\"Application-phototour - Bordeaux City Tours\",\"isPartOf\":{\"@id\":\"https:\/\/www.bordeaux-citytours.com\/fr\/#website\"},\"primaryImageOfPage\":{\"@id\":\"https:\/\/www.bordeaux-citytours.com\/fr\/application-phototour\/#primaryimage\"},\"image\":{\"@id\":\"https:\/\/www.bordeaux-citytours.com\/fr\/application-phototour\/#primaryimage\"},\"thumbnailUrl\":\"https:\/\/www.bordeaux-citytours.com\/wp-content\/uploads\/2023\/04\/alain-caboche-20180708-052-scaled-1.jpeg\",\"datePublished\":\"2023-04-25T13:22:03+00:00\",\"dateModified\":\"2025-04-25T07:21:55+00:00\",\"description\":\"D\u00e9couvrez notre application pour visiter l'int\u00e9rieur des monuments bordelais lors de votre visite de Bordeaux \u00e0 bord de notre bus rouge\",\"breadcrumb\":{\"@id\":\"https:\/\/www.bordeaux-citytours.com\/fr\/application-phototour\/#breadcrumb\"},\"inLanguage\":\"fr-FR\",\"potentialAction\":[{\"@type\":\"ReadAction\",\"target\":[\"https:\/\/www.bordeaux-citytours.com\/fr\/application-phototour\/\"]}]},{\"@type\":\"ImageObject\",\"inLanguage\":\"fr-FR\",\"@id\":\"https:\/\/www.bordeaux-citytours.com\/fr\/application-phototour\/#primaryimage\",\"url\":\"https:\/\/www.bordeaux-citytours.com\/wp-content\/uploads\/2023\/04\/alain-caboche-20180708-052-scaled-1.jpeg\",\"contentUrl\":\"https:\/\/www.bordeaux-citytours.com\/wp-content\/uploads\/2023\/04\/alain-caboche-20180708-052-scaled-1.jpeg\",\"width\":2560,\"height\":1703,\"caption\":\"authentic tour place de la bourse\"},{\"@type\":\"BreadcrumbList\",\"@id\":\"https:\/\/www.bordeaux-citytours.com\/fr\/application-phototour\/#breadcrumb\",\"itemListElement\":[{\"@type\":\"ListItem\",\"position\":1,\"name\":\"Accueil\",\"item\":\"https:\/\/www.bordeaux-citytours.com\/fr\/\"},{\"@type\":\"ListItem\",\"position\":2,\"name\":\"Application-phototour\"}]},{\"@type\":\"WebSite\",\"@id\":\"https:\/\/www.bordeaux-citytours.com\/fr\/#website\",\"url\":\"https:\/\/www.bordeaux-citytours.com\/fr\/\",\"name\":\"Bordeaux City Tours\",\"description\":\"\",\"publisher\":{\"@id\":\"https:\/\/www.bordeaux-citytours.com\/fr\/#organization\"},\"potentialAction\":[{\"@type\":\"SearchAction\",\"target\":{\"@type\":\"EntryPoint\",\"urlTemplate\":\"https:\/\/www.bordeaux-citytours.com\/fr\/?s={search_term_string}\"},\"query-input\":{\"@type\":\"PropertyValueSpecification\",\"valueRequired\":true,\"valueName\":\"search_term_string\"}}],\"inLanguage\":\"fr-FR\"},{\"@type\":\"Organization\",\"@id\":\"https:\/\/www.bordeaux-citytours.com\/fr\/#organization\",\"name\":\"Bordeaux City Tours\",\"url\":\"https:\/\/www.bordeaux-citytours.com\/fr\/\",\"logo\":{\"@type\":\"ImageObject\",\"inLanguage\":\"fr-FR\",\"@id\":\"https:\/\/www.bordeaux-citytours.com\/fr\/#\/schema\/logo\/image\/\",\"url\":\"https:\/\/www.bordeaux-citytours.com\/wp-content\/uploads\/2023\/04\/logo-bordeaux-city-tours-1.png\",\"contentUrl\":\"https:\/\/www.bordeaux-citytours.com\/wp-content\/uploads\/2023\/04\/logo-bordeaux-city-tours-1.png\",\"width\":430,\"height\":166,\"caption\":\"Bordeaux City Tours\"},\"image\":{\"@id\":\"https:\/\/www.bordeaux-citytours.com\/fr\/#\/schema\/logo\/image\/\"},\"sameAs\":[\"https:\/\/www.instagram.com\/bordeauxcitytours\",\"https:\/\/www.linkedin.com\/company\/bordeaux-city-tours\"]}]}<\/script>\n<!-- \/ Yoast SEO plugin. -->","yoast_head_json":{"title":"Application-phototour - Bordeaux City Tours","description":"D\u00e9couvrez notre application pour visiter l'int\u00e9rieur des monuments bordelais lors de votre visite de Bordeaux \u00e0 bord de notre bus rouge","robots":{"index":"index","follow":"follow","max-snippet":"max-snippet:-1","max-image-preview":"max-image-preview:large","max-video-preview":"max-video-preview:-1"},"canonical":"https:\/\/www.bordeaux-citytours.com\/fr\/application-phototour\/","og_locale":"fr_FR","og_type":"article","og_title":"Application-phototour - Bordeaux City Tours","og_description":"D\u00e9couvrez notre application pour visiter l'int\u00e9rieur des monuments bordelais lors de votre visite de Bordeaux \u00e0 bord de notre bus rouge","og_url":"https:\/\/www.bordeaux-citytours.com\/fr\/application-phototour\/","og_site_name":"Bordeaux City Tours","article_modified_time":"2025-04-25T07:21:55+00:00","og_image":[{"width":2560,"height":1703,"url":"https:\/\/www.bordeaux-citytours.com\/wp-content\/uploads\/2023\/04\/alain-caboche-20180708-052-scaled-1.jpeg","type":"image\/jpeg"}],"twitter_card":"summary_large_image","twitter_misc":{"Dur\u00e9e de lecture estim\u00e9e":"1 minute"},"schema":{"@context":"https:\/\/schema.org","@graph":[{"@type":"WebPage","@id":"https:\/\/www.bordeaux-citytours.com\/fr\/application-phototour\/","url":"https:\/\/www.bordeaux-citytours.com\/fr\/application-phototour\/","name":"Application-phototour - Bordeaux City Tours","isPartOf":{"@id":"https:\/\/www.bordeaux-citytours.com\/fr\/#website"},"primaryImageOfPage":{"@id":"https:\/\/www.bordeaux-citytours.com\/fr\/application-phototour\/#primaryimage"},"image":{"@id":"https:\/\/www.bordeaux-citytours.com\/fr\/application-phototour\/#primaryimage"},"thumbnailUrl":"https:\/\/www.bordeaux-citytours.com\/wp-content\/uploads\/2023\/04\/alain-caboche-20180708-052-scaled-1.jpeg","datePublished":"2023-04-25T13:22:03+00:00","dateModified":"2025-04-25T07:21:55+00:00","description":"D\u00e9couvrez notre application pour visiter l'int\u00e9rieur des monuments bordelais lors de votre visite de Bordeaux \u00e0 bord de notre bus rouge","breadcrumb":{"@id":"https:\/\/www.bordeaux-citytours.com\/fr\/application-phototour\/#breadcrumb"},"inLanguage":"fr-FR","potentialAction":[{"@type":"ReadAction","target":["https:\/\/www.bordeaux-citytours.com\/fr\/application-phototour\/"]}]},{"@type":"ImageObject","inLanguage":"fr-FR","@id":"https:\/\/www.bordeaux-citytours.com\/fr\/application-phototour\/#primaryimage","url":"https:\/\/www.bordeaux-citytours.com\/wp-content\/uploads\/2023\/04\/alain-caboche-20180708-052-scaled-1.jpeg","contentUrl":"https:\/\/www.bordeaux-citytours.com\/wp-content\/uploads\/2023\/04\/alain-caboche-20180708-052-scaled-1.jpeg","width":2560,"height":1703,"caption":"authentic tour place de la bourse"},{"@type":"BreadcrumbList","@id":"https:\/\/www.bordeaux-citytours.com\/fr\/application-phototour\/#breadcrumb","itemListElement":[{"@type":"ListItem","position":1,"name":"Accueil","item":"https:\/\/www.bordeaux-citytours.com\/fr\/"},{"@type":"ListItem","position":2,"name":"Application-phototour"}]},{"@type":"WebSite","@id":"https:\/\/www.bordeaux-citytours.com\/fr\/#website","url":"https:\/\/www.bordeaux-citytours.com\/fr\/","name":"Bordeaux City Tours","description":"","publisher":{"@id":"https:\/\/www.bordeaux-citytours.com\/fr\/#organization"},"potentialAction":[{"@type":"SearchAction","target":{"@type":"EntryPoint","urlTemplate":"https:\/\/www.bordeaux-citytours.com\/fr\/?s={search_term_string}"},"query-input":{"@type":"PropertyValueSpecification","valueRequired":true,"valueName":"search_term_string"}}],"inLanguage":"fr-FR"},{"@type":"Organization","@id":"https:\/\/www.bordeaux-citytours.com\/fr\/#organization","name":"Bordeaux City Tours","url":"https:\/\/www.bordeaux-citytours.com\/fr\/","logo":{"@type":"ImageObject","inLanguage":"fr-FR","@id":"https:\/\/www.bordeaux-citytours.com\/fr\/#\/schema\/logo\/image\/","url":"https:\/\/www.bordeaux-citytours.com\/wp-content\/uploads\/2023\/04\/logo-bordeaux-city-tours-1.png","contentUrl":"https:\/\/www.bordeaux-citytours.com\/wp-content\/uploads\/2023\/04\/logo-bordeaux-city-tours-1.png","width":430,"height":166,"caption":"Bordeaux City Tours"},"image":{"@id":"https:\/\/www.bordeaux-citytours.com\/fr\/#\/schema\/logo\/image\/"},"sameAs":["https:\/\/www.instagram.com\/bordeauxcitytours","https:\/\/www.linkedin.com\/company\/bordeaux-city-tours"]}]}},"_links":{"self":[{"href":"https:\/\/www.bordeaux-citytours.com\/fr\/wp-json\/wp\/v2\/pages\/2487","targetHints":{"allow":["GET"]}}],"collection":[{"href":"https:\/\/www.bordeaux-citytours.com\/fr\/wp-json\/wp\/v2\/pages"}],"about":[{"href":"https:\/\/www.bordeaux-citytours.com\/fr\/wp-json\/wp\/v2\/types\/page"}],"author":[{"embeddable":true,"href":"https:\/\/www.bordeaux-citytours.com\/fr\/wp-json\/wp\/v2\/users\/2"}],"replies":[{"embeddable":true,"href":"https:\/\/www.bordeaux-citytours.com\/fr\/wp-json\/wp\/v2\/comments?post=2487"}],"version-history":[{"count":7,"href":"https:\/\/www.bordeaux-citytours.com\/fr\/wp-json\/wp\/v2\/pages\/2487\/revisions"}],"predecessor-version":[{"id":6653,"href":"https:\/\/www.bordeaux-citytours.com\/fr\/wp-json\/wp\/v2\/pages\/2487\/revisions\/6653"}],"wp:featuredmedia":[{"embeddable":true,"href":"https:\/\/www.bordeaux-citytours.com\/fr\/wp-json\/wp\/v2\/media\/1572"}],"wp:attachment":[{"href":"https:\/\/www.bordeaux-citytours.com\/fr\/wp-json\/wp\/v2\/media?parent=2487"}],"curies":[{"name":"wp","href":"https:\/\/api.w.org\/{rel}","templated":true}]}}