{"id":2385,"date":"2023-04-24T17:56:52","date_gmt":"2023-04-24T15:56:52","guid":{"rendered":"https:\/\/www.bordeaux-citytours.com\/?page_id=2385"},"modified":"2024-01-29T10:16:11","modified_gmt":"2024-01-29T09:16:11","slug":"annonceurs","status":"publish","type":"page","link":"https:\/\/www.bordeaux-citytours.com\/fr\/annonceurs\/","title":{"rendered":"Annonceurs"},"content":{"rendered":"<h1>Les supports de communication de Bordeaux City Tours<\/h1>\n<p>D\u00e9couvrez nos diff\u00e9rents supports de communication et choisissez la solution qui correspond le mieux \u00e0 votre projet et \u00e0 votre cible.<\/p>\n<p>&nbsp;<\/p>\n<h2><strong>Nos supports de communication<\/strong><\/h2>\n<p>Pour une communication cibl\u00e9e, nous vous proposons\u00a0:<\/p>\n<ul>\n<li><a href=\"https:\/\/www.bordeaux-citytours.com\/wp-content\/uploads\/2023\/05\/brochure-visiotour-2023-1.pdf\">notre brochure \u00ab\u00a0Bordeaux Visiotour\u00a0\u00bb<\/a><\/li>\n<li><span style=\"color: #3c3c3b;\">Covering arri\u00e8re de bus ext\u00e9rieur et lunette int\u00e9rieure. <\/span>Si vous \u00eates \u00e0 la recherche de visibilit\u00e9 avec une couverture dans Bordeaux-Centre, choisissez nos bus panoramiques \u00e0 imp\u00e9riale ou nos cars cabriolets. Vous aurez une visibilit\u00e9 maximale sur les axes le plus privil\u00e9gi\u00e9s et fr\u00e9quent\u00e9s de la ville.<\/li>\n<\/ul>\n<p>&nbsp;<\/p>\n<p><strong>Campagnes \u00e0 partir de 30 jours.<\/strong><\/p>\n<p><img loading=\"lazy\" decoding=\"async\" class=\"alignnone wp-image-2399 size-large\" src=\"https:\/\/www.bordeaux-citytours.com\/wp-content\/uploads\/2023\/04\/bandeau-annonceur-bct-1-1024x307.jpg\" alt=\"\" width=\"1024\" height=\"307\" srcset=\"https:\/\/www.bordeaux-citytours.com\/wp-content\/uploads\/2023\/04\/bandeau-annonceur-bct-1-1024x307.jpg 1024w, https:\/\/www.bordeaux-citytours.com\/wp-content\/uploads\/2023\/04\/bandeau-annonceur-bct-1-300x90.jpg 300w, https:\/\/www.bordeaux-citytours.com\/wp-content\/uploads\/2023\/04\/bandeau-annonceur-bct-1-768x230.jpg 768w, https:\/\/www.bordeaux-citytours.com\/wp-content\/uploads\/2023\/04\/bandeau-annonceur-bct-1-1536x461.jpg 1536w, https:\/\/www.bordeaux-citytours.com\/wp-content\/uploads\/2023\/04\/bandeau-annonceur-bct-1.jpg 2000w\" sizes=\"auto, (max-width: 1024px) 100vw, 1024px\" \/><\/p>\n<p>&nbsp;<\/p>\n<p><strong>CONTACTEZ-NOUS !<\/strong><\/p>\n<p>&nbsp;<\/p>\n<p><strong>Tourism &amp; City Tours<\/strong><\/p>\n<p>B\u00e9n\u00e9dicte LAHUT-MONTAN\u00c9<\/p>\n<p>T\u00e9l.\u00a0: +33 (0)5 56 02 11 50<\/p>\n<p>Email : <a href=\"mailto:contact@bordeaux-citytours.com\">contact@bordeaux-citytours.com<\/a><\/p>\n<p>&nbsp;<\/p>\n<p>&nbsp;<\/p>\n","protected":false},"excerpt":{"rendered":"<p>Les supports de communication de Bordeaux City Tours D\u00e9couvrez nos diff\u00e9rents supports de communication et choisissez la solution qui correspond le mieux \u00e0 votre projet et \u00e0 votre cible. &nbsp; Nos supports de communication Pour une communication cibl\u00e9e, nous vous proposons\u00a0: notre brochure \u00ab\u00a0Bordeaux Visiotour\u00a0\u00bb Covering arri\u00e8re de bus ext\u00e9rieur et lunette int\u00e9rieure. Si vous [&hellip;]<\/p>\n","protected":false},"author":2,"featured_media":1826,"parent":0,"menu_order":0,"comment_status":"closed","ping_status":"closed","template":"","meta":{"_acf_changed":false,"footnotes":""},"class_list":["post-2385","page","type-page","status-publish","has-post-thumbnail","hentry"],"acf":[],"yoast_head":"<!-- This site is optimized with the Yoast SEO plugin v26.6 - https:\/\/yoast.com\/wordpress\/plugins\/seo\/ -->\n<title>Annonceurs - Bordeaux City Tours<\/title>\n<meta name=\"robots\" content=\"index, follow, max-snippet:-1, max-image-preview:large, max-video-preview:-1\" \/>\n<link rel=\"canonical\" href=\"https:\/\/www.bordeaux-citytours.com\/fr\/annonceurs\/\" \/>\n<meta property=\"og:locale\" content=\"fr_FR\" \/>\n<meta property=\"og:type\" content=\"article\" \/>\n<meta property=\"og:title\" content=\"Annonceurs - Bordeaux City Tours\" \/>\n<meta property=\"og:description\" content=\"Les supports de communication de Bordeaux City Tours D\u00e9couvrez nos diff\u00e9rents supports de communication et choisissez la solution qui correspond le mieux \u00e0 votre projet et \u00e0 votre cible. &nbsp; Nos supports de communication Pour une communication cibl\u00e9e, nous vous proposons\u00a0: notre brochure \u00ab\u00a0Bordeaux Visiotour\u00a0\u00bb Covering arri\u00e8re de bus ext\u00e9rieur et lunette int\u00e9rieure. Si vous [&hellip;]\" \/>\n<meta property=\"og:url\" content=\"https:\/\/www.bordeaux-citytours.com\/fr\/annonceurs\/\" \/>\n<meta property=\"og:site_name\" content=\"Bordeaux City Tours\" \/>\n<meta property=\"article:modified_time\" content=\"2024-01-29T09:16:11+00:00\" \/>\n<meta property=\"og:image\" content=\"https:\/\/www.bordeaux-citytours.com\/wp-content\/uploads\/2023\/04\/homme-bct-1-1024x307.png\" \/>\n\t<meta property=\"og:image:width\" content=\"1024\" \/>\n\t<meta property=\"og:image:height\" content=\"307\" \/>\n\t<meta property=\"og:image:type\" content=\"image\/png\" \/>\n<meta name=\"twitter:card\" content=\"summary_large_image\" \/>\n<meta name=\"twitter:label1\" content=\"Dur\u00e9e de lecture estim\u00e9e\" \/>\n\t<meta name=\"twitter:data1\" content=\"1 minute\" \/>\n<script type=\"application\/ld+json\" class=\"yoast-schema-graph\">{\"@context\":\"https:\/\/schema.org\",\"@graph\":[{\"@type\":\"WebPage\",\"@id\":\"https:\/\/www.bordeaux-citytours.com\/fr\/annonceurs\/\",\"url\":\"https:\/\/www.bordeaux-citytours.com\/fr\/annonceurs\/\",\"name\":\"Annonceurs - Bordeaux City Tours\",\"isPartOf\":{\"@id\":\"https:\/\/www.bordeaux-citytours.com\/fr\/#website\"},\"primaryImageOfPage\":{\"@id\":\"https:\/\/www.bordeaux-citytours.com\/fr\/annonceurs\/#primaryimage\"},\"image\":{\"@id\":\"https:\/\/www.bordeaux-citytours.com\/fr\/annonceurs\/#primaryimage\"},\"thumbnailUrl\":\"https:\/\/www.bordeaux-citytours.com\/wp-content\/uploads\/2023\/04\/homme-bct-1.png\",\"datePublished\":\"2023-04-24T15:56:52+00:00\",\"dateModified\":\"2024-01-29T09:16:11+00:00\",\"breadcrumb\":{\"@id\":\"https:\/\/www.bordeaux-citytours.com\/fr\/annonceurs\/#breadcrumb\"},\"inLanguage\":\"fr-FR\",\"potentialAction\":[{\"@type\":\"ReadAction\",\"target\":[\"https:\/\/www.bordeaux-citytours.com\/fr\/annonceurs\/\"]}]},{\"@type\":\"ImageObject\",\"inLanguage\":\"fr-FR\",\"@id\":\"https:\/\/www.bordeaux-citytours.com\/fr\/annonceurs\/#primaryimage\",\"url\":\"https:\/\/www.bordeaux-citytours.com\/wp-content\/uploads\/2023\/04\/homme-bct-1.png\",\"contentUrl\":\"https:\/\/www.bordeaux-citytours.com\/wp-content\/uploads\/2023\/04\/homme-bct-1.png\",\"width\":2000,\"height\":600},{\"@type\":\"BreadcrumbList\",\"@id\":\"https:\/\/www.bordeaux-citytours.com\/fr\/annonceurs\/#breadcrumb\",\"itemListElement\":[{\"@type\":\"ListItem\",\"position\":1,\"name\":\"Accueil\",\"item\":\"https:\/\/www.bordeaux-citytours.com\/fr\/\"},{\"@type\":\"ListItem\",\"position\":2,\"name\":\"Annonceurs\"}]},{\"@type\":\"WebSite\",\"@id\":\"https:\/\/www.bordeaux-citytours.com\/fr\/#website\",\"url\":\"https:\/\/www.bordeaux-citytours.com\/fr\/\",\"name\":\"Bordeaux City Tours\",\"description\":\"\",\"publisher\":{\"@id\":\"https:\/\/www.bordeaux-citytours.com\/fr\/#organization\"},\"potentialAction\":[{\"@type\":\"SearchAction\",\"target\":{\"@type\":\"EntryPoint\",\"urlTemplate\":\"https:\/\/www.bordeaux-citytours.com\/fr\/?s={search_term_string}\"},\"query-input\":{\"@type\":\"PropertyValueSpecification\",\"valueRequired\":true,\"valueName\":\"search_term_string\"}}],\"inLanguage\":\"fr-FR\"},{\"@type\":\"Organization\",\"@id\":\"https:\/\/www.bordeaux-citytours.com\/fr\/#organization\",\"name\":\"Bordeaux City Tours\",\"url\":\"https:\/\/www.bordeaux-citytours.com\/fr\/\",\"logo\":{\"@type\":\"ImageObject\",\"inLanguage\":\"fr-FR\",\"@id\":\"https:\/\/www.bordeaux-citytours.com\/fr\/#\/schema\/logo\/image\/\",\"url\":\"https:\/\/www.bordeaux-citytours.com\/wp-content\/uploads\/2023\/04\/logo-bordeaux-city-tours-1.png\",\"contentUrl\":\"https:\/\/www.bordeaux-citytours.com\/wp-content\/uploads\/2023\/04\/logo-bordeaux-city-tours-1.png\",\"width\":430,\"height\":166,\"caption\":\"Bordeaux City Tours\"},\"image\":{\"@id\":\"https:\/\/www.bordeaux-citytours.com\/fr\/#\/schema\/logo\/image\/\"},\"sameAs\":[\"https:\/\/www.instagram.com\/bordeauxcitytours\",\"https:\/\/www.linkedin.com\/company\/bordeaux-city-tours\"]}]}<\/script>\n<!-- \/ Yoast SEO plugin. -->","yoast_head_json":{"title":"Annonceurs - Bordeaux City Tours","robots":{"index":"index","follow":"follow","max-snippet":"max-snippet:-1","max-image-preview":"max-image-preview:large","max-video-preview":"max-video-preview:-1"},"canonical":"https:\/\/www.bordeaux-citytours.com\/fr\/annonceurs\/","og_locale":"fr_FR","og_type":"article","og_title":"Annonceurs - Bordeaux City Tours","og_description":"Les supports de communication de Bordeaux City Tours D\u00e9couvrez nos diff\u00e9rents supports de communication et choisissez la solution qui correspond le mieux \u00e0 votre projet et \u00e0 votre cible. &nbsp; Nos supports de communication Pour une communication cibl\u00e9e, nous vous proposons\u00a0: notre brochure \u00ab\u00a0Bordeaux Visiotour\u00a0\u00bb Covering arri\u00e8re de bus ext\u00e9rieur et lunette int\u00e9rieure. Si vous [&hellip;]","og_url":"https:\/\/www.bordeaux-citytours.com\/fr\/annonceurs\/","og_site_name":"Bordeaux City Tours","article_modified_time":"2024-01-29T09:16:11+00:00","og_image":[{"width":1024,"height":307,"url":"https:\/\/www.bordeaux-citytours.com\/wp-content\/uploads\/2023\/04\/homme-bct-1-1024x307.png","type":"image\/png"}],"twitter_card":"summary_large_image","twitter_misc":{"Dur\u00e9e de lecture estim\u00e9e":"1 minute"},"schema":{"@context":"https:\/\/schema.org","@graph":[{"@type":"WebPage","@id":"https:\/\/www.bordeaux-citytours.com\/fr\/annonceurs\/","url":"https:\/\/www.bordeaux-citytours.com\/fr\/annonceurs\/","name":"Annonceurs - Bordeaux City Tours","isPartOf":{"@id":"https:\/\/www.bordeaux-citytours.com\/fr\/#website"},"primaryImageOfPage":{"@id":"https:\/\/www.bordeaux-citytours.com\/fr\/annonceurs\/#primaryimage"},"image":{"@id":"https:\/\/www.bordeaux-citytours.com\/fr\/annonceurs\/#primaryimage"},"thumbnailUrl":"https:\/\/www.bordeaux-citytours.com\/wp-content\/uploads\/2023\/04\/homme-bct-1.png","datePublished":"2023-04-24T15:56:52+00:00","dateModified":"2024-01-29T09:16:11+00:00","breadcrumb":{"@id":"https:\/\/www.bordeaux-citytours.com\/fr\/annonceurs\/#breadcrumb"},"inLanguage":"fr-FR","potentialAction":[{"@type":"ReadAction","target":["https:\/\/www.bordeaux-citytours.com\/fr\/annonceurs\/"]}]},{"@type":"ImageObject","inLanguage":"fr-FR","@id":"https:\/\/www.bordeaux-citytours.com\/fr\/annonceurs\/#primaryimage","url":"https:\/\/www.bordeaux-citytours.com\/wp-content\/uploads\/2023\/04\/homme-bct-1.png","contentUrl":"https:\/\/www.bordeaux-citytours.com\/wp-content\/uploads\/2023\/04\/homme-bct-1.png","width":2000,"height":600},{"@type":"BreadcrumbList","@id":"https:\/\/www.bordeaux-citytours.com\/fr\/annonceurs\/#breadcrumb","itemListElement":[{"@type":"ListItem","position":1,"name":"Accueil","item":"https:\/\/www.bordeaux-citytours.com\/fr\/"},{"@type":"ListItem","position":2,"name":"Annonceurs"}]},{"@type":"WebSite","@id":"https:\/\/www.bordeaux-citytours.com\/fr\/#website","url":"https:\/\/www.bordeaux-citytours.com\/fr\/","name":"Bordeaux City Tours","description":"","publisher":{"@id":"https:\/\/www.bordeaux-citytours.com\/fr\/#organization"},"potentialAction":[{"@type":"SearchAction","target":{"@type":"EntryPoint","urlTemplate":"https:\/\/www.bordeaux-citytours.com\/fr\/?s={search_term_string}"},"query-input":{"@type":"PropertyValueSpecification","valueRequired":true,"valueName":"search_term_string"}}],"inLanguage":"fr-FR"},{"@type":"Organization","@id":"https:\/\/www.bordeaux-citytours.com\/fr\/#organization","name":"Bordeaux City Tours","url":"https:\/\/www.bordeaux-citytours.com\/fr\/","logo":{"@type":"ImageObject","inLanguage":"fr-FR","@id":"https:\/\/www.bordeaux-citytours.com\/fr\/#\/schema\/logo\/image\/","url":"https:\/\/www.bordeaux-citytours.com\/wp-content\/uploads\/2023\/04\/logo-bordeaux-city-tours-1.png","contentUrl":"https:\/\/www.bordeaux-citytours.com\/wp-content\/uploads\/2023\/04\/logo-bordeaux-city-tours-1.png","width":430,"height":166,"caption":"Bordeaux City Tours"},"image":{"@id":"https:\/\/www.bordeaux-citytours.com\/fr\/#\/schema\/logo\/image\/"},"sameAs":["https:\/\/www.instagram.com\/bordeauxcitytours","https:\/\/www.linkedin.com\/company\/bordeaux-city-tours"]}]}},"_links":{"self":[{"href":"https:\/\/www.bordeaux-citytours.com\/fr\/wp-json\/wp\/v2\/pages\/2385","targetHints":{"allow":["GET"]}}],"collection":[{"href":"https:\/\/www.bordeaux-citytours.com\/fr\/wp-json\/wp\/v2\/pages"}],"about":[{"href":"https:\/\/www.bordeaux-citytours.com\/fr\/wp-json\/wp\/v2\/types\/page"}],"author":[{"embeddable":true,"href":"https:\/\/www.bordeaux-citytours.com\/fr\/wp-json\/wp\/v2\/users\/2"}],"replies":[{"embeddable":true,"href":"https:\/\/www.bordeaux-citytours.com\/fr\/wp-json\/wp\/v2\/comments?post=2385"}],"version-history":[{"count":4,"href":"https:\/\/www.bordeaux-citytours.com\/fr\/wp-json\/wp\/v2\/pages\/2385\/revisions"}],"predecessor-version":[{"id":4411,"href":"https:\/\/www.bordeaux-citytours.com\/fr\/wp-json\/wp\/v2\/pages\/2385\/revisions\/4411"}],"wp:featuredmedia":[{"embeddable":true,"href":"https:\/\/www.bordeaux-citytours.com\/fr\/wp-json\/wp\/v2\/media\/1826"}],"wp:attachment":[{"href":"https:\/\/www.bordeaux-citytours.com\/fr\/wp-json\/wp\/v2\/media?parent=2385"}],"curies":[{"name":"wp","href":"https:\/\/api.w.org\/{rel}","templated":true}]}}