{"id":2363,"date":"2023-04-24T14:56:13","date_gmt":"2023-04-24T12:56:13","guid":{"rendered":"https:\/\/www.bordeaux-citytours.com\/?page_id=2363"},"modified":"2025-04-16T15:30:31","modified_gmt":"2025-04-16T13:30:31","slug":"commentaires-special-enfants","status":"publish","type":"page","link":"https:\/\/www.bordeaux-citytours.com\/fr\/commentaires-special-enfants\/","title":{"rendered":"Commentaires sp\u00e9cial enfants"},"content":{"rendered":"<h1>Une visite comment\u00e9e de Bordeaux pour les enfants\u00a0!<\/h1>\n<p>Nous avons \u00e9labor\u00e9 une visite audio-guid\u00e9e ludique, p\u00e9dagogique et passionnante gr\u00e2ce aux personnages de Manon et Arthur. Ils feront d\u00e9couvrir Bordeaux et son histoire \u00e0 vos enfants \u00e0 travers des dialogues, des questions et des \u00e9nigmes tout au long du parcours. Le tout habill\u00e9 d\u2019une ambiance sonore qui captivera vos ch\u00e9rubins !<\/p>\n<p>Les commentaires ont \u00e9t\u00e9 \u00e9crits par une sp\u00e9cialiste de l\u2019enfance et du patrimoine historique, et enregistr\u00e9s par des com\u00e9diens professionnels. Ils sont disponibles en fran\u00e7ais et en anglais.<\/p>\n<p>&nbsp;<\/p>\n<p><strong>En pratique\u00a0<\/strong>: il suffit de choisir le canal 9 (pour le fran\u00e7ais) ou le canal 10 (pour l\u2019anglais).<\/p>\n<p>&nbsp;<\/p>\n<p><strong>\u00c9couter un extrait des commentaires enfants\u00a0:<\/strong><\/p>\n<audio class=\"wp-audio-shortcode\" id=\"audio-2363-1\" preload=\"none\" style=\"width: 100%;\" controls=\"controls\"><source type=\"audio\/wav\" src=\"https:\/\/bxcitytours2025.influa-dev.fr\/wp-content\/uploads\/2025\/03\/fr-e-008.wav?_=1\" \/><a href=\"https:\/\/bxcitytours2025.influa-dev.fr\/wp-content\/uploads\/2025\/03\/fr-e-008.wav\">https:\/\/bxcitytours2025.influa-dev.fr\/wp-content\/uploads\/2025\/03\/fr-e-008.wav<\/a><\/audio>\n<p>&nbsp;<\/p>\n<p><img loading=\"lazy\" decoding=\"async\" class=\"alignnone size-medium wp-image-6337\" src=\"https:\/\/bxcitytours2025.influa-dev.fr\/wp-content\/uploads\/2025\/03\/1ere-de-couv-carte-bus-magique-212x300.jpg\" alt=\"\" width=\"212\" height=\"300\" srcset=\"https:\/\/www.bordeaux-citytours.com\/wp-content\/uploads\/2025\/03\/1ere-de-couv-carte-bus-magique-212x300.jpg 212w, https:\/\/www.bordeaux-citytours.com\/wp-content\/uploads\/2025\/03\/1ere-de-couv-carte-bus-magique-723x1024.jpg 723w, https:\/\/www.bordeaux-citytours.com\/wp-content\/uploads\/2025\/03\/1ere-de-couv-carte-bus-magique-768x1088.jpg 768w, https:\/\/www.bordeaux-citytours.com\/wp-content\/uploads\/2025\/03\/1ere-de-couv-carte-bus-magique.jpg 1062w\" sizes=\"auto, (max-width: 212px) 100vw, 212px\" \/><\/p>\n<p>Vos enfants retrouveront les 2 personnages des commentaires dans la carte du bus magique, un support de jeux offert pour continuer \u00e0 s\u2019amuser et \u00e0 d\u00e9couvrir Bordeaux apr\u00e8s la visite.<\/p>\n<p>&nbsp;<\/p>\n<h5><\/h5>\n<p style=\"text-align: center;\"><strong><img loading=\"lazy\" decoding=\"async\" class=\"alignnone size-full wp-image-6300\" src=\"https:\/\/bxcitytours2025.influa-dev.fr\/wp-content\/uploads\/2025\/03\/macaron-enfants.png\" alt=\"\" width=\"300\" height=\"300\" srcset=\"https:\/\/www.bordeaux-citytours.com\/wp-content\/uploads\/2025\/03\/macaron-enfants.png 300w, https:\/\/www.bordeaux-citytours.com\/wp-content\/uploads\/2025\/03\/macaron-enfants-150x150.png 150w, https:\/\/www.bordeaux-citytours.com\/wp-content\/uploads\/2025\/03\/macaron-enfants-235x235.png 235w\" sizes=\"auto, (max-width: 300px) 100vw, 300px\" \/>\u00a0<\/strong><\/p>\n<p>&nbsp;<\/p>\n","protected":false},"excerpt":{"rendered":"<p>Une visite comment\u00e9e de Bordeaux pour les enfants\u00a0! Nous avons \u00e9labor\u00e9 une visite audio-guid\u00e9e ludique, p\u00e9dagogique et passionnante gr\u00e2ce aux personnages de Manon et Arthur. Ils feront d\u00e9couvrir Bordeaux et son histoire \u00e0 vos enfants \u00e0 travers des dialogues, des questions et des \u00e9nigmes tout au long du parcours. Le tout habill\u00e9 d\u2019une ambiance sonore [&hellip;]<\/p>\n","protected":false},"author":2,"featured_media":6334,"parent":0,"menu_order":0,"comment_status":"closed","ping_status":"closed","template":"","meta":{"_acf_changed":false,"footnotes":""},"class_list":["post-2363","page","type-page","status-publish","has-post-thumbnail","hentry"],"acf":[],"yoast_head":"<!-- This site is optimized with the Yoast SEO plugin v26.6 - https:\/\/yoast.com\/wordpress\/plugins\/seo\/ -->\n<title>Commentaires sp\u00e9cial enfants - Bordeaux City Tours<\/title>\n<meta name=\"description\" content=\"Faites d\u00e9couvrir Bordeaux \u00e0 vos enfant \u00e0 bord de notre bus panoramique. Les commentaires sont adapt\u00e9s pour la compr\u00e9hension des plus jeunes\" \/>\n<meta name=\"robots\" content=\"index, follow, max-snippet:-1, max-image-preview:large, max-video-preview:-1\" \/>\n<link rel=\"canonical\" href=\"https:\/\/www.bordeaux-citytours.com\/fr\/commentaires-special-enfants\/\" \/>\n<meta property=\"og:locale\" content=\"fr_FR\" \/>\n<meta property=\"og:type\" content=\"article\" \/>\n<meta property=\"og:title\" content=\"Commentaires sp\u00e9cial enfants - Bordeaux City Tours\" \/>\n<meta property=\"og:description\" content=\"Faites d\u00e9couvrir Bordeaux \u00e0 vos enfant \u00e0 bord de notre bus panoramique. Les commentaires sont adapt\u00e9s pour la compr\u00e9hension des plus jeunes\" \/>\n<meta property=\"og:url\" content=\"https:\/\/www.bordeaux-citytours.com\/fr\/commentaires-special-enfants\/\" \/>\n<meta property=\"og:site_name\" content=\"Bordeaux City Tours\" \/>\n<meta property=\"article:modified_time\" content=\"2025-04-16T13:30:31+00:00\" \/>\n<meta property=\"og:image\" content=\"https:\/\/www.bordeaux-citytours.com\/wp-content\/uploads\/2025\/03\/page-enfant-1024x282.png\" \/>\n\t<meta property=\"og:image:width\" content=\"1024\" \/>\n\t<meta property=\"og:image:height\" content=\"282\" \/>\n\t<meta property=\"og:image:type\" content=\"image\/png\" \/>\n<meta name=\"twitter:card\" content=\"summary_large_image\" \/>\n<meta name=\"twitter:label1\" content=\"Dur\u00e9e de lecture estim\u00e9e\" \/>\n\t<meta name=\"twitter:data1\" content=\"2 minutes\" \/>\n<script type=\"application\/ld+json\" class=\"yoast-schema-graph\">{\"@context\":\"https:\/\/schema.org\",\"@graph\":[{\"@type\":\"WebPage\",\"@id\":\"https:\/\/www.bordeaux-citytours.com\/fr\/commentaires-special-enfants\/\",\"url\":\"https:\/\/www.bordeaux-citytours.com\/fr\/commentaires-special-enfants\/\",\"name\":\"Commentaires sp\u00e9cial enfants - Bordeaux City Tours\",\"isPartOf\":{\"@id\":\"https:\/\/www.bordeaux-citytours.com\/fr\/#website\"},\"primaryImageOfPage\":{\"@id\":\"https:\/\/www.bordeaux-citytours.com\/fr\/commentaires-special-enfants\/#primaryimage\"},\"image\":{\"@id\":\"https:\/\/www.bordeaux-citytours.com\/fr\/commentaires-special-enfants\/#primaryimage\"},\"thumbnailUrl\":\"https:\/\/www.bordeaux-citytours.com\/wp-content\/uploads\/2025\/03\/page-enfant.png\",\"datePublished\":\"2023-04-24T12:56:13+00:00\",\"dateModified\":\"2025-04-16T13:30:31+00:00\",\"description\":\"Faites d\u00e9couvrir Bordeaux \u00e0 vos enfant \u00e0 bord de notre bus panoramique. Les commentaires sont adapt\u00e9s pour la compr\u00e9hension des plus jeunes\",\"breadcrumb\":{\"@id\":\"https:\/\/www.bordeaux-citytours.com\/fr\/commentaires-special-enfants\/#breadcrumb\"},\"inLanguage\":\"fr-FR\",\"potentialAction\":[{\"@type\":\"ReadAction\",\"target\":[\"https:\/\/www.bordeaux-citytours.com\/fr\/commentaires-special-enfants\/\"]}]},{\"@type\":\"ImageObject\",\"inLanguage\":\"fr-FR\",\"@id\":\"https:\/\/www.bordeaux-citytours.com\/fr\/commentaires-special-enfants\/#primaryimage\",\"url\":\"https:\/\/www.bordeaux-citytours.com\/wp-content\/uploads\/2025\/03\/page-enfant.png\",\"contentUrl\":\"https:\/\/www.bordeaux-citytours.com\/wp-content\/uploads\/2025\/03\/page-enfant.png\",\"width\":2000,\"height\":550},{\"@type\":\"BreadcrumbList\",\"@id\":\"https:\/\/www.bordeaux-citytours.com\/fr\/commentaires-special-enfants\/#breadcrumb\",\"itemListElement\":[{\"@type\":\"ListItem\",\"position\":1,\"name\":\"Accueil\",\"item\":\"https:\/\/www.bordeaux-citytours.com\/fr\/\"},{\"@type\":\"ListItem\",\"position\":2,\"name\":\"Commentaires sp\u00e9cial enfants\"}]},{\"@type\":\"WebSite\",\"@id\":\"https:\/\/www.bordeaux-citytours.com\/fr\/#website\",\"url\":\"https:\/\/www.bordeaux-citytours.com\/fr\/\",\"name\":\"Bordeaux City Tours\",\"description\":\"\",\"publisher\":{\"@id\":\"https:\/\/www.bordeaux-citytours.com\/fr\/#organization\"},\"potentialAction\":[{\"@type\":\"SearchAction\",\"target\":{\"@type\":\"EntryPoint\",\"urlTemplate\":\"https:\/\/www.bordeaux-citytours.com\/fr\/?s={search_term_string}\"},\"query-input\":{\"@type\":\"PropertyValueSpecification\",\"valueRequired\":true,\"valueName\":\"search_term_string\"}}],\"inLanguage\":\"fr-FR\"},{\"@type\":\"Organization\",\"@id\":\"https:\/\/www.bordeaux-citytours.com\/fr\/#organization\",\"name\":\"Bordeaux City Tours\",\"url\":\"https:\/\/www.bordeaux-citytours.com\/fr\/\",\"logo\":{\"@type\":\"ImageObject\",\"inLanguage\":\"fr-FR\",\"@id\":\"https:\/\/www.bordeaux-citytours.com\/fr\/#\/schema\/logo\/image\/\",\"url\":\"https:\/\/www.bordeaux-citytours.com\/wp-content\/uploads\/2023\/04\/logo-bordeaux-city-tours-1.png\",\"contentUrl\":\"https:\/\/www.bordeaux-citytours.com\/wp-content\/uploads\/2023\/04\/logo-bordeaux-city-tours-1.png\",\"width\":430,\"height\":166,\"caption\":\"Bordeaux City Tours\"},\"image\":{\"@id\":\"https:\/\/www.bordeaux-citytours.com\/fr\/#\/schema\/logo\/image\/\"},\"sameAs\":[\"https:\/\/www.instagram.com\/bordeauxcitytours\",\"https:\/\/www.linkedin.com\/company\/bordeaux-city-tours\"]}]}<\/script>\n<!-- \/ Yoast SEO plugin. -->","yoast_head_json":{"title":"Commentaires sp\u00e9cial enfants - Bordeaux City Tours","description":"Faites d\u00e9couvrir Bordeaux \u00e0 vos enfant \u00e0 bord de notre bus panoramique. Les commentaires sont adapt\u00e9s pour la compr\u00e9hension des plus jeunes","robots":{"index":"index","follow":"follow","max-snippet":"max-snippet:-1","max-image-preview":"max-image-preview:large","max-video-preview":"max-video-preview:-1"},"canonical":"https:\/\/www.bordeaux-citytours.com\/fr\/commentaires-special-enfants\/","og_locale":"fr_FR","og_type":"article","og_title":"Commentaires sp\u00e9cial enfants - Bordeaux City Tours","og_description":"Faites d\u00e9couvrir Bordeaux \u00e0 vos enfant \u00e0 bord de notre bus panoramique. Les commentaires sont adapt\u00e9s pour la compr\u00e9hension des plus jeunes","og_url":"https:\/\/www.bordeaux-citytours.com\/fr\/commentaires-special-enfants\/","og_site_name":"Bordeaux City Tours","article_modified_time":"2025-04-16T13:30:31+00:00","og_image":[{"width":1024,"height":282,"url":"https:\/\/www.bordeaux-citytours.com\/wp-content\/uploads\/2025\/03\/page-enfant-1024x282.png","type":"image\/png"}],"twitter_card":"summary_large_image","twitter_misc":{"Dur\u00e9e de lecture estim\u00e9e":"2 minutes"},"schema":{"@context":"https:\/\/schema.org","@graph":[{"@type":"WebPage","@id":"https:\/\/www.bordeaux-citytours.com\/fr\/commentaires-special-enfants\/","url":"https:\/\/www.bordeaux-citytours.com\/fr\/commentaires-special-enfants\/","name":"Commentaires sp\u00e9cial enfants - Bordeaux City Tours","isPartOf":{"@id":"https:\/\/www.bordeaux-citytours.com\/fr\/#website"},"primaryImageOfPage":{"@id":"https:\/\/www.bordeaux-citytours.com\/fr\/commentaires-special-enfants\/#primaryimage"},"image":{"@id":"https:\/\/www.bordeaux-citytours.com\/fr\/commentaires-special-enfants\/#primaryimage"},"thumbnailUrl":"https:\/\/www.bordeaux-citytours.com\/wp-content\/uploads\/2025\/03\/page-enfant.png","datePublished":"2023-04-24T12:56:13+00:00","dateModified":"2025-04-16T13:30:31+00:00","description":"Faites d\u00e9couvrir Bordeaux \u00e0 vos enfant \u00e0 bord de notre bus panoramique. Les commentaires sont adapt\u00e9s pour la compr\u00e9hension des plus jeunes","breadcrumb":{"@id":"https:\/\/www.bordeaux-citytours.com\/fr\/commentaires-special-enfants\/#breadcrumb"},"inLanguage":"fr-FR","potentialAction":[{"@type":"ReadAction","target":["https:\/\/www.bordeaux-citytours.com\/fr\/commentaires-special-enfants\/"]}]},{"@type":"ImageObject","inLanguage":"fr-FR","@id":"https:\/\/www.bordeaux-citytours.com\/fr\/commentaires-special-enfants\/#primaryimage","url":"https:\/\/www.bordeaux-citytours.com\/wp-content\/uploads\/2025\/03\/page-enfant.png","contentUrl":"https:\/\/www.bordeaux-citytours.com\/wp-content\/uploads\/2025\/03\/page-enfant.png","width":2000,"height":550},{"@type":"BreadcrumbList","@id":"https:\/\/www.bordeaux-citytours.com\/fr\/commentaires-special-enfants\/#breadcrumb","itemListElement":[{"@type":"ListItem","position":1,"name":"Accueil","item":"https:\/\/www.bordeaux-citytours.com\/fr\/"},{"@type":"ListItem","position":2,"name":"Commentaires sp\u00e9cial enfants"}]},{"@type":"WebSite","@id":"https:\/\/www.bordeaux-citytours.com\/fr\/#website","url":"https:\/\/www.bordeaux-citytours.com\/fr\/","name":"Bordeaux City Tours","description":"","publisher":{"@id":"https:\/\/www.bordeaux-citytours.com\/fr\/#organization"},"potentialAction":[{"@type":"SearchAction","target":{"@type":"EntryPoint","urlTemplate":"https:\/\/www.bordeaux-citytours.com\/fr\/?s={search_term_string}"},"query-input":{"@type":"PropertyValueSpecification","valueRequired":true,"valueName":"search_term_string"}}],"inLanguage":"fr-FR"},{"@type":"Organization","@id":"https:\/\/www.bordeaux-citytours.com\/fr\/#organization","name":"Bordeaux City Tours","url":"https:\/\/www.bordeaux-citytours.com\/fr\/","logo":{"@type":"ImageObject","inLanguage":"fr-FR","@id":"https:\/\/www.bordeaux-citytours.com\/fr\/#\/schema\/logo\/image\/","url":"https:\/\/www.bordeaux-citytours.com\/wp-content\/uploads\/2023\/04\/logo-bordeaux-city-tours-1.png","contentUrl":"https:\/\/www.bordeaux-citytours.com\/wp-content\/uploads\/2023\/04\/logo-bordeaux-city-tours-1.png","width":430,"height":166,"caption":"Bordeaux City Tours"},"image":{"@id":"https:\/\/www.bordeaux-citytours.com\/fr\/#\/schema\/logo\/image\/"},"sameAs":["https:\/\/www.instagram.com\/bordeauxcitytours","https:\/\/www.linkedin.com\/company\/bordeaux-city-tours"]}]}},"_links":{"self":[{"href":"https:\/\/www.bordeaux-citytours.com\/fr\/wp-json\/wp\/v2\/pages\/2363","targetHints":{"allow":["GET"]}}],"collection":[{"href":"https:\/\/www.bordeaux-citytours.com\/fr\/wp-json\/wp\/v2\/pages"}],"about":[{"href":"https:\/\/www.bordeaux-citytours.com\/fr\/wp-json\/wp\/v2\/types\/page"}],"author":[{"embeddable":true,"href":"https:\/\/www.bordeaux-citytours.com\/fr\/wp-json\/wp\/v2\/users\/2"}],"replies":[{"embeddable":true,"href":"https:\/\/www.bordeaux-citytours.com\/fr\/wp-json\/wp\/v2\/comments?post=2363"}],"version-history":[{"count":10,"href":"https:\/\/www.bordeaux-citytours.com\/fr\/wp-json\/wp\/v2\/pages\/2363\/revisions"}],"predecessor-version":[{"id":6560,"href":"https:\/\/www.bordeaux-citytours.com\/fr\/wp-json\/wp\/v2\/pages\/2363\/revisions\/6560"}],"wp:featuredmedia":[{"embeddable":true,"href":"https:\/\/www.bordeaux-citytours.com\/fr\/wp-json\/wp\/v2\/media\/6334"}],"wp:attachment":[{"href":"https:\/\/www.bordeaux-citytours.com\/fr\/wp-json\/wp\/v2\/media?parent=2363"}],"curies":[{"name":"wp","href":"https:\/\/api.w.org\/{rel}","templated":true}]}}