{"id":1084,"date":"2023-04-12T18:01:47","date_gmt":"2023-04-12T16:01:47","guid":{"rendered":"https:\/\/www.bordeaux-citytours.com\/?page_id=1084"},"modified":"2025-09-26T10:45:58","modified_gmt":"2025-09-26T08:45:58","slug":"responsabilite-societale-dentreprise","status":"publish","type":"page","link":"https:\/\/www.bordeaux-citytours.com\/fr\/responsabilite-societale-dentreprise\/","title":{"rendered":"Responsabilit\u00e9 Soci\u00e9tale des Entreprises"},"content":{"rendered":"<p><img loading=\"lazy\" decoding=\"async\" class=\"alignnone size-medium wp-image-7863 alignleft\" src=\"https:\/\/www.bordeaux-citytours.com\/wp-content\/uploads\/2025\/09\/signature-mail-oc-290x300.png\" alt=\"\" width=\"290\" height=\"300\" srcset=\"https:\/\/www.bordeaux-citytours.com\/wp-content\/uploads\/2025\/09\/signature-mail-oc-290x300.png 290w, https:\/\/www.bordeaux-citytours.com\/wp-content\/uploads\/2025\/09\/signature-mail-oc-991x1024.png 991w, https:\/\/www.bordeaux-citytours.com\/wp-content\/uploads\/2025\/09\/signature-mail-oc-768x794.png 768w, https:\/\/www.bordeaux-citytours.com\/wp-content\/uploads\/2025\/09\/signature-mail-oc.png 1317w\" sizes=\"auto, (max-width: 290px) 100vw, 290px\" \/><\/p>\n<h1>Responsabilit\u00e9 Soci\u00e9tale des Entreprises<\/h1>\n<p>La RSE ou <strong>Responsabilit\u00e9 Soci\u00e9tale des Entreprises<\/strong> est une d\u00e9marche dans laquelle les entreprises int\u00e8grent les pr\u00e9occupations sociales, \u00e9conomiques et environnementales dans leurs activit\u00e9s et dans leurs interactions avec les parties prenantes <strong>sur une base volontaire<\/strong>. C\u2019est \u00ab la contribution des entreprises aux enjeux du d\u00e9veloppement durable \u00bb prenant en compte les effets qu\u2019elles exercent sur la soci\u00e9t\u00e9.<\/p>\n<p class=\"p1\">Bordeaux City Tours, en tant qu&rsquo;acteur du tourisme, a pris conscience de cette responsabilit\u00e9 et s&rsquo;est engag\u00e9 \u00e0 mettre en place des pratiques responsables.<\/p>\n<p><strong><span style=\"font-size: 18px;\">L&rsquo;entreprise a obtenu le label \u00ab\u00a0Engag\u00e9 RSE\u00a0\u00bb niveau exemplaire par l&rsquo;AFNOR en mars 2025.<\/span><\/strong><\/p>\n<p>&nbsp;<\/p>\n<h2 class=\"p5\">Qu&rsquo;est-ce que la norme RSE ?<\/h2>\n<p class=\"p6\">La <strong>norme RSE<\/strong> est un ensemble de lignes directrices que les entreprises peuvent suivre pour s&rsquo;assurer qu&rsquo;elles op\u00e8rent de mani\u00e8re socialement responsable. La norme couvre des domaines tels que l&rsquo;impact environnemental, la responsabilit\u00e9 sociale et la durabilit\u00e9 \u00e9conomique. Elle fournit un cadre permettant aux entreprises d&rsquo;op\u00e9rer de mani\u00e8re durable et responsable.<\/p>\n<p>&nbsp;<\/p>\n<h2>l&rsquo;engagement de bordeaux city tours<\/h2>\n<p>Depuis toujours Bordeaux City Tours est soucieuse du bien-\u00eatre au travail, de la satisfaction de ses clients et de son impact sur son territoire.<\/p>\n<p>Mais depuis 2022, date \u00e0 laquelle elle s\u2019est engag\u00e9e concr\u00eatement dans la d\u00e9marche RSE, l\u2019entreprise a mis en place de nombreuses actions concr\u00e8tes afin de soutenir ses salari\u00e9s, de r\u00e9duire son impact sur l\u2019environnement, et de promouvoir la durabilit\u00e9 \u00e9conomique de l\u2019entreprise :<\/p>\n<ul class=\"ul1\">\n<li class=\"li2\">2 journ\u00e9es d&rsquo;actions solidaires <span class=\"s1\">par an <\/span>octroy\u00e9es aux salari\u00e9s<\/li>\n<li class=\"li2\">Mise en place d\u2019un questionnaire sur la Qualit\u00e9 de Vie au Travail (QVCT)<\/li>\n<li class=\"li2\">Am\u00e9lioration de l\u2019accueil, <span class=\"s1\">de l<\/span>\u2019int\u00e9gration et <span class=\"s1\">de la <\/span>formation des salari\u00e9s<\/li>\n<li class=\"li2\">Signature de la charte \u00ab\u00a0Objectif CO2\u00a0\u00bb pour la r\u00e9duction des gaz \u00e0 effets de serre<\/li>\n<li class=\"li2\">Labellisation <span class=\"s2\">Tourisme &amp; handicap<\/span> pour les 4 handicaps: moteur, auditif, mental et visuel obtenu en octobre 2023<\/li>\n<li class=\"li7\">Partenariat avec un ESAT de M\u00e9rignac pour le reconditionnement des \u00e9couteurs individuels<\/li>\n<\/ul>\n<p>&nbsp;<\/p>\n<h2><img loading=\"lazy\" decoding=\"async\" class=\"size-full wp-image-1112 alignright\" src=\"https:\/\/www.bordeaux-citytours.com\/wp-content\/uploads\/2023\/03\/developpement-durable.png\" alt=\"De\u0301veloppement durable\" width=\"258\" height=\"258\" srcset=\"https:\/\/www.bordeaux-citytours.com\/wp-content\/uploads\/2023\/03\/developpement-durable.png 258w, https:\/\/www.bordeaux-citytours.com\/wp-content\/uploads\/2023\/03\/developpement-durable-150x150.png 150w, https:\/\/www.bordeaux-citytours.com\/wp-content\/uploads\/2023\/03\/developpement-durable-235x235.png 235w\" sizes=\"auto, (max-width: 258px) 100vw, 258px\" \/><\/h2>\n<p>En plus de toutes les actions que Bordeaux City Tours met en place dans le cadre de la RSE, cette d\u00e9marche agit comme un fil rouge qui guide et anime chaque salari\u00e9 au quotidien, apportant plus de sens \u00e0 leur activit\u00e9 professionnelle.<\/p>\n<p><img loading=\"lazy\" decoding=\"async\" class=\"alignnone wp-image-1765\" src=\"https:\/\/www.bordeaux-citytours.com\/wp-content\/uploads\/2023\/04\/picto-environnement.png\" alt=\"\" width=\"38\" height=\"57\" \/>\u00a0 D\u00e9couvrez notre <a href=\"https:\/\/acrobat.adobe.com\/id\/urn:aaid:sc:EU:24837831-8f53-4221-9128-624b2f6234fa?x_api_client_id=edge_extension_viewer&amp;x_api_client_location=share\"><span class=\"pb_bouton_r\"><span style=\"text-decoration: underline;\">Charte RSE<\/span><\/span><\/a>et notre <span class=\"pb_bouton_r\"><a href=\"https:\/\/www.bordeaux-citytours.com\/wp-content\/uploads\/2023\/09\/charte-ethique-et-anti-corruption-tourism-city-tours-2023.pdf\" target=\"_blank\" rel=\"noopener\">CHARTE \u00c9THIQUE ET ANTI-CORRUPTION<\/a><\/span><\/p>\n<p>&nbsp;<\/p>\n","protected":false},"excerpt":{"rendered":"<p>Responsabilit\u00e9 Soci\u00e9tale des Entreprises La RSE ou Responsabilit\u00e9 Soci\u00e9tale des Entreprises est une d\u00e9marche dans laquelle les entreprises int\u00e8grent les pr\u00e9occupations sociales, \u00e9conomiques et environnementales dans leurs activit\u00e9s et dans leurs interactions avec les parties prenantes sur une base volontaire. C\u2019est \u00ab la contribution des entreprises aux enjeux du d\u00e9veloppement durable \u00bb prenant en compte [&hellip;]<\/p>\n","protected":false},"author":2,"featured_media":1089,"parent":0,"menu_order":0,"comment_status":"closed","ping_status":"closed","template":"","meta":{"_acf_changed":false,"footnotes":""},"class_list":["post-1084","page","type-page","status-publish","has-post-thumbnail","hentry"],"acf":[],"yoast_head":"<!-- This site is optimized with the Yoast SEO plugin v26.6 - https:\/\/yoast.com\/wordpress\/plugins\/seo\/ -->\n<title>Responsabilit\u00e9 Soci\u00e9tale des Entreprises - Bordeaux City Tours<\/title>\n<meta name=\"description\" content=\"D\u00e9couvrez notre engagement en faveur de la RSE chez Bordeaux City Tours. D\u00e9couvrez nos initiatives durables pour pr\u00e9server l&#039;environnement.\" \/>\n<meta name=\"robots\" content=\"index, follow, max-snippet:-1, max-image-preview:large, max-video-preview:-1\" \/>\n<link rel=\"canonical\" href=\"https:\/\/www.bordeaux-citytours.com\/fr\/responsabilite-societale-dentreprise\/\" \/>\n<meta property=\"og:locale\" content=\"fr_FR\" \/>\n<meta property=\"og:type\" content=\"article\" \/>\n<meta property=\"og:title\" content=\"Responsabilit\u00e9 Soci\u00e9tale des Entreprises - Bordeaux City Tours\" \/>\n<meta property=\"og:description\" content=\"D\u00e9couvrez notre engagement en faveur de la RSE chez Bordeaux City Tours. D\u00e9couvrez nos initiatives durables pour pr\u00e9server l&#039;environnement.\" \/>\n<meta property=\"og:url\" content=\"https:\/\/www.bordeaux-citytours.com\/fr\/responsabilite-societale-dentreprise\/\" \/>\n<meta property=\"og:site_name\" content=\"Bordeaux City Tours\" \/>\n<meta property=\"article:modified_time\" content=\"2025-09-26T08:45:58+00:00\" \/>\n<meta property=\"og:image\" content=\"https:\/\/www.bordeaux-citytours.com\/wp-content\/uploads\/2023\/03\/rse-1.png\" \/>\n\t<meta property=\"og:image:width\" content=\"2048\" \/>\n\t<meta property=\"og:image:height\" content=\"1024\" \/>\n\t<meta property=\"og:image:type\" content=\"image\/png\" \/>\n<meta name=\"twitter:card\" content=\"summary_large_image\" \/>\n<meta name=\"twitter:label1\" content=\"Dur\u00e9e de lecture estim\u00e9e\" \/>\n\t<meta name=\"twitter:data1\" content=\"3 minutes\" \/>\n<script type=\"application\/ld+json\" class=\"yoast-schema-graph\">{\"@context\":\"https:\/\/schema.org\",\"@graph\":[{\"@type\":\"WebPage\",\"@id\":\"https:\/\/www.bordeaux-citytours.com\/fr\/responsabilite-societale-dentreprise\/\",\"url\":\"https:\/\/www.bordeaux-citytours.com\/fr\/responsabilite-societale-dentreprise\/\",\"name\":\"Responsabilit\u00e9 Soci\u00e9tale des Entreprises - Bordeaux City Tours\",\"isPartOf\":{\"@id\":\"https:\/\/www.bordeaux-citytours.com\/fr\/#website\"},\"primaryImageOfPage\":{\"@id\":\"https:\/\/www.bordeaux-citytours.com\/fr\/responsabilite-societale-dentreprise\/#primaryimage\"},\"image\":{\"@id\":\"https:\/\/www.bordeaux-citytours.com\/fr\/responsabilite-societale-dentreprise\/#primaryimage\"},\"thumbnailUrl\":\"https:\/\/www.bordeaux-citytours.com\/wp-content\/uploads\/2023\/03\/rse-1.png\",\"datePublished\":\"2023-04-12T16:01:47+00:00\",\"dateModified\":\"2025-09-26T08:45:58+00:00\",\"description\":\"D\u00e9couvrez notre engagement en faveur de la RSE chez Bordeaux City Tours. D\u00e9couvrez nos initiatives durables pour pr\u00e9server l'environnement.\",\"breadcrumb\":{\"@id\":\"https:\/\/www.bordeaux-citytours.com\/fr\/responsabilite-societale-dentreprise\/#breadcrumb\"},\"inLanguage\":\"fr-FR\",\"potentialAction\":[{\"@type\":\"ReadAction\",\"target\":[\"https:\/\/www.bordeaux-citytours.com\/fr\/responsabilite-societale-dentreprise\/\"]}]},{\"@type\":\"ImageObject\",\"inLanguage\":\"fr-FR\",\"@id\":\"https:\/\/www.bordeaux-citytours.com\/fr\/responsabilite-societale-dentreprise\/#primaryimage\",\"url\":\"https:\/\/www.bordeaux-citytours.com\/wp-content\/uploads\/2023\/03\/rse-1.png\",\"contentUrl\":\"https:\/\/www.bordeaux-citytours.com\/wp-content\/uploads\/2023\/03\/rse-1.png\",\"width\":2048,\"height\":1024,\"caption\":\"RSE\"},{\"@type\":\"BreadcrumbList\",\"@id\":\"https:\/\/www.bordeaux-citytours.com\/fr\/responsabilite-societale-dentreprise\/#breadcrumb\",\"itemListElement\":[{\"@type\":\"ListItem\",\"position\":1,\"name\":\"Accueil\",\"item\":\"https:\/\/www.bordeaux-citytours.com\/fr\/\"},{\"@type\":\"ListItem\",\"position\":2,\"name\":\"Responsabilit\u00e9 Soci\u00e9tale des Entreprises\"}]},{\"@type\":\"WebSite\",\"@id\":\"https:\/\/www.bordeaux-citytours.com\/fr\/#website\",\"url\":\"https:\/\/www.bordeaux-citytours.com\/fr\/\",\"name\":\"Bordeaux City Tours\",\"description\":\"\",\"publisher\":{\"@id\":\"https:\/\/www.bordeaux-citytours.com\/fr\/#organization\"},\"potentialAction\":[{\"@type\":\"SearchAction\",\"target\":{\"@type\":\"EntryPoint\",\"urlTemplate\":\"https:\/\/www.bordeaux-citytours.com\/fr\/?s={search_term_string}\"},\"query-input\":{\"@type\":\"PropertyValueSpecification\",\"valueRequired\":true,\"valueName\":\"search_term_string\"}}],\"inLanguage\":\"fr-FR\"},{\"@type\":\"Organization\",\"@id\":\"https:\/\/www.bordeaux-citytours.com\/fr\/#organization\",\"name\":\"Bordeaux City Tours\",\"url\":\"https:\/\/www.bordeaux-citytours.com\/fr\/\",\"logo\":{\"@type\":\"ImageObject\",\"inLanguage\":\"fr-FR\",\"@id\":\"https:\/\/www.bordeaux-citytours.com\/fr\/#\/schema\/logo\/image\/\",\"url\":\"https:\/\/www.bordeaux-citytours.com\/wp-content\/uploads\/2023\/04\/logo-bordeaux-city-tours-1.png\",\"contentUrl\":\"https:\/\/www.bordeaux-citytours.com\/wp-content\/uploads\/2023\/04\/logo-bordeaux-city-tours-1.png\",\"width\":430,\"height\":166,\"caption\":\"Bordeaux City Tours\"},\"image\":{\"@id\":\"https:\/\/www.bordeaux-citytours.com\/fr\/#\/schema\/logo\/image\/\"},\"sameAs\":[\"https:\/\/www.instagram.com\/bordeauxcitytours\",\"https:\/\/www.linkedin.com\/company\/bordeaux-city-tours\"]}]}<\/script>\n<!-- \/ Yoast SEO plugin. -->","yoast_head_json":{"title":"Responsabilit\u00e9 Soci\u00e9tale des Entreprises - Bordeaux City Tours","description":"D\u00e9couvrez notre engagement en faveur de la RSE chez Bordeaux City Tours. D\u00e9couvrez nos initiatives durables pour pr\u00e9server l'environnement.","robots":{"index":"index","follow":"follow","max-snippet":"max-snippet:-1","max-image-preview":"max-image-preview:large","max-video-preview":"max-video-preview:-1"},"canonical":"https:\/\/www.bordeaux-citytours.com\/fr\/responsabilite-societale-dentreprise\/","og_locale":"fr_FR","og_type":"article","og_title":"Responsabilit\u00e9 Soci\u00e9tale des Entreprises - Bordeaux City Tours","og_description":"D\u00e9couvrez notre engagement en faveur de la RSE chez Bordeaux City Tours. D\u00e9couvrez nos initiatives durables pour pr\u00e9server l'environnement.","og_url":"https:\/\/www.bordeaux-citytours.com\/fr\/responsabilite-societale-dentreprise\/","og_site_name":"Bordeaux City Tours","article_modified_time":"2025-09-26T08:45:58+00:00","og_image":[{"width":2048,"height":1024,"url":"https:\/\/www.bordeaux-citytours.com\/wp-content\/uploads\/2023\/03\/rse-1.png","type":"image\/png"}],"twitter_card":"summary_large_image","twitter_misc":{"Dur\u00e9e de lecture estim\u00e9e":"3 minutes"},"schema":{"@context":"https:\/\/schema.org","@graph":[{"@type":"WebPage","@id":"https:\/\/www.bordeaux-citytours.com\/fr\/responsabilite-societale-dentreprise\/","url":"https:\/\/www.bordeaux-citytours.com\/fr\/responsabilite-societale-dentreprise\/","name":"Responsabilit\u00e9 Soci\u00e9tale des Entreprises - Bordeaux City Tours","isPartOf":{"@id":"https:\/\/www.bordeaux-citytours.com\/fr\/#website"},"primaryImageOfPage":{"@id":"https:\/\/www.bordeaux-citytours.com\/fr\/responsabilite-societale-dentreprise\/#primaryimage"},"image":{"@id":"https:\/\/www.bordeaux-citytours.com\/fr\/responsabilite-societale-dentreprise\/#primaryimage"},"thumbnailUrl":"https:\/\/www.bordeaux-citytours.com\/wp-content\/uploads\/2023\/03\/rse-1.png","datePublished":"2023-04-12T16:01:47+00:00","dateModified":"2025-09-26T08:45:58+00:00","description":"D\u00e9couvrez notre engagement en faveur de la RSE chez Bordeaux City Tours. D\u00e9couvrez nos initiatives durables pour pr\u00e9server l'environnement.","breadcrumb":{"@id":"https:\/\/www.bordeaux-citytours.com\/fr\/responsabilite-societale-dentreprise\/#breadcrumb"},"inLanguage":"fr-FR","potentialAction":[{"@type":"ReadAction","target":["https:\/\/www.bordeaux-citytours.com\/fr\/responsabilite-societale-dentreprise\/"]}]},{"@type":"ImageObject","inLanguage":"fr-FR","@id":"https:\/\/www.bordeaux-citytours.com\/fr\/responsabilite-societale-dentreprise\/#primaryimage","url":"https:\/\/www.bordeaux-citytours.com\/wp-content\/uploads\/2023\/03\/rse-1.png","contentUrl":"https:\/\/www.bordeaux-citytours.com\/wp-content\/uploads\/2023\/03\/rse-1.png","width":2048,"height":1024,"caption":"RSE"},{"@type":"BreadcrumbList","@id":"https:\/\/www.bordeaux-citytours.com\/fr\/responsabilite-societale-dentreprise\/#breadcrumb","itemListElement":[{"@type":"ListItem","position":1,"name":"Accueil","item":"https:\/\/www.bordeaux-citytours.com\/fr\/"},{"@type":"ListItem","position":2,"name":"Responsabilit\u00e9 Soci\u00e9tale des Entreprises"}]},{"@type":"WebSite","@id":"https:\/\/www.bordeaux-citytours.com\/fr\/#website","url":"https:\/\/www.bordeaux-citytours.com\/fr\/","name":"Bordeaux City Tours","description":"","publisher":{"@id":"https:\/\/www.bordeaux-citytours.com\/fr\/#organization"},"potentialAction":[{"@type":"SearchAction","target":{"@type":"EntryPoint","urlTemplate":"https:\/\/www.bordeaux-citytours.com\/fr\/?s={search_term_string}"},"query-input":{"@type":"PropertyValueSpecification","valueRequired":true,"valueName":"search_term_string"}}],"inLanguage":"fr-FR"},{"@type":"Organization","@id":"https:\/\/www.bordeaux-citytours.com\/fr\/#organization","name":"Bordeaux City Tours","url":"https:\/\/www.bordeaux-citytours.com\/fr\/","logo":{"@type":"ImageObject","inLanguage":"fr-FR","@id":"https:\/\/www.bordeaux-citytours.com\/fr\/#\/schema\/logo\/image\/","url":"https:\/\/www.bordeaux-citytours.com\/wp-content\/uploads\/2023\/04\/logo-bordeaux-city-tours-1.png","contentUrl":"https:\/\/www.bordeaux-citytours.com\/wp-content\/uploads\/2023\/04\/logo-bordeaux-city-tours-1.png","width":430,"height":166,"caption":"Bordeaux City Tours"},"image":{"@id":"https:\/\/www.bordeaux-citytours.com\/fr\/#\/schema\/logo\/image\/"},"sameAs":["https:\/\/www.instagram.com\/bordeauxcitytours","https:\/\/www.linkedin.com\/company\/bordeaux-city-tours"]}]}},"_links":{"self":[{"href":"https:\/\/www.bordeaux-citytours.com\/fr\/wp-json\/wp\/v2\/pages\/1084","targetHints":{"allow":["GET"]}}],"collection":[{"href":"https:\/\/www.bordeaux-citytours.com\/fr\/wp-json\/wp\/v2\/pages"}],"about":[{"href":"https:\/\/www.bordeaux-citytours.com\/fr\/wp-json\/wp\/v2\/types\/page"}],"author":[{"embeddable":true,"href":"https:\/\/www.bordeaux-citytours.com\/fr\/wp-json\/wp\/v2\/users\/2"}],"replies":[{"embeddable":true,"href":"https:\/\/www.bordeaux-citytours.com\/fr\/wp-json\/wp\/v2\/comments?post=1084"}],"version-history":[{"count":15,"href":"https:\/\/www.bordeaux-citytours.com\/fr\/wp-json\/wp\/v2\/pages\/1084\/revisions"}],"predecessor-version":[{"id":7867,"href":"https:\/\/www.bordeaux-citytours.com\/fr\/wp-json\/wp\/v2\/pages\/1084\/revisions\/7867"}],"wp:featuredmedia":[{"embeddable":true,"href":"https:\/\/www.bordeaux-citytours.com\/fr\/wp-json\/wp\/v2\/media\/1089"}],"wp:attachment":[{"href":"https:\/\/www.bordeaux-citytours.com\/fr\/wp-json\/wp\/v2\/media?parent=1084"}],"curies":[{"name":"wp","href":"https:\/\/api.w.org\/{rel}","templated":true}]}}