{"id":1060,"date":"2023-08-16T10:06:40","date_gmt":"2023-08-16T08:06:40","guid":{"rendered":"https:\/\/www.bordeaux-citytours.com\/?page_id=1060"},"modified":"2023-08-16T10:06:40","modified_gmt":"2023-08-16T08:06:40","slug":"decouvrez-la-brasserie-maillard","status":"publish","type":"page","link":"https:\/\/www.bordeaux-citytours.com\/fr\/decouvrez-la-brasserie-maillard\/","title":{"rendered":"D\u00e9couvrez la brasserie Maillard"},"content":{"rendered":"<h1>D\u00e9couvrez la brasserie Maillard \u00e0 Bordeaux<\/h1>\n<p>\u00c0 deux pas de la c\u00e9l\u00e8bre place de la Bourse, d\u00e9couvrez Maillard, la brasserie d\u2019aujourd\u2019hui aux saveurs d\u2019autrefois, o\u00f9 chacun.e retrouve les go\u00fbts et les coutumes des tables qui ont fait la renomm\u00e9e de la gastronomie fran\u00e7aise.<br \/>\nRecettes g\u00e9n\u00e9reuses et traditionnelles, produits fran\u00e7ais et s\u00e9lectionn\u00e9s avec attention. Venez d\u00e9couvrir le savoir-faire de nos anciens, magnifi\u00e9 par le talent de nos cuisiniers. Un m\u00e9lange de plaisir et de partage, pour l\u2019amour d\u2019antan.<\/p>\n<h3>Adresse et contact<\/h3>\n<p>17 rue Saint-R\u00e9mi<br \/>\n33000 Bordeaux<br \/>\n06 50 21 14 51<br \/>\nFacebook : @brasseriemaillard<br \/>\nInstagram : @brasseriemaillard<\/p>\n<p>Site internet : <a href=\"https:\/\/www.maillard-brasserie.fr\/\">www.maillard-brasserie.fr<\/a><\/p>\n","protected":false},"excerpt":{"rendered":"<p>D\u00e9couvrez la brasserie Maillard \u00e0 Bordeaux \u00c0 deux pas de la c\u00e9l\u00e8bre place de la Bourse, d\u00e9couvrez Maillard, la brasserie d\u2019aujourd\u2019hui aux saveurs d\u2019autrefois, o\u00f9 chacun.e retrouve les go\u00fbts et les coutumes des tables qui ont fait la renomm\u00e9e de la gastronomie fran\u00e7aise. Recettes g\u00e9n\u00e9reuses et traditionnelles, produits fran\u00e7ais et s\u00e9lectionn\u00e9s avec attention. Venez d\u00e9couvrir [&hellip;]<\/p>\n","protected":false},"author":2,"featured_media":1061,"parent":0,"menu_order":0,"comment_status":"closed","ping_status":"closed","template":"","meta":{"_acf_changed":false,"footnotes":""},"class_list":["post-1060","page","type-page","status-publish","has-post-thumbnail","hentry"],"acf":[],"yoast_head":"<!-- This site is optimized with the Yoast SEO plugin v26.6 - https:\/\/yoast.com\/wordpress\/plugins\/seo\/ -->\n<title>D\u00e9couvrez la brasserie Maillard - Bordeaux City Tours<\/title>\n<meta name=\"description\" content=\"Profitez de la brasserie Maillard, avec sa cuisine fran\u00e7aise classique, qui s&#039;accompagne d&#039;une large s\u00e9lection de vins de qualit\u00e9.\" \/>\n<meta name=\"robots\" content=\"index, follow, max-snippet:-1, max-image-preview:large, max-video-preview:-1\" \/>\n<link rel=\"canonical\" href=\"https:\/\/www.bordeaux-citytours.com\/fr\/decouvrez-la-brasserie-maillard\/\" \/>\n<meta property=\"og:locale\" content=\"fr_FR\" \/>\n<meta property=\"og:type\" content=\"article\" \/>\n<meta property=\"og:title\" content=\"D\u00e9couvrez la brasserie Maillard - Bordeaux City Tours\" \/>\n<meta property=\"og:description\" content=\"Profitez de la brasserie Maillard, avec sa cuisine fran\u00e7aise classique, qui s&#039;accompagne d&#039;une large s\u00e9lection de vins de qualit\u00e9.\" \/>\n<meta property=\"og:url\" content=\"https:\/\/www.bordeaux-citytours.com\/fr\/decouvrez-la-brasserie-maillard\/\" \/>\n<meta property=\"og:site_name\" content=\"Bordeaux City Tours\" \/>\n<meta property=\"og:image\" content=\"https:\/\/www.bordeaux-citytours.com\/wp-content\/uploads\/2023\/03\/my-project-11-4.png\" \/>\n\t<meta property=\"og:image:width\" content=\"2048\" \/>\n\t<meta property=\"og:image:height\" content=\"871\" \/>\n\t<meta property=\"og:image:type\" content=\"image\/png\" \/>\n<meta name=\"twitter:card\" content=\"summary_large_image\" \/>\n<meta name=\"twitter:label1\" content=\"Dur\u00e9e de lecture estim\u00e9e\" \/>\n\t<meta name=\"twitter:data1\" content=\"1 minute\" \/>\n<script type=\"application\/ld+json\" class=\"yoast-schema-graph\">{\"@context\":\"https:\/\/schema.org\",\"@graph\":[{\"@type\":\"WebPage\",\"@id\":\"https:\/\/www.bordeaux-citytours.com\/fr\/decouvrez-la-brasserie-maillard\/\",\"url\":\"https:\/\/www.bordeaux-citytours.com\/fr\/decouvrez-la-brasserie-maillard\/\",\"name\":\"D\u00e9couvrez la brasserie Maillard - Bordeaux City Tours\",\"isPartOf\":{\"@id\":\"https:\/\/www.bordeaux-citytours.com\/fr\/#website\"},\"primaryImageOfPage\":{\"@id\":\"https:\/\/www.bordeaux-citytours.com\/fr\/decouvrez-la-brasserie-maillard\/#primaryimage\"},\"image\":{\"@id\":\"https:\/\/www.bordeaux-citytours.com\/fr\/decouvrez-la-brasserie-maillard\/#primaryimage\"},\"thumbnailUrl\":\"https:\/\/www.bordeaux-citytours.com\/wp-content\/uploads\/2023\/03\/my-project-11-4.png\",\"datePublished\":\"2023-08-16T08:06:40+00:00\",\"description\":\"Profitez de la brasserie Maillard, avec sa cuisine fran\u00e7aise classique, qui s'accompagne d'une large s\u00e9lection de vins de qualit\u00e9.\",\"breadcrumb\":{\"@id\":\"https:\/\/www.bordeaux-citytours.com\/fr\/decouvrez-la-brasserie-maillard\/#breadcrumb\"},\"inLanguage\":\"fr-FR\",\"potentialAction\":[{\"@type\":\"ReadAction\",\"target\":[\"https:\/\/www.bordeaux-citytours.com\/fr\/decouvrez-la-brasserie-maillard\/\"]}]},{\"@type\":\"ImageObject\",\"inLanguage\":\"fr-FR\",\"@id\":\"https:\/\/www.bordeaux-citytours.com\/fr\/decouvrez-la-brasserie-maillard\/#primaryimage\",\"url\":\"https:\/\/www.bordeaux-citytours.com\/wp-content\/uploads\/2023\/03\/my-project-11-4.png\",\"contentUrl\":\"https:\/\/www.bordeaux-citytours.com\/wp-content\/uploads\/2023\/03\/my-project-11-4.png\",\"width\":2048,\"height\":871,\"caption\":\"brasserie maillard bordeaux\"},{\"@type\":\"BreadcrumbList\",\"@id\":\"https:\/\/www.bordeaux-citytours.com\/fr\/decouvrez-la-brasserie-maillard\/#breadcrumb\",\"itemListElement\":[{\"@type\":\"ListItem\",\"position\":1,\"name\":\"Accueil\",\"item\":\"https:\/\/www.bordeaux-citytours.com\/fr\/\"},{\"@type\":\"ListItem\",\"position\":2,\"name\":\"D\u00e9couvrez la brasserie Maillard\"}]},{\"@type\":\"WebSite\",\"@id\":\"https:\/\/www.bordeaux-citytours.com\/fr\/#website\",\"url\":\"https:\/\/www.bordeaux-citytours.com\/fr\/\",\"name\":\"Bordeaux City Tours\",\"description\":\"\",\"publisher\":{\"@id\":\"https:\/\/www.bordeaux-citytours.com\/fr\/#organization\"},\"potentialAction\":[{\"@type\":\"SearchAction\",\"target\":{\"@type\":\"EntryPoint\",\"urlTemplate\":\"https:\/\/www.bordeaux-citytours.com\/fr\/?s={search_term_string}\"},\"query-input\":{\"@type\":\"PropertyValueSpecification\",\"valueRequired\":true,\"valueName\":\"search_term_string\"}}],\"inLanguage\":\"fr-FR\"},{\"@type\":\"Organization\",\"@id\":\"https:\/\/www.bordeaux-citytours.com\/fr\/#organization\",\"name\":\"Bordeaux City Tours\",\"url\":\"https:\/\/www.bordeaux-citytours.com\/fr\/\",\"logo\":{\"@type\":\"ImageObject\",\"inLanguage\":\"fr-FR\",\"@id\":\"https:\/\/www.bordeaux-citytours.com\/fr\/#\/schema\/logo\/image\/\",\"url\":\"https:\/\/www.bordeaux-citytours.com\/wp-content\/uploads\/2023\/04\/logo-bordeaux-city-tours-1.png\",\"contentUrl\":\"https:\/\/www.bordeaux-citytours.com\/wp-content\/uploads\/2023\/04\/logo-bordeaux-city-tours-1.png\",\"width\":430,\"height\":166,\"caption\":\"Bordeaux City Tours\"},\"image\":{\"@id\":\"https:\/\/www.bordeaux-citytours.com\/fr\/#\/schema\/logo\/image\/\"},\"sameAs\":[\"https:\/\/www.instagram.com\/bordeauxcitytours\",\"https:\/\/www.linkedin.com\/company\/bordeaux-city-tours\"]}]}<\/script>\n<!-- \/ Yoast SEO plugin. -->","yoast_head_json":{"title":"D\u00e9couvrez la brasserie Maillard - Bordeaux City Tours","description":"Profitez de la brasserie Maillard, avec sa cuisine fran\u00e7aise classique, qui s'accompagne d'une large s\u00e9lection de vins de qualit\u00e9.","robots":{"index":"index","follow":"follow","max-snippet":"max-snippet:-1","max-image-preview":"max-image-preview:large","max-video-preview":"max-video-preview:-1"},"canonical":"https:\/\/www.bordeaux-citytours.com\/fr\/decouvrez-la-brasserie-maillard\/","og_locale":"fr_FR","og_type":"article","og_title":"D\u00e9couvrez la brasserie Maillard - Bordeaux City Tours","og_description":"Profitez de la brasserie Maillard, avec sa cuisine fran\u00e7aise classique, qui s'accompagne d'une large s\u00e9lection de vins de qualit\u00e9.","og_url":"https:\/\/www.bordeaux-citytours.com\/fr\/decouvrez-la-brasserie-maillard\/","og_site_name":"Bordeaux City Tours","og_image":[{"width":2048,"height":871,"url":"https:\/\/www.bordeaux-citytours.com\/wp-content\/uploads\/2023\/03\/my-project-11-4.png","type":"image\/png"}],"twitter_card":"summary_large_image","twitter_misc":{"Dur\u00e9e de lecture estim\u00e9e":"1 minute"},"schema":{"@context":"https:\/\/schema.org","@graph":[{"@type":"WebPage","@id":"https:\/\/www.bordeaux-citytours.com\/fr\/decouvrez-la-brasserie-maillard\/","url":"https:\/\/www.bordeaux-citytours.com\/fr\/decouvrez-la-brasserie-maillard\/","name":"D\u00e9couvrez la brasserie Maillard - Bordeaux City Tours","isPartOf":{"@id":"https:\/\/www.bordeaux-citytours.com\/fr\/#website"},"primaryImageOfPage":{"@id":"https:\/\/www.bordeaux-citytours.com\/fr\/decouvrez-la-brasserie-maillard\/#primaryimage"},"image":{"@id":"https:\/\/www.bordeaux-citytours.com\/fr\/decouvrez-la-brasserie-maillard\/#primaryimage"},"thumbnailUrl":"https:\/\/www.bordeaux-citytours.com\/wp-content\/uploads\/2023\/03\/my-project-11-4.png","datePublished":"2023-08-16T08:06:40+00:00","description":"Profitez de la brasserie Maillard, avec sa cuisine fran\u00e7aise classique, qui s'accompagne d'une large s\u00e9lection de vins de qualit\u00e9.","breadcrumb":{"@id":"https:\/\/www.bordeaux-citytours.com\/fr\/decouvrez-la-brasserie-maillard\/#breadcrumb"},"inLanguage":"fr-FR","potentialAction":[{"@type":"ReadAction","target":["https:\/\/www.bordeaux-citytours.com\/fr\/decouvrez-la-brasserie-maillard\/"]}]},{"@type":"ImageObject","inLanguage":"fr-FR","@id":"https:\/\/www.bordeaux-citytours.com\/fr\/decouvrez-la-brasserie-maillard\/#primaryimage","url":"https:\/\/www.bordeaux-citytours.com\/wp-content\/uploads\/2023\/03\/my-project-11-4.png","contentUrl":"https:\/\/www.bordeaux-citytours.com\/wp-content\/uploads\/2023\/03\/my-project-11-4.png","width":2048,"height":871,"caption":"brasserie maillard bordeaux"},{"@type":"BreadcrumbList","@id":"https:\/\/www.bordeaux-citytours.com\/fr\/decouvrez-la-brasserie-maillard\/#breadcrumb","itemListElement":[{"@type":"ListItem","position":1,"name":"Accueil","item":"https:\/\/www.bordeaux-citytours.com\/fr\/"},{"@type":"ListItem","position":2,"name":"D\u00e9couvrez la brasserie Maillard"}]},{"@type":"WebSite","@id":"https:\/\/www.bordeaux-citytours.com\/fr\/#website","url":"https:\/\/www.bordeaux-citytours.com\/fr\/","name":"Bordeaux City Tours","description":"","publisher":{"@id":"https:\/\/www.bordeaux-citytours.com\/fr\/#organization"},"potentialAction":[{"@type":"SearchAction","target":{"@type":"EntryPoint","urlTemplate":"https:\/\/www.bordeaux-citytours.com\/fr\/?s={search_term_string}"},"query-input":{"@type":"PropertyValueSpecification","valueRequired":true,"valueName":"search_term_string"}}],"inLanguage":"fr-FR"},{"@type":"Organization","@id":"https:\/\/www.bordeaux-citytours.com\/fr\/#organization","name":"Bordeaux City Tours","url":"https:\/\/www.bordeaux-citytours.com\/fr\/","logo":{"@type":"ImageObject","inLanguage":"fr-FR","@id":"https:\/\/www.bordeaux-citytours.com\/fr\/#\/schema\/logo\/image\/","url":"https:\/\/www.bordeaux-citytours.com\/wp-content\/uploads\/2023\/04\/logo-bordeaux-city-tours-1.png","contentUrl":"https:\/\/www.bordeaux-citytours.com\/wp-content\/uploads\/2023\/04\/logo-bordeaux-city-tours-1.png","width":430,"height":166,"caption":"Bordeaux City Tours"},"image":{"@id":"https:\/\/www.bordeaux-citytours.com\/fr\/#\/schema\/logo\/image\/"},"sameAs":["https:\/\/www.instagram.com\/bordeauxcitytours","https:\/\/www.linkedin.com\/company\/bordeaux-city-tours"]}]}},"_links":{"self":[{"href":"https:\/\/www.bordeaux-citytours.com\/fr\/wp-json\/wp\/v2\/pages\/1060","targetHints":{"allow":["GET"]}}],"collection":[{"href":"https:\/\/www.bordeaux-citytours.com\/fr\/wp-json\/wp\/v2\/pages"}],"about":[{"href":"https:\/\/www.bordeaux-citytours.com\/fr\/wp-json\/wp\/v2\/types\/page"}],"author":[{"embeddable":true,"href":"https:\/\/www.bordeaux-citytours.com\/fr\/wp-json\/wp\/v2\/users\/2"}],"replies":[{"embeddable":true,"href":"https:\/\/www.bordeaux-citytours.com\/fr\/wp-json\/wp\/v2\/comments?post=1060"}],"version-history":[{"count":1,"href":"https:\/\/www.bordeaux-citytours.com\/fr\/wp-json\/wp\/v2\/pages\/1060\/revisions"}],"predecessor-version":[{"id":3578,"href":"https:\/\/www.bordeaux-citytours.com\/fr\/wp-json\/wp\/v2\/pages\/1060\/revisions\/3578"}],"wp:featuredmedia":[{"embeddable":true,"href":"https:\/\/www.bordeaux-citytours.com\/fr\/wp-json\/wp\/v2\/media\/1061"}],"wp:attachment":[{"href":"https:\/\/www.bordeaux-citytours.com\/fr\/wp-json\/wp\/v2\/media?parent=1060"}],"curies":[{"name":"wp","href":"https:\/\/api.w.org\/{rel}","templated":true}]}}