{"id":1026,"date":"2023-04-20T11:47:24","date_gmt":"2023-04-20T09:47:24","guid":{"rendered":"https:\/\/www.bordeaux-citytours.com\/?page_id=1026"},"modified":"2023-04-20T11:47:24","modified_gmt":"2023-04-20T09:47:24","slug":"decouvrez-le-bar-a-cookies-pepite-cookie","status":"publish","type":"page","link":"https:\/\/www.bordeaux-citytours.com\/fr\/decouvrez-le-bar-a-cookies-pepite-cookie\/","title":{"rendered":"D\u00e9couvrez le bar \u00e0 cookies P\u00e9pite Cookie"},"content":{"rendered":"<h1>d\u00e9couvrez Pepite Cookie<\/h1>\n<p>Pepite, propose des cookies faits maison de tr\u00e8s haute qualit\u00e9, croustillants autour et fondants dedans.<br \/>\nConsid\u00e9r\u00e9s comme faisant partie des meilleurs cookies de la ville, Pepite est la pause go\u00fbter obligatoire qui fera le bonheur des plus gourmands. Sans parler de leurs cr\u00e8mes glac\u00e9es 100% artisanales, qui reprennent les parfums de chaque cookie, plaisir assur\u00e9 !<\/p>\n<h3>Adresse et contact<\/h3>\n<p>86 rue de la Porte Dijeaux<br \/>\n33000 Bordeaux<br \/>\n05 56 30 45 51<br \/>\nFacebook : <a href=\"https:\/\/www.facebook.com\/PepiteCookie\/\">@pepitecookie\u00a0<\/a><br \/>\nInstagram : <a href=\"https:\/\/www.instagram.com\/pepite.cookie\/\">@pepite.cookie<\/a><\/p>\n","protected":false},"excerpt":{"rendered":"<p>d\u00e9couvrez Pepite Cookie Pepite, propose des cookies faits maison de tr\u00e8s haute qualit\u00e9, croustillants autour et fondants dedans. Consid\u00e9r\u00e9s comme faisant partie des meilleurs cookies de la ville, Pepite est la pause go\u00fbter obligatoire qui fera le bonheur des plus gourmands. Sans parler de leurs cr\u00e8mes glac\u00e9es 100% artisanales, qui reprennent les parfums de chaque [&hellip;]<\/p>\n","protected":false},"author":2,"featured_media":1040,"parent":0,"menu_order":0,"comment_status":"closed","ping_status":"closed","template":"","meta":{"_acf_changed":false,"footnotes":""},"class_list":["post-1026","page","type-page","status-publish","has-post-thumbnail","hentry"],"acf":[],"yoast_head":"<!-- This site is optimized with the Yoast SEO plugin v26.6 - https:\/\/yoast.com\/wordpress\/plugins\/seo\/ -->\n<title>D\u00e9couvrez le bar \u00e0 cookies P\u00e9pite Cookie - Bordeaux City Tours<\/title>\n<meta name=\"description\" content=\"Envie d&#039;une pause gourmande et sucr\u00e9e ? P\u00e9pite Cookie vous propose ses d\u00e9licieuses recettes de cookies et glaces artisanales !\" \/>\n<meta name=\"robots\" content=\"index, follow, max-snippet:-1, max-image-preview:large, max-video-preview:-1\" \/>\n<link rel=\"canonical\" href=\"https:\/\/www.bordeaux-citytours.com\/fr\/decouvrez-le-bar-a-cookies-pepite-cookie\/\" \/>\n<meta property=\"og:locale\" content=\"fr_FR\" \/>\n<meta property=\"og:type\" content=\"article\" \/>\n<meta property=\"og:title\" content=\"D\u00e9couvrez le bar \u00e0 cookies P\u00e9pite Cookie - Bordeaux City Tours\" \/>\n<meta property=\"og:description\" content=\"Envie d&#039;une pause gourmande et sucr\u00e9e ? P\u00e9pite Cookie vous propose ses d\u00e9licieuses recettes de cookies et glaces artisanales !\" \/>\n<meta property=\"og:url\" content=\"https:\/\/www.bordeaux-citytours.com\/fr\/decouvrez-le-bar-a-cookies-pepite-cookie\/\" \/>\n<meta property=\"og:site_name\" content=\"Bordeaux City Tours\" \/>\n<meta property=\"og:image\" content=\"https:\/\/www.bordeaux-citytours.com\/wp-content\/uploads\/2023\/03\/my-project-11-1-1.png\" \/>\n\t<meta property=\"og:image:width\" content=\"2048\" \/>\n\t<meta property=\"og:image:height\" content=\"871\" \/>\n\t<meta property=\"og:image:type\" content=\"image\/png\" \/>\n<meta name=\"twitter:card\" content=\"summary_large_image\" \/>\n<meta name=\"twitter:label1\" content=\"Dur\u00e9e de lecture estim\u00e9e\" \/>\n\t<meta name=\"twitter:data1\" content=\"1 minute\" \/>\n<script type=\"application\/ld+json\" class=\"yoast-schema-graph\">{\"@context\":\"https:\/\/schema.org\",\"@graph\":[{\"@type\":\"WebPage\",\"@id\":\"https:\/\/www.bordeaux-citytours.com\/fr\/decouvrez-le-bar-a-cookies-pepite-cookie\/\",\"url\":\"https:\/\/www.bordeaux-citytours.com\/fr\/decouvrez-le-bar-a-cookies-pepite-cookie\/\",\"name\":\"D\u00e9couvrez le bar \u00e0 cookies P\u00e9pite Cookie - Bordeaux City Tours\",\"isPartOf\":{\"@id\":\"https:\/\/www.bordeaux-citytours.com\/fr\/#website\"},\"primaryImageOfPage\":{\"@id\":\"https:\/\/www.bordeaux-citytours.com\/fr\/decouvrez-le-bar-a-cookies-pepite-cookie\/#primaryimage\"},\"image\":{\"@id\":\"https:\/\/www.bordeaux-citytours.com\/fr\/decouvrez-le-bar-a-cookies-pepite-cookie\/#primaryimage\"},\"thumbnailUrl\":\"https:\/\/www.bordeaux-citytours.com\/wp-content\/uploads\/2023\/03\/my-project-11-1-1.png\",\"datePublished\":\"2023-04-20T09:47:24+00:00\",\"description\":\"Envie d'une pause gourmande et sucr\u00e9e ? P\u00e9pite Cookie vous propose ses d\u00e9licieuses recettes de cookies et glaces artisanales !\",\"breadcrumb\":{\"@id\":\"https:\/\/www.bordeaux-citytours.com\/fr\/decouvrez-le-bar-a-cookies-pepite-cookie\/#breadcrumb\"},\"inLanguage\":\"fr-FR\",\"potentialAction\":[{\"@type\":\"ReadAction\",\"target\":[\"https:\/\/www.bordeaux-citytours.com\/fr\/decouvrez-le-bar-a-cookies-pepite-cookie\/\"]}]},{\"@type\":\"ImageObject\",\"inLanguage\":\"fr-FR\",\"@id\":\"https:\/\/www.bordeaux-citytours.com\/fr\/decouvrez-le-bar-a-cookies-pepite-cookie\/#primaryimage\",\"url\":\"https:\/\/www.bordeaux-citytours.com\/wp-content\/uploads\/2023\/03\/my-project-11-1-1.png\",\"contentUrl\":\"https:\/\/www.bordeaux-citytours.com\/wp-content\/uploads\/2023\/03\/my-project-11-1-1.png\",\"width\":2048,\"height\":871,\"caption\":\"bar \u00e0 cookie p\u00e9pite\"},{\"@type\":\"BreadcrumbList\",\"@id\":\"https:\/\/www.bordeaux-citytours.com\/fr\/decouvrez-le-bar-a-cookies-pepite-cookie\/#breadcrumb\",\"itemListElement\":[{\"@type\":\"ListItem\",\"position\":1,\"name\":\"Accueil\",\"item\":\"https:\/\/www.bordeaux-citytours.com\/fr\/\"},{\"@type\":\"ListItem\",\"position\":2,\"name\":\"D\u00e9couvrez le bar \u00e0 cookies P\u00e9pite Cookie\"}]},{\"@type\":\"WebSite\",\"@id\":\"https:\/\/www.bordeaux-citytours.com\/fr\/#website\",\"url\":\"https:\/\/www.bordeaux-citytours.com\/fr\/\",\"name\":\"Bordeaux City Tours\",\"description\":\"\",\"publisher\":{\"@id\":\"https:\/\/www.bordeaux-citytours.com\/fr\/#organization\"},\"potentialAction\":[{\"@type\":\"SearchAction\",\"target\":{\"@type\":\"EntryPoint\",\"urlTemplate\":\"https:\/\/www.bordeaux-citytours.com\/fr\/?s={search_term_string}\"},\"query-input\":{\"@type\":\"PropertyValueSpecification\",\"valueRequired\":true,\"valueName\":\"search_term_string\"}}],\"inLanguage\":\"fr-FR\"},{\"@type\":\"Organization\",\"@id\":\"https:\/\/www.bordeaux-citytours.com\/fr\/#organization\",\"name\":\"Bordeaux City Tours\",\"url\":\"https:\/\/www.bordeaux-citytours.com\/fr\/\",\"logo\":{\"@type\":\"ImageObject\",\"inLanguage\":\"fr-FR\",\"@id\":\"https:\/\/www.bordeaux-citytours.com\/fr\/#\/schema\/logo\/image\/\",\"url\":\"https:\/\/www.bordeaux-citytours.com\/wp-content\/uploads\/2023\/04\/logo-bordeaux-city-tours-1.png\",\"contentUrl\":\"https:\/\/www.bordeaux-citytours.com\/wp-content\/uploads\/2023\/04\/logo-bordeaux-city-tours-1.png\",\"width\":430,\"height\":166,\"caption\":\"Bordeaux City Tours\"},\"image\":{\"@id\":\"https:\/\/www.bordeaux-citytours.com\/fr\/#\/schema\/logo\/image\/\"},\"sameAs\":[\"https:\/\/www.instagram.com\/bordeauxcitytours\",\"https:\/\/www.linkedin.com\/company\/bordeaux-city-tours\"]}]}<\/script>\n<!-- \/ Yoast SEO plugin. -->","yoast_head_json":{"title":"D\u00e9couvrez le bar \u00e0 cookies P\u00e9pite Cookie - Bordeaux City Tours","description":"Envie d'une pause gourmande et sucr\u00e9e ? P\u00e9pite Cookie vous propose ses d\u00e9licieuses recettes de cookies et glaces artisanales !","robots":{"index":"index","follow":"follow","max-snippet":"max-snippet:-1","max-image-preview":"max-image-preview:large","max-video-preview":"max-video-preview:-1"},"canonical":"https:\/\/www.bordeaux-citytours.com\/fr\/decouvrez-le-bar-a-cookies-pepite-cookie\/","og_locale":"fr_FR","og_type":"article","og_title":"D\u00e9couvrez le bar \u00e0 cookies P\u00e9pite Cookie - Bordeaux City Tours","og_description":"Envie d'une pause gourmande et sucr\u00e9e ? P\u00e9pite Cookie vous propose ses d\u00e9licieuses recettes de cookies et glaces artisanales !","og_url":"https:\/\/www.bordeaux-citytours.com\/fr\/decouvrez-le-bar-a-cookies-pepite-cookie\/","og_site_name":"Bordeaux City Tours","og_image":[{"width":2048,"height":871,"url":"https:\/\/www.bordeaux-citytours.com\/wp-content\/uploads\/2023\/03\/my-project-11-1-1.png","type":"image\/png"}],"twitter_card":"summary_large_image","twitter_misc":{"Dur\u00e9e de lecture estim\u00e9e":"1 minute"},"schema":{"@context":"https:\/\/schema.org","@graph":[{"@type":"WebPage","@id":"https:\/\/www.bordeaux-citytours.com\/fr\/decouvrez-le-bar-a-cookies-pepite-cookie\/","url":"https:\/\/www.bordeaux-citytours.com\/fr\/decouvrez-le-bar-a-cookies-pepite-cookie\/","name":"D\u00e9couvrez le bar \u00e0 cookies P\u00e9pite Cookie - Bordeaux City Tours","isPartOf":{"@id":"https:\/\/www.bordeaux-citytours.com\/fr\/#website"},"primaryImageOfPage":{"@id":"https:\/\/www.bordeaux-citytours.com\/fr\/decouvrez-le-bar-a-cookies-pepite-cookie\/#primaryimage"},"image":{"@id":"https:\/\/www.bordeaux-citytours.com\/fr\/decouvrez-le-bar-a-cookies-pepite-cookie\/#primaryimage"},"thumbnailUrl":"https:\/\/www.bordeaux-citytours.com\/wp-content\/uploads\/2023\/03\/my-project-11-1-1.png","datePublished":"2023-04-20T09:47:24+00:00","description":"Envie d'une pause gourmande et sucr\u00e9e ? P\u00e9pite Cookie vous propose ses d\u00e9licieuses recettes de cookies et glaces artisanales !","breadcrumb":{"@id":"https:\/\/www.bordeaux-citytours.com\/fr\/decouvrez-le-bar-a-cookies-pepite-cookie\/#breadcrumb"},"inLanguage":"fr-FR","potentialAction":[{"@type":"ReadAction","target":["https:\/\/www.bordeaux-citytours.com\/fr\/decouvrez-le-bar-a-cookies-pepite-cookie\/"]}]},{"@type":"ImageObject","inLanguage":"fr-FR","@id":"https:\/\/www.bordeaux-citytours.com\/fr\/decouvrez-le-bar-a-cookies-pepite-cookie\/#primaryimage","url":"https:\/\/www.bordeaux-citytours.com\/wp-content\/uploads\/2023\/03\/my-project-11-1-1.png","contentUrl":"https:\/\/www.bordeaux-citytours.com\/wp-content\/uploads\/2023\/03\/my-project-11-1-1.png","width":2048,"height":871,"caption":"bar \u00e0 cookie p\u00e9pite"},{"@type":"BreadcrumbList","@id":"https:\/\/www.bordeaux-citytours.com\/fr\/decouvrez-le-bar-a-cookies-pepite-cookie\/#breadcrumb","itemListElement":[{"@type":"ListItem","position":1,"name":"Accueil","item":"https:\/\/www.bordeaux-citytours.com\/fr\/"},{"@type":"ListItem","position":2,"name":"D\u00e9couvrez le bar \u00e0 cookies P\u00e9pite Cookie"}]},{"@type":"WebSite","@id":"https:\/\/www.bordeaux-citytours.com\/fr\/#website","url":"https:\/\/www.bordeaux-citytours.com\/fr\/","name":"Bordeaux City Tours","description":"","publisher":{"@id":"https:\/\/www.bordeaux-citytours.com\/fr\/#organization"},"potentialAction":[{"@type":"SearchAction","target":{"@type":"EntryPoint","urlTemplate":"https:\/\/www.bordeaux-citytours.com\/fr\/?s={search_term_string}"},"query-input":{"@type":"PropertyValueSpecification","valueRequired":true,"valueName":"search_term_string"}}],"inLanguage":"fr-FR"},{"@type":"Organization","@id":"https:\/\/www.bordeaux-citytours.com\/fr\/#organization","name":"Bordeaux City Tours","url":"https:\/\/www.bordeaux-citytours.com\/fr\/","logo":{"@type":"ImageObject","inLanguage":"fr-FR","@id":"https:\/\/www.bordeaux-citytours.com\/fr\/#\/schema\/logo\/image\/","url":"https:\/\/www.bordeaux-citytours.com\/wp-content\/uploads\/2023\/04\/logo-bordeaux-city-tours-1.png","contentUrl":"https:\/\/www.bordeaux-citytours.com\/wp-content\/uploads\/2023\/04\/logo-bordeaux-city-tours-1.png","width":430,"height":166,"caption":"Bordeaux City Tours"},"image":{"@id":"https:\/\/www.bordeaux-citytours.com\/fr\/#\/schema\/logo\/image\/"},"sameAs":["https:\/\/www.instagram.com\/bordeauxcitytours","https:\/\/www.linkedin.com\/company\/bordeaux-city-tours"]}]}},"_links":{"self":[{"href":"https:\/\/www.bordeaux-citytours.com\/fr\/wp-json\/wp\/v2\/pages\/1026","targetHints":{"allow":["GET"]}}],"collection":[{"href":"https:\/\/www.bordeaux-citytours.com\/fr\/wp-json\/wp\/v2\/pages"}],"about":[{"href":"https:\/\/www.bordeaux-citytours.com\/fr\/wp-json\/wp\/v2\/types\/page"}],"author":[{"embeddable":true,"href":"https:\/\/www.bordeaux-citytours.com\/fr\/wp-json\/wp\/v2\/users\/2"}],"replies":[{"embeddable":true,"href":"https:\/\/www.bordeaux-citytours.com\/fr\/wp-json\/wp\/v2\/comments?post=1026"}],"version-history":[{"count":0,"href":"https:\/\/www.bordeaux-citytours.com\/fr\/wp-json\/wp\/v2\/pages\/1026\/revisions"}],"wp:featuredmedia":[{"embeddable":true,"href":"https:\/\/www.bordeaux-citytours.com\/fr\/wp-json\/wp\/v2\/media\/1040"}],"wp:attachment":[{"href":"https:\/\/www.bordeaux-citytours.com\/fr\/wp-json\/wp\/v2\/media?parent=1026"}],"curies":[{"name":"wp","href":"https:\/\/api.w.org\/{rel}","templated":true}]}}